{"id":9536,"date":"2020-02-01T11:55:34","date_gmt":"2020-02-01T11:55:34","guid":{"rendered":"https:\/\/www.dombowties.com\/?post_type=product&#038;p=9536"},"modified":"2024-06-24T10:48:33","modified_gmt":"2024-06-24T10:48:33","slug":"peteliske-varlyte-inkarai","status":"publish","type":"product","link":"https:\/\/www.dombowties.com\/en\/product\/peteliske-varlyte-inkarai\/","title":{"rendered":"Peteli\u0161k\u0117 | varlyt\u0117 | melsva su inkarais"},"content":{"rendered":"","protected":false},"excerpt":{"rendered":"<p>I\u0161skirtin\u0117, kruop\u0161\u010diai pasi\u016bta rank\u0173 darbo peteli\u0161k\u0117.<\/p>\n<p><strong>Sud\u0117tis<\/strong>: medviln\u0117<\/p>\n<p><strong>Tipas:<\/strong>\u00a0paruo\u0161ta d\u0117v\u0117ti<\/p>\n<p><strong><span data-reactid=\".dv.$mid=11416820957889=253b78ddb9aabe75e08.2:0.0.0.0.0.0.$end:0:$24:0\">U\u017esegimas:\u00a0<\/span><\/strong><span data-reactid=\".dv.$mid=11416820957889=253b78ddb9aabe75e08.2:0.0.0.0.0.0.$end:0:$28:0\">Juostel\u0117 su metaliniu kabliuku ir reguliatoriumi.\u00a0<\/span><span data-reactid=\".dv.$mid=11416820957889=253b78ddb9aabe75e08.2:0.0.0.0.0.0.$end:0:$32:0\">Tinka bet kokios apimties kaklui. Pirm\u0105 kart\u0105 sureguliavus, kitus kartus teliks u\u017esisegti.<\/span><\/p>","protected":false},"featured_media":12794,"template":"","meta":[],"product_brand":[],"product_cat":[145],"product_tag":[531,498,19,21,499,447,113,493,1243],"class_list":{"0":"post-9536","1":"product","2":"type-product","3":"status-publish","4":"has-post-thumbnail","6":"product_cat-zaismingos","7":"product_tag-aksesuarai-vyrams","8":"product_tag-aksesuras-prie-marskiniu","9":"product_tag-dombowties","10":"product_tag-dovana-vyrui","11":"product_tag-elegantiska-puosmena","12":"product_tag-gera-dovana","13":"product_tag-inkarai","14":"product_tag-isskirtinis-aksesuaras-vyrui","15":"product_tag-melsva-varlyte","17":"first","18":"instock","19":"taxable","20":"shipping-taxable","21":"purchasable","22":"product-type-simple"},"yoast_head":"<!-- This site is optimized with the Yoast SEO plugin v25.5 - https:\/\/yoast.com\/wordpress\/plugins\/seo\/ -->\n<title>Peteli\u0161k\u0117 | varlyt\u0117 | melsva su inkarais - Peteli&scaron;ki\u0173 namai | Dom Bow Ties<\/title>\n<meta name=\"robots\" content=\"index, follow, max-snippet:-1, max-image-preview:large, max-video-preview:-1\" \/>\n<link rel=\"canonical\" href=\"https:\/\/www.dombowties.com\/en\/product\/peteliske-varlyte-inkarai\/\" \/>\n<meta property=\"og:locale\" content=\"en_US\" \/>\n<meta property=\"og:type\" content=\"article\" \/>\n<meta property=\"og:title\" content=\"Peteli\u0161k\u0117 | varlyt\u0117 | melsva su inkarais - Peteli&scaron;ki\u0173 namai | Dom Bow Ties\" \/>\n<meta property=\"og:description\" content=\"I\u0161skirtin\u0117, kruop\u0161\u010diai pasi\u016bta rank\u0173 darbo peteli\u0161k\u0117.  Sud\u0117tis: medviln\u0117  Tipas:\u00a0paruo\u0161ta d\u0117v\u0117ti  U\u017esegimas:\u00a0Juostel\u0117 su metaliniu kabliuku ir reguliatoriumi.\u00a0Tinka bet kokios apimties kaklui. Pirm\u0105 kart\u0105 sureguliavus, kitus kartus teliks u\u017esisegti.\" \/>\n<meta property=\"og:url\" content=\"https:\/\/www.dombowties.com\/en\/product\/peteliske-varlyte-inkarai\/\" \/>\n<meta property=\"og:site_name\" content=\"Peteli&scaron;ki\u0173 namai | Dom Bow Ties\" \/>\n<meta property=\"article:modified_time\" content=\"2024-06-24T10:48:33+00:00\" \/>\n<meta property=\"og:image\" content=\"https:\/\/www.dombowties.com\/wp-content\/uploads\/2020\/02\/8312B2EC-2F0D-4401-A08B-C495D9916805.jpeg\" \/>\n\t<meta property=\"og:image:width\" content=\"640\" \/>\n\t<meta property=\"og:image:height\" content=\"480\" \/>\n\t<meta property=\"og:image:type\" content=\"image\/jpeg\" \/>\n<meta name=\"twitter:card\" content=\"summary_large_image\" \/>\n<script type=\"application\/ld+json\" class=\"yoast-schema-graph\">{\"@context\":\"https:\/\/schema.org\",\"@graph\":[{\"@type\":\"WebPage\",\"@id\":\"https:\/\/www.dombowties.com\/produktas\/peteliske-varlyte-inkarai\/\",\"url\":\"https:\/\/www.dombowties.com\/produktas\/peteliske-varlyte-inkarai\/\",\"name\":\"Peteli\u0161k\u0117 | varlyt\u0117 | melsva su inkarais - Peteli&scaron;ki\u0173 namai | Dom Bow Ties\",\"isPartOf\":{\"@id\":\"https:\/\/www.dombowties.com\/#website\"},\"primaryImageOfPage\":{\"@id\":\"https:\/\/www.dombowties.com\/produktas\/peteliske-varlyte-inkarai\/#primaryimage\"},\"image\":{\"@id\":\"https:\/\/www.dombowties.com\/produktas\/peteliske-varlyte-inkarai\/#primaryimage\"},\"thumbnailUrl\":\"https:\/\/www.dombowties.com\/wp-content\/uploads\/2020\/02\/8312B2EC-2F0D-4401-A08B-C495D9916805.jpeg\",\"datePublished\":\"2020-02-01T11:55:34+00:00\",\"dateModified\":\"2024-06-24T10:48:33+00:00\",\"breadcrumb\":{\"@id\":\"https:\/\/www.dombowties.com\/produktas\/peteliske-varlyte-inkarai\/#breadcrumb\"},\"inLanguage\":\"en-US\",\"potentialAction\":[{\"@type\":\"ReadAction\",\"target\":[\"https:\/\/www.dombowties.com\/produktas\/peteliske-varlyte-inkarai\/\"]}]},{\"@type\":\"ImageObject\",\"inLanguage\":\"en-US\",\"@id\":\"https:\/\/www.dombowties.com\/produktas\/peteliske-varlyte-inkarai\/#primaryimage\",\"url\":\"https:\/\/www.dombowties.com\/wp-content\/uploads\/2020\/02\/8312B2EC-2F0D-4401-A08B-C495D9916805.jpeg\",\"contentUrl\":\"https:\/\/www.dombowties.com\/wp-content\/uploads\/2020\/02\/8312B2EC-2F0D-4401-A08B-C495D9916805.jpeg\",\"width\":640,\"height\":480},{\"@type\":\"BreadcrumbList\",\"@id\":\"https:\/\/www.dombowties.com\/produktas\/peteliske-varlyte-inkarai\/#breadcrumb\",\"itemListElement\":[{\"@type\":\"ListItem\",\"position\":1,\"name\":\"Home\",\"item\":\"https:\/\/www.dombowties.com\/\"},{\"@type\":\"ListItem\",\"position\":2,\"name\":\"Parduotuv\u0117\",\"item\":\"https:\/\/www.dombowties.com\/parduotuve\/\"},{\"@type\":\"ListItem\",\"position\":3,\"name\":\"Peteli\u0161k\u0117 | varlyt\u0117 | melsva su inkarais\"}]},{\"@type\":\"WebSite\",\"@id\":\"https:\/\/www.dombowties.com\/#website\",\"url\":\"https:\/\/www.dombowties.com\/\",\"name\":\"Peteli&scaron;ki\u0173 namai | Dom Bow Ties\",\"description\":\"Vyri&scaron;k\u0173 peteli&scaron;ki\u0173, s\u0105sag\u0173, kaklarai&scaron;\u010di\u0173 ir kit\u0173 vyri&scaron;k\u0173 aksesuar\u0173 parduotuv\u0117\",\"publisher\":{\"@id\":\"https:\/\/www.dombowties.com\/#organization\"},\"potentialAction\":[{\"@type\":\"SearchAction\",\"target\":{\"@type\":\"EntryPoint\",\"urlTemplate\":\"https:\/\/www.dombowties.com\/?s={search_term_string}\"},\"query-input\":{\"@type\":\"PropertyValueSpecification\",\"valueRequired\":true,\"valueName\":\"search_term_string\"}}],\"inLanguage\":\"en-US\"},{\"@type\":\"Organization\",\"@id\":\"https:\/\/www.dombowties.com\/#organization\",\"name\":\"Peteli\u0161ki\u0173 namai | Dom Bow Ties\",\"url\":\"https:\/\/www.dombowties.com\/\",\"logo\":{\"@type\":\"ImageObject\",\"inLanguage\":\"en-US\",\"@id\":\"https:\/\/www.dombowties.com\/#\/schema\/logo\/image\/\",\"url\":\"https:\/\/www.dombowties.com\/wp-content\/uploads\/2021\/06\/rsz_39154859_517797185342198_1243346040954814464_n.png\",\"contentUrl\":\"https:\/\/www.dombowties.com\/wp-content\/uploads\/2021\/06\/rsz_39154859_517797185342198_1243346040954814464_n.png\",\"width\":200,\"height\":56,\"caption\":\"Peteli\u0161ki\u0173 namai | Dom Bow Ties\"},\"image\":{\"@id\":\"https:\/\/www.dombowties.com\/#\/schema\/logo\/image\/\"}}]}<\/script>\n<!-- \/ Yoast SEO plugin. -->","yoast_head_json":{"title":"Peteli\u0161k\u0117 | varlyt\u0117 | melsva su inkarais - Peteli&scaron;ki\u0173 namai | Dom Bow Ties","robots":{"index":"index","follow":"follow","max-snippet":"max-snippet:-1","max-image-preview":"max-image-preview:large","max-video-preview":"max-video-preview:-1"},"canonical":"https:\/\/www.dombowties.com\/en\/product\/peteliske-varlyte-inkarai\/","og_locale":"en_US","og_type":"article","og_title":"Peteli\u0161k\u0117 | varlyt\u0117 | melsva su inkarais - Peteli&scaron;ki\u0173 namai | Dom Bow Ties","og_description":"I\u0161skirtin\u0117, kruop\u0161\u010diai pasi\u016bta rank\u0173 darbo peteli\u0161k\u0117.  Sud\u0117tis: medviln\u0117  Tipas:\u00a0paruo\u0161ta d\u0117v\u0117ti  U\u017esegimas:\u00a0Juostel\u0117 su metaliniu kabliuku ir reguliatoriumi.\u00a0Tinka bet kokios apimties kaklui. Pirm\u0105 kart\u0105 sureguliavus, kitus kartus teliks u\u017esisegti.","og_url":"https:\/\/www.dombowties.com\/en\/product\/peteliske-varlyte-inkarai\/","og_site_name":"Peteli&scaron;ki\u0173 namai | Dom Bow Ties","article_modified_time":"2024-06-24T10:48:33+00:00","og_image":[{"width":640,"height":480,"url":"https:\/\/www.dombowties.com\/wp-content\/uploads\/2020\/02\/8312B2EC-2F0D-4401-A08B-C495D9916805.jpeg","type":"image\/jpeg"}],"twitter_card":"summary_large_image","schema":{"@context":"https:\/\/schema.org","@graph":[{"@type":"WebPage","@id":"https:\/\/www.dombowties.com\/produktas\/peteliske-varlyte-inkarai\/","url":"https:\/\/www.dombowties.com\/produktas\/peteliske-varlyte-inkarai\/","name":"Peteli\u0161k\u0117 | varlyt\u0117 | melsva su inkarais - Peteli&scaron;ki\u0173 namai | Dom Bow Ties","isPartOf":{"@id":"https:\/\/www.dombowties.com\/#website"},"primaryImageOfPage":{"@id":"https:\/\/www.dombowties.com\/produktas\/peteliske-varlyte-inkarai\/#primaryimage"},"image":{"@id":"https:\/\/www.dombowties.com\/produktas\/peteliske-varlyte-inkarai\/#primaryimage"},"thumbnailUrl":"https:\/\/www.dombowties.com\/wp-content\/uploads\/2020\/02\/8312B2EC-2F0D-4401-A08B-C495D9916805.jpeg","datePublished":"2020-02-01T11:55:34+00:00","dateModified":"2024-06-24T10:48:33+00:00","breadcrumb":{"@id":"https:\/\/www.dombowties.com\/produktas\/peteliske-varlyte-inkarai\/#breadcrumb"},"inLanguage":"en-US","potentialAction":[{"@type":"ReadAction","target":["https:\/\/www.dombowties.com\/produktas\/peteliske-varlyte-inkarai\/"]}]},{"@type":"ImageObject","inLanguage":"en-US","@id":"https:\/\/www.dombowties.com\/produktas\/peteliske-varlyte-inkarai\/#primaryimage","url":"https:\/\/www.dombowties.com\/wp-content\/uploads\/2020\/02\/8312B2EC-2F0D-4401-A08B-C495D9916805.jpeg","contentUrl":"https:\/\/www.dombowties.com\/wp-content\/uploads\/2020\/02\/8312B2EC-2F0D-4401-A08B-C495D9916805.jpeg","width":640,"height":480},{"@type":"BreadcrumbList","@id":"https:\/\/www.dombowties.com\/produktas\/peteliske-varlyte-inkarai\/#breadcrumb","itemListElement":[{"@type":"ListItem","position":1,"name":"Home","item":"https:\/\/www.dombowties.com\/"},{"@type":"ListItem","position":2,"name":"Parduotuv\u0117","item":"https:\/\/www.dombowties.com\/parduotuve\/"},{"@type":"ListItem","position":3,"name":"Peteli\u0161k\u0117 | varlyt\u0117 | melsva su inkarais"}]},{"@type":"WebSite","@id":"https:\/\/www.dombowties.com\/#website","url":"https:\/\/www.dombowties.com\/","name":"Peteli&scaron;ki\u0173 namai | Dom Bow Ties","description":"Vyri&scaron;k\u0173 peteli&scaron;ki\u0173, s\u0105sag\u0173, kaklarai&scaron;\u010di\u0173 ir kit\u0173 vyri&scaron;k\u0173 aksesuar\u0173 parduotuv\u0117","publisher":{"@id":"https:\/\/www.dombowties.com\/#organization"},"potentialAction":[{"@type":"SearchAction","target":{"@type":"EntryPoint","urlTemplate":"https:\/\/www.dombowties.com\/?s={search_term_string}"},"query-input":{"@type":"PropertyValueSpecification","valueRequired":true,"valueName":"search_term_string"}}],"inLanguage":"en-US"},{"@type":"Organization","@id":"https:\/\/www.dombowties.com\/#organization","name":"Peteli\u0161ki\u0173 namai | Dom Bow Ties","url":"https:\/\/www.dombowties.com\/","logo":{"@type":"ImageObject","inLanguage":"en-US","@id":"https:\/\/www.dombowties.com\/#\/schema\/logo\/image\/","url":"https:\/\/www.dombowties.com\/wp-content\/uploads\/2021\/06\/rsz_39154859_517797185342198_1243346040954814464_n.png","contentUrl":"https:\/\/www.dombowties.com\/wp-content\/uploads\/2021\/06\/rsz_39154859_517797185342198_1243346040954814464_n.png","width":200,"height":56,"caption":"Peteli\u0161ki\u0173 namai | Dom Bow Ties"},"image":{"@id":"https:\/\/www.dombowties.com\/#\/schema\/logo\/image\/"}}]}},"_links":{"self":[{"href":"https:\/\/www.dombowties.com\/en\/wp-json\/wp\/v2\/product\/9536","targetHints":{"allow":["GET"]}}],"collection":[{"href":"https:\/\/www.dombowties.com\/en\/wp-json\/wp\/v2\/product"}],"about":[{"href":"https:\/\/www.dombowties.com\/en\/wp-json\/wp\/v2\/types\/product"}],"wp:featuredmedia":[{"embeddable":true,"href":"https:\/\/www.dombowties.com\/en\/wp-json\/wp\/v2\/media\/12794"}],"wp:attachment":[{"href":"https:\/\/www.dombowties.com\/en\/wp-json\/wp\/v2\/media?parent=9536"}],"wp:term":[{"taxonomy":"product_brand","embeddable":true,"href":"https:\/\/www.dombowties.com\/en\/wp-json\/wp\/v2\/product_brand?post=9536"},{"taxonomy":"product_cat","embeddable":true,"href":"https:\/\/www.dombowties.com\/en\/wp-json\/wp\/v2\/product_cat?post=9536"},{"taxonomy":"product_tag","embeddable":true,"href":"https:\/\/www.dombowties.com\/en\/wp-json\/wp\/v2\/product_tag?post=9536"}],"curies":[{"name":"wp","href":"https:\/\/api.w.org\/{rel}","templated":true}]}}