{"id":9297,"date":"2020-01-25T11:22:00","date_gmt":"2020-01-25T11:22:00","guid":{"rendered":"https:\/\/www.dombowties.com\/?post_type=product&#038;p=9297"},"modified":"2026-01-24T10:32:18","modified_gmt":"2026-01-24T10:32:18","slug":"surisama-vysnine-medvilnine","status":"publish","type":"product","link":"https:\/\/www.dombowties.com\/en\/product\/surisama-vysnine-medvilnine\/","title":{"rendered":"Suri\u0161ama vy\u0161nini\u0173 atspalvi\u0173 medvilnin\u0117 peteli\u0161k\u0117"},"content":{"rendered":"","protected":false},"excerpt":{"rendered":"<p>Peteli\u0161k\u0119 galima vis perri\u0161ti i\u0161 naujo arba ne\u0161ioti toki\u0105, koki\u0105 matote d\u0117\u017eut\u0117je, nes gale yra galimyb\u0117 atsegti ir reguliuoti juostel\u0119.<\/p>\n<p><strong>Sud\u0117tis<\/strong>: medviln\u0117<\/p>\n<p><strong>Tipas:<\/strong> suri\u0161ama<\/p>","protected":false},"featured_media":12609,"template":"","meta":[],"product_brand":[],"product_cat":[1192],"product_tag":[170],"class_list":{"0":"post-9297","1":"product","2":"type-product","3":"status-publish","4":"has-post-thumbnail","6":"product_cat-tiesiai-is-vitrinos","7":"product_tag-surisama-peteliske","9":"first","10":"instock","11":"taxable","12":"shipping-taxable","13":"purchasable","14":"product-type-simple"},"yoast_head":"<!-- This site is optimized with the Yoast SEO plugin v25.5 - https:\/\/yoast.com\/wordpress\/plugins\/seo\/ -->\n<title>Suri\u0161ama vy\u0161nini\u0173 atspalvi\u0173 medvilnin\u0117 peteli\u0161k\u0117 - Peteli&scaron;ki\u0173 namai | Dom Bow Ties<\/title>\n<meta name=\"robots\" content=\"index, follow, max-snippet:-1, max-image-preview:large, max-video-preview:-1\" \/>\n<link rel=\"canonical\" href=\"https:\/\/www.dombowties.com\/en\/product\/surisama-vysnine-medvilnine\/\" \/>\n<meta property=\"og:locale\" content=\"en_US\" \/>\n<meta property=\"og:type\" content=\"article\" \/>\n<meta property=\"og:title\" content=\"Suri\u0161ama vy\u0161nini\u0173 atspalvi\u0173 medvilnin\u0117 peteli\u0161k\u0117 - Peteli&scaron;ki\u0173 namai | Dom Bow Ties\" \/>\n<meta property=\"og:description\" content=\"Peteli\u0161k\u0119 galima vis perri\u0161ti i\u0161 naujo arba ne\u0161ioti toki\u0105, koki\u0105 matote d\u0117\u017eut\u0117je, nes gale yra galimyb\u0117 atsegti ir reguliuoti juostel\u0119.  Sud\u0117tis: medviln\u0117  Tipas: suri\u0161ama\" \/>\n<meta property=\"og:url\" content=\"https:\/\/www.dombowties.com\/en\/product\/surisama-vysnine-medvilnine\/\" \/>\n<meta property=\"og:site_name\" content=\"Peteli&scaron;ki\u0173 namai | Dom Bow Ties\" \/>\n<meta property=\"article:modified_time\" content=\"2026-01-24T10:32:18+00:00\" \/>\n<meta property=\"og:image\" content=\"https:\/\/www.dombowties.com\/wp-content\/uploads\/2020\/01\/DB01C966-B31D-4B77-87E0-3FA44D908612.jpeg\" \/>\n\t<meta property=\"og:image:width\" content=\"640\" \/>\n\t<meta property=\"og:image:height\" content=\"588\" \/>\n\t<meta property=\"og:image:type\" content=\"image\/jpeg\" \/>\n<meta name=\"twitter:card\" content=\"summary_large_image\" \/>\n<meta name=\"twitter:label1\" content=\"Est. reading time\" \/>\n\t<meta name=\"twitter:data1\" content=\"1 minute\" \/>\n<script type=\"application\/ld+json\" class=\"yoast-schema-graph\">{\"@context\":\"https:\/\/schema.org\",\"@graph\":[{\"@type\":\"WebPage\",\"@id\":\"https:\/\/www.dombowties.com\/produktas\/surisama-vysnine-medvilnine\/\",\"url\":\"https:\/\/www.dombowties.com\/produktas\/surisama-vysnine-medvilnine\/\",\"name\":\"Suri\u0161ama vy\u0161nini\u0173 atspalvi\u0173 medvilnin\u0117 peteli\u0161k\u0117 - Peteli&scaron;ki\u0173 namai | Dom Bow Ties\",\"isPartOf\":{\"@id\":\"https:\/\/www.dombowties.com\/#website\"},\"primaryImageOfPage\":{\"@id\":\"https:\/\/www.dombowties.com\/produktas\/surisama-vysnine-medvilnine\/#primaryimage\"},\"image\":{\"@id\":\"https:\/\/www.dombowties.com\/produktas\/surisama-vysnine-medvilnine\/#primaryimage\"},\"thumbnailUrl\":\"https:\/\/www.dombowties.com\/wp-content\/uploads\/2020\/01\/DB01C966-B31D-4B77-87E0-3FA44D908612.jpeg\",\"datePublished\":\"2020-01-25T11:22:00+00:00\",\"dateModified\":\"2026-01-24T10:32:18+00:00\",\"breadcrumb\":{\"@id\":\"https:\/\/www.dombowties.com\/produktas\/surisama-vysnine-medvilnine\/#breadcrumb\"},\"inLanguage\":\"en-US\",\"potentialAction\":[{\"@type\":\"ReadAction\",\"target\":[\"https:\/\/www.dombowties.com\/produktas\/surisama-vysnine-medvilnine\/\"]}]},{\"@type\":\"ImageObject\",\"inLanguage\":\"en-US\",\"@id\":\"https:\/\/www.dombowties.com\/produktas\/surisama-vysnine-medvilnine\/#primaryimage\",\"url\":\"https:\/\/www.dombowties.com\/wp-content\/uploads\/2020\/01\/DB01C966-B31D-4B77-87E0-3FA44D908612.jpeg\",\"contentUrl\":\"https:\/\/www.dombowties.com\/wp-content\/uploads\/2020\/01\/DB01C966-B31D-4B77-87E0-3FA44D908612.jpeg\",\"width\":640,\"height\":588},{\"@type\":\"BreadcrumbList\",\"@id\":\"https:\/\/www.dombowties.com\/produktas\/surisama-vysnine-medvilnine\/#breadcrumb\",\"itemListElement\":[{\"@type\":\"ListItem\",\"position\":1,\"name\":\"Home\",\"item\":\"https:\/\/www.dombowties.com\/\"},{\"@type\":\"ListItem\",\"position\":2,\"name\":\"Parduotuv\u0117\",\"item\":\"https:\/\/www.dombowties.com\/parduotuve\/\"},{\"@type\":\"ListItem\",\"position\":3,\"name\":\"Suri\u0161ama vy\u0161nini\u0173 atspalvi\u0173 medvilnin\u0117 peteli\u0161k\u0117\"}]},{\"@type\":\"WebSite\",\"@id\":\"https:\/\/www.dombowties.com\/#website\",\"url\":\"https:\/\/www.dombowties.com\/\",\"name\":\"Peteli&scaron;ki\u0173 namai | Dom Bow Ties\",\"description\":\"Vyri&scaron;k\u0173 peteli&scaron;ki\u0173, s\u0105sag\u0173, kaklarai&scaron;\u010di\u0173 ir kit\u0173 vyri&scaron;k\u0173 aksesuar\u0173 parduotuv\u0117\",\"publisher\":{\"@id\":\"https:\/\/www.dombowties.com\/#organization\"},\"potentialAction\":[{\"@type\":\"SearchAction\",\"target\":{\"@type\":\"EntryPoint\",\"urlTemplate\":\"https:\/\/www.dombowties.com\/?s={search_term_string}\"},\"query-input\":{\"@type\":\"PropertyValueSpecification\",\"valueRequired\":true,\"valueName\":\"search_term_string\"}}],\"inLanguage\":\"en-US\"},{\"@type\":\"Organization\",\"@id\":\"https:\/\/www.dombowties.com\/#organization\",\"name\":\"Peteli\u0161ki\u0173 namai | Dom Bow Ties\",\"url\":\"https:\/\/www.dombowties.com\/\",\"logo\":{\"@type\":\"ImageObject\",\"inLanguage\":\"en-US\",\"@id\":\"https:\/\/www.dombowties.com\/#\/schema\/logo\/image\/\",\"url\":\"https:\/\/www.dombowties.com\/wp-content\/uploads\/2021\/06\/rsz_39154859_517797185342198_1243346040954814464_n.png\",\"contentUrl\":\"https:\/\/www.dombowties.com\/wp-content\/uploads\/2021\/06\/rsz_39154859_517797185342198_1243346040954814464_n.png\",\"width\":200,\"height\":56,\"caption\":\"Peteli\u0161ki\u0173 namai | Dom Bow Ties\"},\"image\":{\"@id\":\"https:\/\/www.dombowties.com\/#\/schema\/logo\/image\/\"}}]}<\/script>\n<!-- \/ Yoast SEO plugin. -->","yoast_head_json":{"title":"Suri\u0161ama vy\u0161nini\u0173 atspalvi\u0173 medvilnin\u0117 peteli\u0161k\u0117 - Peteli&scaron;ki\u0173 namai | Dom Bow Ties","robots":{"index":"index","follow":"follow","max-snippet":"max-snippet:-1","max-image-preview":"max-image-preview:large","max-video-preview":"max-video-preview:-1"},"canonical":"https:\/\/www.dombowties.com\/en\/product\/surisama-vysnine-medvilnine\/","og_locale":"en_US","og_type":"article","og_title":"Suri\u0161ama vy\u0161nini\u0173 atspalvi\u0173 medvilnin\u0117 peteli\u0161k\u0117 - Peteli&scaron;ki\u0173 namai | Dom Bow Ties","og_description":"Peteli\u0161k\u0119 galima vis perri\u0161ti i\u0161 naujo arba ne\u0161ioti toki\u0105, koki\u0105 matote d\u0117\u017eut\u0117je, nes gale yra galimyb\u0117 atsegti ir reguliuoti juostel\u0119.  Sud\u0117tis: medviln\u0117  Tipas: suri\u0161ama","og_url":"https:\/\/www.dombowties.com\/en\/product\/surisama-vysnine-medvilnine\/","og_site_name":"Peteli&scaron;ki\u0173 namai | Dom Bow Ties","article_modified_time":"2026-01-24T10:32:18+00:00","og_image":[{"width":640,"height":588,"url":"https:\/\/www.dombowties.com\/wp-content\/uploads\/2020\/01\/DB01C966-B31D-4B77-87E0-3FA44D908612.jpeg","type":"image\/jpeg"}],"twitter_card":"summary_large_image","twitter_misc":{"Est. reading time":"1 minute"},"schema":{"@context":"https:\/\/schema.org","@graph":[{"@type":"WebPage","@id":"https:\/\/www.dombowties.com\/produktas\/surisama-vysnine-medvilnine\/","url":"https:\/\/www.dombowties.com\/produktas\/surisama-vysnine-medvilnine\/","name":"Suri\u0161ama vy\u0161nini\u0173 atspalvi\u0173 medvilnin\u0117 peteli\u0161k\u0117 - Peteli&scaron;ki\u0173 namai | Dom Bow Ties","isPartOf":{"@id":"https:\/\/www.dombowties.com\/#website"},"primaryImageOfPage":{"@id":"https:\/\/www.dombowties.com\/produktas\/surisama-vysnine-medvilnine\/#primaryimage"},"image":{"@id":"https:\/\/www.dombowties.com\/produktas\/surisama-vysnine-medvilnine\/#primaryimage"},"thumbnailUrl":"https:\/\/www.dombowties.com\/wp-content\/uploads\/2020\/01\/DB01C966-B31D-4B77-87E0-3FA44D908612.jpeg","datePublished":"2020-01-25T11:22:00+00:00","dateModified":"2026-01-24T10:32:18+00:00","breadcrumb":{"@id":"https:\/\/www.dombowties.com\/produktas\/surisama-vysnine-medvilnine\/#breadcrumb"},"inLanguage":"en-US","potentialAction":[{"@type":"ReadAction","target":["https:\/\/www.dombowties.com\/produktas\/surisama-vysnine-medvilnine\/"]}]},{"@type":"ImageObject","inLanguage":"en-US","@id":"https:\/\/www.dombowties.com\/produktas\/surisama-vysnine-medvilnine\/#primaryimage","url":"https:\/\/www.dombowties.com\/wp-content\/uploads\/2020\/01\/DB01C966-B31D-4B77-87E0-3FA44D908612.jpeg","contentUrl":"https:\/\/www.dombowties.com\/wp-content\/uploads\/2020\/01\/DB01C966-B31D-4B77-87E0-3FA44D908612.jpeg","width":640,"height":588},{"@type":"BreadcrumbList","@id":"https:\/\/www.dombowties.com\/produktas\/surisama-vysnine-medvilnine\/#breadcrumb","itemListElement":[{"@type":"ListItem","position":1,"name":"Home","item":"https:\/\/www.dombowties.com\/"},{"@type":"ListItem","position":2,"name":"Parduotuv\u0117","item":"https:\/\/www.dombowties.com\/parduotuve\/"},{"@type":"ListItem","position":3,"name":"Suri\u0161ama vy\u0161nini\u0173 atspalvi\u0173 medvilnin\u0117 peteli\u0161k\u0117"}]},{"@type":"WebSite","@id":"https:\/\/www.dombowties.com\/#website","url":"https:\/\/www.dombowties.com\/","name":"Peteli&scaron;ki\u0173 namai | Dom Bow Ties","description":"Vyri&scaron;k\u0173 peteli&scaron;ki\u0173, s\u0105sag\u0173, kaklarai&scaron;\u010di\u0173 ir kit\u0173 vyri&scaron;k\u0173 aksesuar\u0173 parduotuv\u0117","publisher":{"@id":"https:\/\/www.dombowties.com\/#organization"},"potentialAction":[{"@type":"SearchAction","target":{"@type":"EntryPoint","urlTemplate":"https:\/\/www.dombowties.com\/?s={search_term_string}"},"query-input":{"@type":"PropertyValueSpecification","valueRequired":true,"valueName":"search_term_string"}}],"inLanguage":"en-US"},{"@type":"Organization","@id":"https:\/\/www.dombowties.com\/#organization","name":"Peteli\u0161ki\u0173 namai | Dom Bow Ties","url":"https:\/\/www.dombowties.com\/","logo":{"@type":"ImageObject","inLanguage":"en-US","@id":"https:\/\/www.dombowties.com\/#\/schema\/logo\/image\/","url":"https:\/\/www.dombowties.com\/wp-content\/uploads\/2021\/06\/rsz_39154859_517797185342198_1243346040954814464_n.png","contentUrl":"https:\/\/www.dombowties.com\/wp-content\/uploads\/2021\/06\/rsz_39154859_517797185342198_1243346040954814464_n.png","width":200,"height":56,"caption":"Peteli\u0161ki\u0173 namai | Dom Bow Ties"},"image":{"@id":"https:\/\/www.dombowties.com\/#\/schema\/logo\/image\/"}}]}},"_links":{"self":[{"href":"https:\/\/www.dombowties.com\/en\/wp-json\/wp\/v2\/product\/9297","targetHints":{"allow":["GET"]}}],"collection":[{"href":"https:\/\/www.dombowties.com\/en\/wp-json\/wp\/v2\/product"}],"about":[{"href":"https:\/\/www.dombowties.com\/en\/wp-json\/wp\/v2\/types\/product"}],"wp:featuredmedia":[{"embeddable":true,"href":"https:\/\/www.dombowties.com\/en\/wp-json\/wp\/v2\/media\/12609"}],"wp:attachment":[{"href":"https:\/\/www.dombowties.com\/en\/wp-json\/wp\/v2\/media?parent=9297"}],"wp:term":[{"taxonomy":"product_brand","embeddable":true,"href":"https:\/\/www.dombowties.com\/en\/wp-json\/wp\/v2\/product_brand?post=9297"},{"taxonomy":"product_cat","embeddable":true,"href":"https:\/\/www.dombowties.com\/en\/wp-json\/wp\/v2\/product_cat?post=9297"},{"taxonomy":"product_tag","embeddable":true,"href":"https:\/\/www.dombowties.com\/en\/wp-json\/wp\/v2\/product_tag?post=9297"}],"curies":[{"name":"wp","href":"https:\/\/api.w.org\/{rel}","templated":true}]}}