{"id":8321,"date":"2019-10-18T09:22:54","date_gmt":"2019-10-18T09:22:54","guid":{"rendered":"https:\/\/www.dombowties.com\/?post_type=product&#038;p=8321"},"modified":"2026-01-24T10:10:54","modified_gmt":"2026-01-24T10:10:54","slug":"peteliske-varlyte-kriaukliu-mozaika-14","status":"publish","type":"product","link":"https:\/\/www.dombowties.com\/en\/product\/peteliske-varlyte-kriaukliu-mozaika-14\/","title":{"rendered":"PETELI\u0160K\u0116 | VARLYT\u0116 | KRIAUKLI\u0172 MOZAIKA"},"content":{"rendered":"","protected":false},"excerpt":{"rendered":"<p><strong>TIKR\u0172 KRIAUKLI\u0172 MOZAIKA<\/strong>\u00a0dekoruota peteli\u0161k\u0117. \u0160i rank\u0173 darbo prabangaus spindesio, perri\u0161ta \u0161ilko juostele \u2013 originali puo\u0161mena ar i\u0161skirtin\u0117 dovana.<\/p>\n<p><strong><span data-reactid=\".dv.$mid=11416820957889=253b78ddb9aabe75e08.2:0.0.0.0.0.0.$end:0:$8:0\">Sud\u0117tis:\u00a0<\/span><\/strong>\u00a0nat\u016bralios kriaukl\u0117s ant lengvo medinio pagrindo ir \u0161ilko juostel\u0117<\/p>\n<p><span data-reactid=\".dv.$mid=11416820957889=253b78ddb9aabe75e08.2:0.0.0.0.0.0.$end:0:$16:0\"><strong>Tipas:<\/strong><\/span>\u00a0paruo\u0161ta d\u0117v\u0117ti<\/p>\n<p><strong><span data-reactid=\".dv.$mid=11416820957889=253b78ddb9aabe75e08.2:0.0.0.0.0.0.$end:0:$24:0\">U\u017esegimas:<\/span><\/strong>\u00a0\u0161ilko juostel\u0117 su metaliniu kabliuku ir reguliatoriumi. Peteli\u0161k\u0117 tinka bet kokios apimties kaklui. Pirm\u0105 kart\u0105 sureguliavus, kitus kartus teliks u\u017esisegti. Aksesuaras yra patogus d\u0117v\u0117ti, nesunkus ir netrapus.<\/p>","protected":false},"featured_media":8322,"template":"","meta":[],"product_brand":[],"product_cat":[155,549],"product_tag":[19,21,447,58,550,533,493,548,547],"class_list":{"0":"post-8321","1":"product","2":"type-product","3":"status-publish","4":"has-post-thumbnail","6":"product_cat-isskirtines-peteliskes","7":"product_cat-kriaukliu-peteliskes","8":"product_tag-dombowties","9":"product_tag-dovana-vyrui","10":"product_tag-gera-dovana","11":"product_tag-idomi-dovana-vyrui","12":"product_tag-isskirtine","13":"product_tag-isskirtine-dovana-vyrui","14":"product_tag-isskirtinis-aksesuaras-vyrui","15":"product_tag-kriaukles","16":"product_tag-kriaukliu-mozaika","18":"first","19":"instock","20":"taxable","21":"shipping-taxable","22":"purchasable","23":"product-type-simple"},"yoast_head":"<!-- This site is optimized with the Yoast SEO plugin v25.5 - https:\/\/yoast.com\/wordpress\/plugins\/seo\/ -->\n<title>PETELI\u0160K\u0116 | VARLYT\u0116 | KRIAUKLI\u0172 MOZAIKA - Peteli&scaron;ki\u0173 namai | Dom Bow Ties<\/title>\n<meta name=\"robots\" content=\"index, follow, max-snippet:-1, max-image-preview:large, max-video-preview:-1\" \/>\n<link rel=\"canonical\" href=\"https:\/\/www.dombowties.com\/en\/product\/peteliske-varlyte-kriaukliu-mozaika-14\/\" \/>\n<meta property=\"og:locale\" content=\"en_US\" \/>\n<meta property=\"og:type\" content=\"article\" \/>\n<meta property=\"og:title\" content=\"PETELI\u0160K\u0116 | VARLYT\u0116 | KRIAUKLI\u0172 MOZAIKA - Peteli&scaron;ki\u0173 namai | Dom Bow Ties\" \/>\n<meta property=\"og:description\" content=\"TIKR\u0172 KRIAUKLI\u0172 MOZAIKA\u00a0dekoruota peteli\u0161k\u0117. \u0160i rank\u0173 darbo prabangaus spindesio, perri\u0161ta \u0161ilko juostele \u2013 originali puo\u0161mena ar i\u0161skirtin\u0117 dovana.  Sud\u0117tis:\u00a0\u00a0nat\u016bralios kriaukl\u0117s ant lengvo medinio pagrindo ir \u0161ilko juostel\u0117  Tipas:\u00a0paruo\u0161ta d\u0117v\u0117ti  U\u017esegimas:\u00a0\u0161ilko juostel\u0117 su metaliniu kabliuku ir reguliatoriumi. Peteli\u0161k\u0117 tinka bet kokios apimties kaklui. Pirm\u0105 kart\u0105 sureguliavus, kitus kartus teliks u\u017esisegti. Aksesuaras yra patogus d\u0117v\u0117ti, nesunkus ir netrapus.\" \/>\n<meta property=\"og:url\" content=\"https:\/\/www.dombowties.com\/en\/product\/peteliske-varlyte-kriaukliu-mozaika-14\/\" \/>\n<meta property=\"og:site_name\" content=\"Peteli&scaron;ki\u0173 namai | Dom Bow Ties\" \/>\n<meta property=\"article:modified_time\" content=\"2026-01-24T10:10:54+00:00\" \/>\n<meta property=\"og:image\" content=\"https:\/\/www.dombowties.com\/wp-content\/uploads\/2019\/10\/kiaukliu_seashell_peteliske_varlyte_dombowties42.jpg\" \/>\n\t<meta property=\"og:image:width\" content=\"800\" \/>\n\t<meta property=\"og:image:height\" content=\"534\" \/>\n\t<meta property=\"og:image:type\" content=\"image\/jpeg\" \/>\n<meta name=\"twitter:card\" content=\"summary_large_image\" \/>\n<meta name=\"twitter:label1\" content=\"Est. reading time\" \/>\n\t<meta name=\"twitter:data1\" content=\"1 minute\" \/>\n<script type=\"application\/ld+json\" class=\"yoast-schema-graph\">{\"@context\":\"https:\/\/schema.org\",\"@graph\":[{\"@type\":\"WebPage\",\"@id\":\"https:\/\/www.dombowties.com\/produktas\/peteliske-varlyte-kriaukliu-mozaika-14\/\",\"url\":\"https:\/\/www.dombowties.com\/produktas\/peteliske-varlyte-kriaukliu-mozaika-14\/\",\"name\":\"PETELI\u0160K\u0116 | VARLYT\u0116 | KRIAUKLI\u0172 MOZAIKA - Peteli&scaron;ki\u0173 namai | Dom Bow Ties\",\"isPartOf\":{\"@id\":\"https:\/\/www.dombowties.com\/#website\"},\"primaryImageOfPage\":{\"@id\":\"https:\/\/www.dombowties.com\/produktas\/peteliske-varlyte-kriaukliu-mozaika-14\/#primaryimage\"},\"image\":{\"@id\":\"https:\/\/www.dombowties.com\/produktas\/peteliske-varlyte-kriaukliu-mozaika-14\/#primaryimage\"},\"thumbnailUrl\":\"https:\/\/www.dombowties.com\/wp-content\/uploads\/2019\/10\/kiaukliu_seashell_peteliske_varlyte_dombowties42.jpg\",\"datePublished\":\"2019-10-18T09:22:54+00:00\",\"dateModified\":\"2026-01-24T10:10:54+00:00\",\"breadcrumb\":{\"@id\":\"https:\/\/www.dombowties.com\/produktas\/peteliske-varlyte-kriaukliu-mozaika-14\/#breadcrumb\"},\"inLanguage\":\"en-US\",\"potentialAction\":[{\"@type\":\"ReadAction\",\"target\":[\"https:\/\/www.dombowties.com\/produktas\/peteliske-varlyte-kriaukliu-mozaika-14\/\"]}]},{\"@type\":\"ImageObject\",\"inLanguage\":\"en-US\",\"@id\":\"https:\/\/www.dombowties.com\/produktas\/peteliske-varlyte-kriaukliu-mozaika-14\/#primaryimage\",\"url\":\"https:\/\/www.dombowties.com\/wp-content\/uploads\/2019\/10\/kiaukliu_seashell_peteliske_varlyte_dombowties42.jpg\",\"contentUrl\":\"https:\/\/www.dombowties.com\/wp-content\/uploads\/2019\/10\/kiaukliu_seashell_peteliske_varlyte_dombowties42.jpg\",\"width\":800,\"height\":534,\"caption\":\"OLYMPUS DIGITAL CAMERA\"},{\"@type\":\"BreadcrumbList\",\"@id\":\"https:\/\/www.dombowties.com\/produktas\/peteliske-varlyte-kriaukliu-mozaika-14\/#breadcrumb\",\"itemListElement\":[{\"@type\":\"ListItem\",\"position\":1,\"name\":\"Home\",\"item\":\"https:\/\/www.dombowties.com\/\"},{\"@type\":\"ListItem\",\"position\":2,\"name\":\"Parduotuv\u0117\",\"item\":\"https:\/\/www.dombowties.com\/parduotuve\/\"},{\"@type\":\"ListItem\",\"position\":3,\"name\":\"PETELI\u0160K\u0116 | VARLYT\u0116 | KRIAUKLI\u0172 MOZAIKA\"}]},{\"@type\":\"WebSite\",\"@id\":\"https:\/\/www.dombowties.com\/#website\",\"url\":\"https:\/\/www.dombowties.com\/\",\"name\":\"Peteli&scaron;ki\u0173 namai | Dom Bow Ties\",\"description\":\"Vyri&scaron;k\u0173 peteli&scaron;ki\u0173, s\u0105sag\u0173, kaklarai&scaron;\u010di\u0173 ir kit\u0173 vyri&scaron;k\u0173 aksesuar\u0173 parduotuv\u0117\",\"publisher\":{\"@id\":\"https:\/\/www.dombowties.com\/#organization\"},\"potentialAction\":[{\"@type\":\"SearchAction\",\"target\":{\"@type\":\"EntryPoint\",\"urlTemplate\":\"https:\/\/www.dombowties.com\/?s={search_term_string}\"},\"query-input\":{\"@type\":\"PropertyValueSpecification\",\"valueRequired\":true,\"valueName\":\"search_term_string\"}}],\"inLanguage\":\"en-US\"},{\"@type\":\"Organization\",\"@id\":\"https:\/\/www.dombowties.com\/#organization\",\"name\":\"Peteli\u0161ki\u0173 namai | Dom Bow Ties\",\"url\":\"https:\/\/www.dombowties.com\/\",\"logo\":{\"@type\":\"ImageObject\",\"inLanguage\":\"en-US\",\"@id\":\"https:\/\/www.dombowties.com\/#\/schema\/logo\/image\/\",\"url\":\"https:\/\/www.dombowties.com\/wp-content\/uploads\/2021\/06\/rsz_39154859_517797185342198_1243346040954814464_n.png\",\"contentUrl\":\"https:\/\/www.dombowties.com\/wp-content\/uploads\/2021\/06\/rsz_39154859_517797185342198_1243346040954814464_n.png\",\"width\":200,\"height\":56,\"caption\":\"Peteli\u0161ki\u0173 namai | Dom Bow Ties\"},\"image\":{\"@id\":\"https:\/\/www.dombowties.com\/#\/schema\/logo\/image\/\"}}]}<\/script>\n<!-- \/ Yoast SEO plugin. -->","yoast_head_json":{"title":"PETELI\u0160K\u0116 | VARLYT\u0116 | KRIAUKLI\u0172 MOZAIKA - Peteli&scaron;ki\u0173 namai | Dom Bow Ties","robots":{"index":"index","follow":"follow","max-snippet":"max-snippet:-1","max-image-preview":"max-image-preview:large","max-video-preview":"max-video-preview:-1"},"canonical":"https:\/\/www.dombowties.com\/en\/product\/peteliske-varlyte-kriaukliu-mozaika-14\/","og_locale":"en_US","og_type":"article","og_title":"PETELI\u0160K\u0116 | VARLYT\u0116 | KRIAUKLI\u0172 MOZAIKA - Peteli&scaron;ki\u0173 namai | Dom Bow Ties","og_description":"TIKR\u0172 KRIAUKLI\u0172 MOZAIKA\u00a0dekoruota peteli\u0161k\u0117. \u0160i rank\u0173 darbo prabangaus spindesio, perri\u0161ta \u0161ilko juostele \u2013 originali puo\u0161mena ar i\u0161skirtin\u0117 dovana.  Sud\u0117tis:\u00a0\u00a0nat\u016bralios kriaukl\u0117s ant lengvo medinio pagrindo ir \u0161ilko juostel\u0117  Tipas:\u00a0paruo\u0161ta d\u0117v\u0117ti  U\u017esegimas:\u00a0\u0161ilko juostel\u0117 su metaliniu kabliuku ir reguliatoriumi. Peteli\u0161k\u0117 tinka bet kokios apimties kaklui. Pirm\u0105 kart\u0105 sureguliavus, kitus kartus teliks u\u017esisegti. Aksesuaras yra patogus d\u0117v\u0117ti, nesunkus ir netrapus.","og_url":"https:\/\/www.dombowties.com\/en\/product\/peteliske-varlyte-kriaukliu-mozaika-14\/","og_site_name":"Peteli&scaron;ki\u0173 namai | Dom Bow Ties","article_modified_time":"2026-01-24T10:10:54+00:00","og_image":[{"width":800,"height":534,"url":"https:\/\/www.dombowties.com\/wp-content\/uploads\/2019\/10\/kiaukliu_seashell_peteliske_varlyte_dombowties42.jpg","type":"image\/jpeg"}],"twitter_card":"summary_large_image","twitter_misc":{"Est. reading time":"1 minute"},"schema":{"@context":"https:\/\/schema.org","@graph":[{"@type":"WebPage","@id":"https:\/\/www.dombowties.com\/produktas\/peteliske-varlyte-kriaukliu-mozaika-14\/","url":"https:\/\/www.dombowties.com\/produktas\/peteliske-varlyte-kriaukliu-mozaika-14\/","name":"PETELI\u0160K\u0116 | VARLYT\u0116 | KRIAUKLI\u0172 MOZAIKA - Peteli&scaron;ki\u0173 namai | Dom Bow Ties","isPartOf":{"@id":"https:\/\/www.dombowties.com\/#website"},"primaryImageOfPage":{"@id":"https:\/\/www.dombowties.com\/produktas\/peteliske-varlyte-kriaukliu-mozaika-14\/#primaryimage"},"image":{"@id":"https:\/\/www.dombowties.com\/produktas\/peteliske-varlyte-kriaukliu-mozaika-14\/#primaryimage"},"thumbnailUrl":"https:\/\/www.dombowties.com\/wp-content\/uploads\/2019\/10\/kiaukliu_seashell_peteliske_varlyte_dombowties42.jpg","datePublished":"2019-10-18T09:22:54+00:00","dateModified":"2026-01-24T10:10:54+00:00","breadcrumb":{"@id":"https:\/\/www.dombowties.com\/produktas\/peteliske-varlyte-kriaukliu-mozaika-14\/#breadcrumb"},"inLanguage":"en-US","potentialAction":[{"@type":"ReadAction","target":["https:\/\/www.dombowties.com\/produktas\/peteliske-varlyte-kriaukliu-mozaika-14\/"]}]},{"@type":"ImageObject","inLanguage":"en-US","@id":"https:\/\/www.dombowties.com\/produktas\/peteliske-varlyte-kriaukliu-mozaika-14\/#primaryimage","url":"https:\/\/www.dombowties.com\/wp-content\/uploads\/2019\/10\/kiaukliu_seashell_peteliske_varlyte_dombowties42.jpg","contentUrl":"https:\/\/www.dombowties.com\/wp-content\/uploads\/2019\/10\/kiaukliu_seashell_peteliske_varlyte_dombowties42.jpg","width":800,"height":534,"caption":"OLYMPUS DIGITAL CAMERA"},{"@type":"BreadcrumbList","@id":"https:\/\/www.dombowties.com\/produktas\/peteliske-varlyte-kriaukliu-mozaika-14\/#breadcrumb","itemListElement":[{"@type":"ListItem","position":1,"name":"Home","item":"https:\/\/www.dombowties.com\/"},{"@type":"ListItem","position":2,"name":"Parduotuv\u0117","item":"https:\/\/www.dombowties.com\/parduotuve\/"},{"@type":"ListItem","position":3,"name":"PETELI\u0160K\u0116 | VARLYT\u0116 | KRIAUKLI\u0172 MOZAIKA"}]},{"@type":"WebSite","@id":"https:\/\/www.dombowties.com\/#website","url":"https:\/\/www.dombowties.com\/","name":"Peteli&scaron;ki\u0173 namai | Dom Bow Ties","description":"Vyri&scaron;k\u0173 peteli&scaron;ki\u0173, s\u0105sag\u0173, kaklarai&scaron;\u010di\u0173 ir kit\u0173 vyri&scaron;k\u0173 aksesuar\u0173 parduotuv\u0117","publisher":{"@id":"https:\/\/www.dombowties.com\/#organization"},"potentialAction":[{"@type":"SearchAction","target":{"@type":"EntryPoint","urlTemplate":"https:\/\/www.dombowties.com\/?s={search_term_string}"},"query-input":{"@type":"PropertyValueSpecification","valueRequired":true,"valueName":"search_term_string"}}],"inLanguage":"en-US"},{"@type":"Organization","@id":"https:\/\/www.dombowties.com\/#organization","name":"Peteli\u0161ki\u0173 namai | Dom Bow Ties","url":"https:\/\/www.dombowties.com\/","logo":{"@type":"ImageObject","inLanguage":"en-US","@id":"https:\/\/www.dombowties.com\/#\/schema\/logo\/image\/","url":"https:\/\/www.dombowties.com\/wp-content\/uploads\/2021\/06\/rsz_39154859_517797185342198_1243346040954814464_n.png","contentUrl":"https:\/\/www.dombowties.com\/wp-content\/uploads\/2021\/06\/rsz_39154859_517797185342198_1243346040954814464_n.png","width":200,"height":56,"caption":"Peteli\u0161ki\u0173 namai | Dom Bow Ties"},"image":{"@id":"https:\/\/www.dombowties.com\/#\/schema\/logo\/image\/"}}]}},"_links":{"self":[{"href":"https:\/\/www.dombowties.com\/en\/wp-json\/wp\/v2\/product\/8321","targetHints":{"allow":["GET"]}}],"collection":[{"href":"https:\/\/www.dombowties.com\/en\/wp-json\/wp\/v2\/product"}],"about":[{"href":"https:\/\/www.dombowties.com\/en\/wp-json\/wp\/v2\/types\/product"}],"wp:featuredmedia":[{"embeddable":true,"href":"https:\/\/www.dombowties.com\/en\/wp-json\/wp\/v2\/media\/8322"}],"wp:attachment":[{"href":"https:\/\/www.dombowties.com\/en\/wp-json\/wp\/v2\/media?parent=8321"}],"wp:term":[{"taxonomy":"product_brand","embeddable":true,"href":"https:\/\/www.dombowties.com\/en\/wp-json\/wp\/v2\/product_brand?post=8321"},{"taxonomy":"product_cat","embeddable":true,"href":"https:\/\/www.dombowties.com\/en\/wp-json\/wp\/v2\/product_cat?post=8321"},{"taxonomy":"product_tag","embeddable":true,"href":"https:\/\/www.dombowties.com\/en\/wp-json\/wp\/v2\/product_tag?post=8321"}],"curies":[{"name":"wp","href":"https:\/\/api.w.org\/{rel}","templated":true}]}}