{"id":12653,"date":"2023-08-05T15:26:59","date_gmt":"2023-08-05T15:26:59","guid":{"rendered":"https:\/\/www.dombowties.com\/?post_type=product&#038;p=12653"},"modified":"2026-01-24T09:30:22","modified_gmt":"2026-01-24T09:30:22","slug":"peteliske-varlyte-deimanto-formos-rusva-violetine","status":"publish","type":"product","link":"https:\/\/www.dombowties.com\/en\/product\/peteliske-varlyte-deimanto-formos-rusva-violetine\/","title":{"rendered":"PETELI\u0160K\u0116 | VARLYT\u0116 | DEIMANTO FORMOS | SM\u0116LIO | ORNAMENTAI"},"content":{"rendered":"","protected":false},"excerpt":{"rendered":"<p>Klasikin\u0117s\u00a0 formos ir dyd\u017eio kruop\u0161\u010diai pasi\u016bta rank\u0173 darbo peteli\u0161k\u0117.<\/p>\n<p>Kiekvien\u0105 peteli\u0161k\u0119 pakuojame \u012f jai skirt\u0105 d\u0117\u017eut\u0119.<\/p>\n<p><strong><span data-reactid=\".dv.$mid=11416820957889=253b78ddb9aabe75e08.2:0.0.0.0.0.0.$end:0:$8:0\">Sud\u0117tis:\u00a0Itali\u0161kas \u0161ilkas\u00a0100%<br \/>\n<\/span><\/strong><span data-reactid=\".dv.$mid=11416820957889=253b78ddb9aabe75e08.2:0.0.0.0.0.0.$end:0:$16:0\"><strong>Tipas:<\/strong>\u00a0Paruo\u0161ta d\u0117v\u0117ti<\/span><br data-reactid=\".dv.$mid=11416820957889=253b78ddb9aabe75e08.2:0.0.0.0.0.0.$end:0:$23:0\" \/><strong><span data-reactid=\".dv.$mid=11416820957889=253b78ddb9aabe75e08.2:0.0.0.0.0.0.$end:0:$24:0\">U\u017esegimas:\u00a0<\/span><\/strong><span data-reactid=\".dv.$mid=11416820957889=253b78ddb9aabe75e08.2:0.0.0.0.0.0.$end:0:$28:0\">Juostel\u0117 su metaliniu kabliuku ir reguliatoriumi.<\/span><br data-reactid=\".dv.$mid=11416820957889=253b78ddb9aabe75e08.2:0.0.0.0.0.0.$end:0:$29:0\" \/><span data-reactid=\".dv.$mid=11416820957889=253b78ddb9aabe75e08.2:0.0.0.0.0.0.$end:0:$32:0\">Tinka bet kokios apimties kaklui. Pirm\u0105 kart\u0105 sureguliavus, kitus kartus teliks u\u017esisegti.<\/span><\/p>","protected":false},"featured_media":12654,"template":"","meta":[],"product_brand":[],"product_cat":[143,91],"product_tag":[1205,185,19,21,447,22,412,1200,23],"class_list":{"0":"post-12653","1":"product","2":"type-product","3":"status-publish","4":"has-post-thumbnail","6":"product_cat-prabangios-silkines-petelikes","7":"product_cat-silkines-varlytes-dziazas","8":"product_tag-brown-bow-tie","9":"product_tag-deimanto-formos","10":"product_tag-dombowties","11":"product_tag-dovana-vyrui","12":"product_tag-gera-dovana","13":"product_tag-peteliske","14":"product_tag-ruda-peteliske","15":"product_tag-silk-bow-tie","16":"product_tag-varlyte","18":"first","19":"instock","20":"taxable","21":"shipping-taxable","22":"purchasable","23":"product-type-simple"},"yoast_head":"<!-- This site is optimized with the Yoast SEO plugin v25.5 - https:\/\/yoast.com\/wordpress\/plugins\/seo\/ -->\n<title>PETELI\u0160K\u0116 | VARLYT\u0116 | DEIMANTO FORMOS | SM\u0116LIO | ORNAMENTAI - Peteli&scaron;ki\u0173 namai | Dom Bow Ties<\/title>\n<meta name=\"robots\" content=\"index, follow, max-snippet:-1, max-image-preview:large, max-video-preview:-1\" \/>\n<link rel=\"canonical\" href=\"https:\/\/www.dombowties.com\/en\/product\/peteliske-varlyte-deimanto-formos-rusva-violetine\/\" \/>\n<meta property=\"og:locale\" content=\"en_US\" \/>\n<meta property=\"og:type\" content=\"article\" \/>\n<meta property=\"og:title\" content=\"PETELI\u0160K\u0116 | VARLYT\u0116 | DEIMANTO FORMOS | SM\u0116LIO | ORNAMENTAI - Peteli&scaron;ki\u0173 namai | Dom Bow Ties\" \/>\n<meta property=\"og:description\" content=\"Klasikin\u0117s\u00a0 formos ir dyd\u017eio kruop\u0161\u010diai pasi\u016bta rank\u0173 darbo peteli\u0161k\u0117.  Kiekvien\u0105 peteli\u0161k\u0119 pakuojame \u012f jai skirt\u0105 d\u0117\u017eut\u0119.  Sud\u0117tis:\u00a0Itali\u0161kas \u0161ilkas\u00a0100% Tipas:\u00a0Paruo\u0161ta d\u0117v\u0117tiU\u017esegimas:\u00a0Juostel\u0117 su metaliniu kabliuku ir reguliatoriumi.Tinka bet kokios apimties kaklui. Pirm\u0105 kart\u0105 sureguliavus, kitus kartus teliks u\u017esisegti.\" \/>\n<meta property=\"og:url\" content=\"https:\/\/www.dombowties.com\/en\/product\/peteliske-varlyte-deimanto-formos-rusva-violetine\/\" \/>\n<meta property=\"og:site_name\" content=\"Peteli&scaron;ki\u0173 namai | Dom Bow Ties\" \/>\n<meta property=\"article:modified_time\" content=\"2026-01-24T09:30:22+00:00\" \/>\n<meta property=\"og:image\" content=\"https:\/\/www.dombowties.com\/wp-content\/uploads\/2023\/08\/55F6B5EE-43F0-4595-A3C6-615826EFC77B.jpeg\" \/>\n\t<meta property=\"og:image:width\" content=\"640\" \/>\n\t<meta property=\"og:image:height\" content=\"480\" \/>\n\t<meta property=\"og:image:type\" content=\"image\/jpeg\" \/>\n<meta name=\"twitter:card\" content=\"summary_large_image\" \/>\n<script type=\"application\/ld+json\" class=\"yoast-schema-graph\">{\"@context\":\"https:\/\/schema.org\",\"@graph\":[{\"@type\":\"WebPage\",\"@id\":\"https:\/\/www.dombowties.com\/produktas\/peteliske-varlyte-deimanto-formos-rusva-violetine\/\",\"url\":\"https:\/\/www.dombowties.com\/produktas\/peteliske-varlyte-deimanto-formos-rusva-violetine\/\",\"name\":\"PETELI\u0160K\u0116 | VARLYT\u0116 | DEIMANTO FORMOS | SM\u0116LIO | ORNAMENTAI - Peteli&scaron;ki\u0173 namai | Dom Bow Ties\",\"isPartOf\":{\"@id\":\"https:\/\/www.dombowties.com\/#website\"},\"primaryImageOfPage\":{\"@id\":\"https:\/\/www.dombowties.com\/produktas\/peteliske-varlyte-deimanto-formos-rusva-violetine\/#primaryimage\"},\"image\":{\"@id\":\"https:\/\/www.dombowties.com\/produktas\/peteliske-varlyte-deimanto-formos-rusva-violetine\/#primaryimage\"},\"thumbnailUrl\":\"https:\/\/www.dombowties.com\/wp-content\/uploads\/2023\/08\/55F6B5EE-43F0-4595-A3C6-615826EFC77B.jpeg\",\"datePublished\":\"2023-08-05T15:26:59+00:00\",\"dateModified\":\"2026-01-24T09:30:22+00:00\",\"breadcrumb\":{\"@id\":\"https:\/\/www.dombowties.com\/produktas\/peteliske-varlyte-deimanto-formos-rusva-violetine\/#breadcrumb\"},\"inLanguage\":\"en-US\",\"potentialAction\":[{\"@type\":\"ReadAction\",\"target\":[\"https:\/\/www.dombowties.com\/produktas\/peteliske-varlyte-deimanto-formos-rusva-violetine\/\"]}]},{\"@type\":\"ImageObject\",\"inLanguage\":\"en-US\",\"@id\":\"https:\/\/www.dombowties.com\/produktas\/peteliske-varlyte-deimanto-formos-rusva-violetine\/#primaryimage\",\"url\":\"https:\/\/www.dombowties.com\/wp-content\/uploads\/2023\/08\/55F6B5EE-43F0-4595-A3C6-615826EFC77B.jpeg\",\"contentUrl\":\"https:\/\/www.dombowties.com\/wp-content\/uploads\/2023\/08\/55F6B5EE-43F0-4595-A3C6-615826EFC77B.jpeg\",\"width\":640,\"height\":480},{\"@type\":\"BreadcrumbList\",\"@id\":\"https:\/\/www.dombowties.com\/produktas\/peteliske-varlyte-deimanto-formos-rusva-violetine\/#breadcrumb\",\"itemListElement\":[{\"@type\":\"ListItem\",\"position\":1,\"name\":\"Home\",\"item\":\"https:\/\/www.dombowties.com\/\"},{\"@type\":\"ListItem\",\"position\":2,\"name\":\"Parduotuv\u0117\",\"item\":\"https:\/\/www.dombowties.com\/parduotuve\/\"},{\"@type\":\"ListItem\",\"position\":3,\"name\":\"PETELI\u0160K\u0116 | VARLYT\u0116 | DEIMANTO FORMOS | SM\u0116LIO | ORNAMENTAI\"}]},{\"@type\":\"WebSite\",\"@id\":\"https:\/\/www.dombowties.com\/#website\",\"url\":\"https:\/\/www.dombowties.com\/\",\"name\":\"Peteli&scaron;ki\u0173 namai | Dom Bow Ties\",\"description\":\"Vyri&scaron;k\u0173 peteli&scaron;ki\u0173, s\u0105sag\u0173, kaklarai&scaron;\u010di\u0173 ir kit\u0173 vyri&scaron;k\u0173 aksesuar\u0173 parduotuv\u0117\",\"publisher\":{\"@id\":\"https:\/\/www.dombowties.com\/#organization\"},\"potentialAction\":[{\"@type\":\"SearchAction\",\"target\":{\"@type\":\"EntryPoint\",\"urlTemplate\":\"https:\/\/www.dombowties.com\/?s={search_term_string}\"},\"query-input\":{\"@type\":\"PropertyValueSpecification\",\"valueRequired\":true,\"valueName\":\"search_term_string\"}}],\"inLanguage\":\"en-US\"},{\"@type\":\"Organization\",\"@id\":\"https:\/\/www.dombowties.com\/#organization\",\"name\":\"Peteli\u0161ki\u0173 namai | Dom Bow Ties\",\"url\":\"https:\/\/www.dombowties.com\/\",\"logo\":{\"@type\":\"ImageObject\",\"inLanguage\":\"en-US\",\"@id\":\"https:\/\/www.dombowties.com\/#\/schema\/logo\/image\/\",\"url\":\"https:\/\/www.dombowties.com\/wp-content\/uploads\/2021\/06\/rsz_39154859_517797185342198_1243346040954814464_n.png\",\"contentUrl\":\"https:\/\/www.dombowties.com\/wp-content\/uploads\/2021\/06\/rsz_39154859_517797185342198_1243346040954814464_n.png\",\"width\":200,\"height\":56,\"caption\":\"Peteli\u0161ki\u0173 namai | Dom Bow Ties\"},\"image\":{\"@id\":\"https:\/\/www.dombowties.com\/#\/schema\/logo\/image\/\"}}]}<\/script>\n<!-- \/ Yoast SEO plugin. -->","yoast_head_json":{"title":"PETELI\u0160K\u0116 | VARLYT\u0116 | DEIMANTO FORMOS | SM\u0116LIO | ORNAMENTAI - Peteli&scaron;ki\u0173 namai | Dom Bow Ties","robots":{"index":"index","follow":"follow","max-snippet":"max-snippet:-1","max-image-preview":"max-image-preview:large","max-video-preview":"max-video-preview:-1"},"canonical":"https:\/\/www.dombowties.com\/en\/product\/peteliske-varlyte-deimanto-formos-rusva-violetine\/","og_locale":"en_US","og_type":"article","og_title":"PETELI\u0160K\u0116 | VARLYT\u0116 | DEIMANTO FORMOS | SM\u0116LIO | ORNAMENTAI - Peteli&scaron;ki\u0173 namai | Dom Bow Ties","og_description":"Klasikin\u0117s\u00a0 formos ir dyd\u017eio kruop\u0161\u010diai pasi\u016bta rank\u0173 darbo peteli\u0161k\u0117.  Kiekvien\u0105 peteli\u0161k\u0119 pakuojame \u012f jai skirt\u0105 d\u0117\u017eut\u0119.  Sud\u0117tis:\u00a0Itali\u0161kas \u0161ilkas\u00a0100% Tipas:\u00a0Paruo\u0161ta d\u0117v\u0117tiU\u017esegimas:\u00a0Juostel\u0117 su metaliniu kabliuku ir reguliatoriumi.Tinka bet kokios apimties kaklui. Pirm\u0105 kart\u0105 sureguliavus, kitus kartus teliks u\u017esisegti.","og_url":"https:\/\/www.dombowties.com\/en\/product\/peteliske-varlyte-deimanto-formos-rusva-violetine\/","og_site_name":"Peteli&scaron;ki\u0173 namai | Dom Bow Ties","article_modified_time":"2026-01-24T09:30:22+00:00","og_image":[{"width":640,"height":480,"url":"https:\/\/www.dombowties.com\/wp-content\/uploads\/2023\/08\/55F6B5EE-43F0-4595-A3C6-615826EFC77B.jpeg","type":"image\/jpeg"}],"twitter_card":"summary_large_image","schema":{"@context":"https:\/\/schema.org","@graph":[{"@type":"WebPage","@id":"https:\/\/www.dombowties.com\/produktas\/peteliske-varlyte-deimanto-formos-rusva-violetine\/","url":"https:\/\/www.dombowties.com\/produktas\/peteliske-varlyte-deimanto-formos-rusva-violetine\/","name":"PETELI\u0160K\u0116 | VARLYT\u0116 | DEIMANTO FORMOS | SM\u0116LIO | ORNAMENTAI - Peteli&scaron;ki\u0173 namai | Dom Bow Ties","isPartOf":{"@id":"https:\/\/www.dombowties.com\/#website"},"primaryImageOfPage":{"@id":"https:\/\/www.dombowties.com\/produktas\/peteliske-varlyte-deimanto-formos-rusva-violetine\/#primaryimage"},"image":{"@id":"https:\/\/www.dombowties.com\/produktas\/peteliske-varlyte-deimanto-formos-rusva-violetine\/#primaryimage"},"thumbnailUrl":"https:\/\/www.dombowties.com\/wp-content\/uploads\/2023\/08\/55F6B5EE-43F0-4595-A3C6-615826EFC77B.jpeg","datePublished":"2023-08-05T15:26:59+00:00","dateModified":"2026-01-24T09:30:22+00:00","breadcrumb":{"@id":"https:\/\/www.dombowties.com\/produktas\/peteliske-varlyte-deimanto-formos-rusva-violetine\/#breadcrumb"},"inLanguage":"en-US","potentialAction":[{"@type":"ReadAction","target":["https:\/\/www.dombowties.com\/produktas\/peteliske-varlyte-deimanto-formos-rusva-violetine\/"]}]},{"@type":"ImageObject","inLanguage":"en-US","@id":"https:\/\/www.dombowties.com\/produktas\/peteliske-varlyte-deimanto-formos-rusva-violetine\/#primaryimage","url":"https:\/\/www.dombowties.com\/wp-content\/uploads\/2023\/08\/55F6B5EE-43F0-4595-A3C6-615826EFC77B.jpeg","contentUrl":"https:\/\/www.dombowties.com\/wp-content\/uploads\/2023\/08\/55F6B5EE-43F0-4595-A3C6-615826EFC77B.jpeg","width":640,"height":480},{"@type":"BreadcrumbList","@id":"https:\/\/www.dombowties.com\/produktas\/peteliske-varlyte-deimanto-formos-rusva-violetine\/#breadcrumb","itemListElement":[{"@type":"ListItem","position":1,"name":"Home","item":"https:\/\/www.dombowties.com\/"},{"@type":"ListItem","position":2,"name":"Parduotuv\u0117","item":"https:\/\/www.dombowties.com\/parduotuve\/"},{"@type":"ListItem","position":3,"name":"PETELI\u0160K\u0116 | VARLYT\u0116 | DEIMANTO FORMOS | SM\u0116LIO | ORNAMENTAI"}]},{"@type":"WebSite","@id":"https:\/\/www.dombowties.com\/#website","url":"https:\/\/www.dombowties.com\/","name":"Peteli&scaron;ki\u0173 namai | Dom Bow Ties","description":"Vyri&scaron;k\u0173 peteli&scaron;ki\u0173, s\u0105sag\u0173, kaklarai&scaron;\u010di\u0173 ir kit\u0173 vyri&scaron;k\u0173 aksesuar\u0173 parduotuv\u0117","publisher":{"@id":"https:\/\/www.dombowties.com\/#organization"},"potentialAction":[{"@type":"SearchAction","target":{"@type":"EntryPoint","urlTemplate":"https:\/\/www.dombowties.com\/?s={search_term_string}"},"query-input":{"@type":"PropertyValueSpecification","valueRequired":true,"valueName":"search_term_string"}}],"inLanguage":"en-US"},{"@type":"Organization","@id":"https:\/\/www.dombowties.com\/#organization","name":"Peteli\u0161ki\u0173 namai | Dom Bow Ties","url":"https:\/\/www.dombowties.com\/","logo":{"@type":"ImageObject","inLanguage":"en-US","@id":"https:\/\/www.dombowties.com\/#\/schema\/logo\/image\/","url":"https:\/\/www.dombowties.com\/wp-content\/uploads\/2021\/06\/rsz_39154859_517797185342198_1243346040954814464_n.png","contentUrl":"https:\/\/www.dombowties.com\/wp-content\/uploads\/2021\/06\/rsz_39154859_517797185342198_1243346040954814464_n.png","width":200,"height":56,"caption":"Peteli\u0161ki\u0173 namai | Dom Bow Ties"},"image":{"@id":"https:\/\/www.dombowties.com\/#\/schema\/logo\/image\/"}}]}},"_links":{"self":[{"href":"https:\/\/www.dombowties.com\/en\/wp-json\/wp\/v2\/product\/12653","targetHints":{"allow":["GET"]}}],"collection":[{"href":"https:\/\/www.dombowties.com\/en\/wp-json\/wp\/v2\/product"}],"about":[{"href":"https:\/\/www.dombowties.com\/en\/wp-json\/wp\/v2\/types\/product"}],"wp:featuredmedia":[{"embeddable":true,"href":"https:\/\/www.dombowties.com\/en\/wp-json\/wp\/v2\/media\/12654"}],"wp:attachment":[{"href":"https:\/\/www.dombowties.com\/en\/wp-json\/wp\/v2\/media?parent=12653"}],"wp:term":[{"taxonomy":"product_brand","embeddable":true,"href":"https:\/\/www.dombowties.com\/en\/wp-json\/wp\/v2\/product_brand?post=12653"},{"taxonomy":"product_cat","embeddable":true,"href":"https:\/\/www.dombowties.com\/en\/wp-json\/wp\/v2\/product_cat?post=12653"},{"taxonomy":"product_tag","embeddable":true,"href":"https:\/\/www.dombowties.com\/en\/wp-json\/wp\/v2\/product_tag?post=12653"}],"curies":[{"name":"wp","href":"https:\/\/api.w.org\/{rel}","templated":true}]}}