{"id":12503,"date":"2023-01-03T22:48:20","date_gmt":"2023-01-03T22:48:20","guid":{"rendered":"https:\/\/www.dombowties.com\/?post_type=product&#038;p=12503"},"modified":"2024-04-20T12:06:39","modified_gmt":"2024-04-20T12:06:39","slug":"pramoga-draugems-peteliskes-siuvimo-edukacija-2-3-asmenims","status":"publish","type":"product","link":"https:\/\/www.dombowties.com\/en\/product\/pramoga-draugems-peteliskes-siuvimo-edukacija-2-3-asmenims\/","title":{"rendered":"Pramoga draug\u0117ms: peteli\u0161k\u0117s siuvimo edukacija (2-3 asmenims)"},"content":{"rendered":"<p><a href=\"https:\/\/www.dombowties.com\/wp-content\/uploads\/2023\/01\/Screenshot-2023-01-04-at-00.44.28.png\"><img decoding=\"async\" class=\"alignnone size-full wp-image-12506\" src=\"https:\/\/www.dombowties.com\/wp-content\/uploads\/2023\/01\/Screenshot-2023-01-04-at-00.44.28.png\" alt=\"\" width=\"1688\" height=\"1074\" srcset=\"https:\/\/www.dombowties.com\/wp-content\/uploads\/2023\/01\/Screenshot-2023-01-04-at-00.44.28.png 1688w, https:\/\/www.dombowties.com\/wp-content\/uploads\/2023\/01\/Screenshot-2023-01-04-at-00.44.28-300x191.png 300w, https:\/\/www.dombowties.com\/wp-content\/uploads\/2023\/01\/Screenshot-2023-01-04-at-00.44.28-1024x652.png 1024w, https:\/\/www.dombowties.com\/wp-content\/uploads\/2023\/01\/Screenshot-2023-01-04-at-00.44.28-768x489.png 768w, https:\/\/www.dombowties.com\/wp-content\/uploads\/2023\/01\/Screenshot-2023-01-04-at-00.44.28-1536x977.png 1536w, https:\/\/www.dombowties.com\/wp-content\/uploads\/2023\/01\/Screenshot-2023-01-04-at-00.44.28-18x12.png 18w, https:\/\/www.dombowties.com\/wp-content\/uploads\/2023\/01\/Screenshot-2023-01-04-at-00.44.28-600x382.png 600w\" sizes=\"(max-width: 1688px) 100vw, 1688px\" \/><\/a> <a href=\"https:\/\/www.dombowties.com\/wp-content\/uploads\/2023\/01\/Screenshot-2023-01-04-at-00.44.47.png\"><img decoding=\"async\" class=\"alignnone size-full wp-image-12507\" src=\"https:\/\/www.dombowties.com\/wp-content\/uploads\/2023\/01\/Screenshot-2023-01-04-at-00.44.47.png\" alt=\"\" width=\"1516\" height=\"1146\" srcset=\"https:\/\/www.dombowties.com\/wp-content\/uploads\/2023\/01\/Screenshot-2023-01-04-at-00.44.47.png 1516w, https:\/\/www.dombowties.com\/wp-content\/uploads\/2023\/01\/Screenshot-2023-01-04-at-00.44.47-300x227.png 300w, https:\/\/www.dombowties.com\/wp-content\/uploads\/2023\/01\/Screenshot-2023-01-04-at-00.44.47-1024x774.png 1024w, https:\/\/www.dombowties.com\/wp-content\/uploads\/2023\/01\/Screenshot-2023-01-04-at-00.44.47-768x581.png 768w, https:\/\/www.dombowties.com\/wp-content\/uploads\/2023\/01\/Screenshot-2023-01-04-at-00.44.47-16x12.png 16w, https:\/\/www.dombowties.com\/wp-content\/uploads\/2023\/01\/Screenshot-2023-01-04-at-00.44.47-600x454.png 600w\" sizes=\"(max-width: 1516px) 100vw, 1516px\" \/><\/a><\/p>","protected":false},"excerpt":{"rendered":"<p>Vienas \u0161\u016bvis &#8211; du laimikiai! Toks yra \u0161is pasi\u016blymas!<\/p>\n<p>Pakvieskite drauges susitikti jaukiai popietei ir susikurkite aksesuarus, kurie taps eleganti\u0161ka ir prakti\u0161ka dovana &#8211; mylimajam, broliui, t\u0117\u010diui, s\u016bnui, s\u016bn\u0117nui, o gal kolegai ar kaimynui.<\/p>\n<ul>\n<li>Peteli\u0161k\u0117s spalv\u0105 ir audin\u012f i\u0161sirinksite i\u0161 gausyb\u0117s ruo\u0161ini\u0173;<\/li>\n<li>Suklostuosite j\u0105 pagal savo skon\u012f;<\/li>\n<li>I\u0161moksite prisi\u016bti reguliatori\u0173 ir \u012fstatyti kabliuk\u0105;<\/li>\n<li>Dailiai supakuosite.<\/li>\n<li>Smagiai praleisite laik\u0105 su bi\u010diul\u0117mis.<\/li>\n<\/ul>\n<p>Pasiseks visoms!<\/p>\n<p>Trukm\u0117 &#8211; 1,5 val.<\/p>","protected":false},"featured_media":12505,"template":"","meta":[],"product_brand":[],"product_cat":[1176],"product_tag":[530,1178,1187,1183,447,1186,1179,1185,1184,1188],"class_list":{"0":"post-12503","1":"product","2":"type-product","3":"status-publish","4":"has-post-thumbnail","6":"product_cat-proga-pasipuosti","7":"product_tag-aksesuarai","8":"product_tag-dirbtuves","9":"product_tag-drauges","10":"product_tag-edukacija-apie-elegancija","11":"product_tag-gera-dovana","12":"product_tag-gimtadienio-pramoga","13":"product_tag-kurybines-dirbtuves","14":"product_tag-mergvakario-ideja","15":"product_tag-pramoga-dviems","16":"product_tag-pramogos-draugems","18":"first","19":"instock","20":"purchasable","21":"product-type-simple"},"yoast_head":"<!-- This site is optimized with the Yoast SEO plugin v25.5 - https:\/\/yoast.com\/wordpress\/plugins\/seo\/ -->\n<title>Pramoga draug\u0117ms: peteli\u0161k\u0117s siuvimo edukacija (2-3 asmenims) - Peteli&scaron;ki\u0173 namai | Dom Bow Ties<\/title>\n<meta name=\"robots\" content=\"index, follow, max-snippet:-1, max-image-preview:large, max-video-preview:-1\" \/>\n<link rel=\"canonical\" href=\"https:\/\/www.dombowties.com\/en\/product\/pramoga-draugems-peteliskes-siuvimo-edukacija-2-3-asmenims\/\" \/>\n<meta property=\"og:locale\" content=\"en_US\" \/>\n<meta property=\"og:type\" content=\"article\" \/>\n<meta property=\"og:title\" content=\"Pramoga draug\u0117ms: peteli\u0161k\u0117s siuvimo edukacija (2-3 asmenims) - Peteli&scaron;ki\u0173 namai | Dom Bow Ties\" \/>\n<meta property=\"og:description\" content=\"Vienas \u0161\u016bvis - du laimikiai! Toks yra \u0161is pasi\u016blymas!  Pakvieskite drauges susitikti jaukiai popietei ir susikurkite aksesuarus, kurie taps eleganti\u0161ka ir prakti\u0161ka dovana - mylimajam, broliui, t\u0117\u010diui, s\u016bnui, s\u016bn\u0117nui, o gal kolegai ar kaimynui.   Peteli\u0161k\u0117s spalv\u0105 ir audin\u012f i\u0161sirinksite i\u0161 gausyb\u0117s ruo\u0161ini\u0173;  Suklostuosite j\u0105 pagal savo skon\u012f;  I\u0161moksite prisi\u016bti reguliatori\u0173 ir \u012fstatyti kabliuk\u0105;  Dailiai supakuosite.  Smagiai praleisite laik\u0105 su bi\u010diul\u0117mis.  Pasiseks visoms!  Trukm\u0117 - 1,5 val.\" \/>\n<meta property=\"og:url\" content=\"https:\/\/www.dombowties.com\/en\/product\/pramoga-draugems-peteliskes-siuvimo-edukacija-2-3-asmenims\/\" \/>\n<meta property=\"og:site_name\" content=\"Peteli&scaron;ki\u0173 namai | Dom Bow Ties\" \/>\n<meta property=\"article:modified_time\" content=\"2024-04-20T12:06:39+00:00\" \/>\n<meta property=\"og:image\" content=\"https:\/\/www.dombowties.com\/wp-content\/uploads\/2023\/01\/magnit-merginos-simet-dovanos-rankdarbius-5672f06a56ad2.jpg\" \/>\n\t<meta property=\"og:image:width\" content=\"670\" \/>\n\t<meta property=\"og:image:height\" content=\"447\" \/>\n\t<meta property=\"og:image:type\" content=\"image\/jpeg\" \/>\n<meta name=\"twitter:card\" content=\"summary_large_image\" \/>\n<meta name=\"twitter:label1\" content=\"Est. reading time\" \/>\n\t<meta name=\"twitter:data1\" content=\"1 minute\" \/>\n<script type=\"application\/ld+json\" class=\"yoast-schema-graph\">{\"@context\":\"https:\/\/schema.org\",\"@graph\":[{\"@type\":\"WebPage\",\"@id\":\"https:\/\/www.dombowties.com\/produktas\/pramoga-draugems-peteliskes-siuvimo-edukacija-2-3-asmenims\/\",\"url\":\"https:\/\/www.dombowties.com\/produktas\/pramoga-draugems-peteliskes-siuvimo-edukacija-2-3-asmenims\/\",\"name\":\"Pramoga draug\u0117ms: peteli\u0161k\u0117s siuvimo edukacija (2-3 asmenims) - Peteli&scaron;ki\u0173 namai | Dom Bow Ties\",\"isPartOf\":{\"@id\":\"https:\/\/www.dombowties.com\/#website\"},\"primaryImageOfPage\":{\"@id\":\"https:\/\/www.dombowties.com\/produktas\/pramoga-draugems-peteliskes-siuvimo-edukacija-2-3-asmenims\/#primaryimage\"},\"image\":{\"@id\":\"https:\/\/www.dombowties.com\/produktas\/pramoga-draugems-peteliskes-siuvimo-edukacija-2-3-asmenims\/#primaryimage\"},\"thumbnailUrl\":\"https:\/\/www.dombowties.com\/wp-content\/uploads\/2023\/01\/magnit-merginos-simet-dovanos-rankdarbius-5672f06a56ad2.jpg\",\"datePublished\":\"2023-01-03T22:48:20+00:00\",\"dateModified\":\"2024-04-20T12:06:39+00:00\",\"breadcrumb\":{\"@id\":\"https:\/\/www.dombowties.com\/produktas\/pramoga-draugems-peteliskes-siuvimo-edukacija-2-3-asmenims\/#breadcrumb\"},\"inLanguage\":\"en-US\",\"potentialAction\":[{\"@type\":\"ReadAction\",\"target\":[\"https:\/\/www.dombowties.com\/produktas\/pramoga-draugems-peteliskes-siuvimo-edukacija-2-3-asmenims\/\"]}]},{\"@type\":\"ImageObject\",\"inLanguage\":\"en-US\",\"@id\":\"https:\/\/www.dombowties.com\/produktas\/pramoga-draugems-peteliskes-siuvimo-edukacija-2-3-asmenims\/#primaryimage\",\"url\":\"https:\/\/www.dombowties.com\/wp-content\/uploads\/2023\/01\/magnit-merginos-simet-dovanos-rankdarbius-5672f06a56ad2.jpg\",\"contentUrl\":\"https:\/\/www.dombowties.com\/wp-content\/uploads\/2023\/01\/magnit-merginos-simet-dovanos-rankdarbius-5672f06a56ad2.jpg\",\"width\":670,\"height\":447,\"caption\":\"pramoga draugems\"},{\"@type\":\"BreadcrumbList\",\"@id\":\"https:\/\/www.dombowties.com\/produktas\/pramoga-draugems-peteliskes-siuvimo-edukacija-2-3-asmenims\/#breadcrumb\",\"itemListElement\":[{\"@type\":\"ListItem\",\"position\":1,\"name\":\"Home\",\"item\":\"https:\/\/www.dombowties.com\/\"},{\"@type\":\"ListItem\",\"position\":2,\"name\":\"Parduotuv\u0117\",\"item\":\"https:\/\/www.dombowties.com\/parduotuve\/\"},{\"@type\":\"ListItem\",\"position\":3,\"name\":\"Pramoga draug\u0117ms: peteli\u0161k\u0117s siuvimo edukacija (2-3 asmenims)\"}]},{\"@type\":\"WebSite\",\"@id\":\"https:\/\/www.dombowties.com\/#website\",\"url\":\"https:\/\/www.dombowties.com\/\",\"name\":\"Peteli&scaron;ki\u0173 namai | Dom Bow Ties\",\"description\":\"Vyri&scaron;k\u0173 peteli&scaron;ki\u0173, s\u0105sag\u0173, kaklarai&scaron;\u010di\u0173 ir kit\u0173 vyri&scaron;k\u0173 aksesuar\u0173 parduotuv\u0117\",\"publisher\":{\"@id\":\"https:\/\/www.dombowties.com\/#organization\"},\"potentialAction\":[{\"@type\":\"SearchAction\",\"target\":{\"@type\":\"EntryPoint\",\"urlTemplate\":\"https:\/\/www.dombowties.com\/?s={search_term_string}\"},\"query-input\":{\"@type\":\"PropertyValueSpecification\",\"valueRequired\":true,\"valueName\":\"search_term_string\"}}],\"inLanguage\":\"en-US\"},{\"@type\":\"Organization\",\"@id\":\"https:\/\/www.dombowties.com\/#organization\",\"name\":\"Peteli\u0161ki\u0173 namai | Dom Bow Ties\",\"url\":\"https:\/\/www.dombowties.com\/\",\"logo\":{\"@type\":\"ImageObject\",\"inLanguage\":\"en-US\",\"@id\":\"https:\/\/www.dombowties.com\/#\/schema\/logo\/image\/\",\"url\":\"https:\/\/www.dombowties.com\/wp-content\/uploads\/2021\/06\/rsz_39154859_517797185342198_1243346040954814464_n.png\",\"contentUrl\":\"https:\/\/www.dombowties.com\/wp-content\/uploads\/2021\/06\/rsz_39154859_517797185342198_1243346040954814464_n.png\",\"width\":200,\"height\":56,\"caption\":\"Peteli\u0161ki\u0173 namai | Dom Bow Ties\"},\"image\":{\"@id\":\"https:\/\/www.dombowties.com\/#\/schema\/logo\/image\/\"}}]}<\/script>\n<!-- \/ Yoast SEO plugin. -->","yoast_head_json":{"title":"Pramoga draug\u0117ms: peteli\u0161k\u0117s siuvimo edukacija (2-3 asmenims) - Peteli&scaron;ki\u0173 namai | Dom Bow Ties","robots":{"index":"index","follow":"follow","max-snippet":"max-snippet:-1","max-image-preview":"max-image-preview:large","max-video-preview":"max-video-preview:-1"},"canonical":"https:\/\/www.dombowties.com\/en\/product\/pramoga-draugems-peteliskes-siuvimo-edukacija-2-3-asmenims\/","og_locale":"en_US","og_type":"article","og_title":"Pramoga draug\u0117ms: peteli\u0161k\u0117s siuvimo edukacija (2-3 asmenims) - Peteli&scaron;ki\u0173 namai | Dom Bow Ties","og_description":"Vienas \u0161\u016bvis - du laimikiai! Toks yra \u0161is pasi\u016blymas!  Pakvieskite drauges susitikti jaukiai popietei ir susikurkite aksesuarus, kurie taps eleganti\u0161ka ir prakti\u0161ka dovana - mylimajam, broliui, t\u0117\u010diui, s\u016bnui, s\u016bn\u0117nui, o gal kolegai ar kaimynui.   Peteli\u0161k\u0117s spalv\u0105 ir audin\u012f i\u0161sirinksite i\u0161 gausyb\u0117s ruo\u0161ini\u0173;  Suklostuosite j\u0105 pagal savo skon\u012f;  I\u0161moksite prisi\u016bti reguliatori\u0173 ir \u012fstatyti kabliuk\u0105;  Dailiai supakuosite.  Smagiai praleisite laik\u0105 su bi\u010diul\u0117mis.  Pasiseks visoms!  Trukm\u0117 - 1,5 val.","og_url":"https:\/\/www.dombowties.com\/en\/product\/pramoga-draugems-peteliskes-siuvimo-edukacija-2-3-asmenims\/","og_site_name":"Peteli&scaron;ki\u0173 namai | Dom Bow Ties","article_modified_time":"2024-04-20T12:06:39+00:00","og_image":[{"width":670,"height":447,"url":"https:\/\/www.dombowties.com\/wp-content\/uploads\/2023\/01\/magnit-merginos-simet-dovanos-rankdarbius-5672f06a56ad2.jpg","type":"image\/jpeg"}],"twitter_card":"summary_large_image","twitter_misc":{"Est. reading time":"1 minute"},"schema":{"@context":"https:\/\/schema.org","@graph":[{"@type":"WebPage","@id":"https:\/\/www.dombowties.com\/produktas\/pramoga-draugems-peteliskes-siuvimo-edukacija-2-3-asmenims\/","url":"https:\/\/www.dombowties.com\/produktas\/pramoga-draugems-peteliskes-siuvimo-edukacija-2-3-asmenims\/","name":"Pramoga draug\u0117ms: peteli\u0161k\u0117s siuvimo edukacija (2-3 asmenims) - Peteli&scaron;ki\u0173 namai | Dom Bow Ties","isPartOf":{"@id":"https:\/\/www.dombowties.com\/#website"},"primaryImageOfPage":{"@id":"https:\/\/www.dombowties.com\/produktas\/pramoga-draugems-peteliskes-siuvimo-edukacija-2-3-asmenims\/#primaryimage"},"image":{"@id":"https:\/\/www.dombowties.com\/produktas\/pramoga-draugems-peteliskes-siuvimo-edukacija-2-3-asmenims\/#primaryimage"},"thumbnailUrl":"https:\/\/www.dombowties.com\/wp-content\/uploads\/2023\/01\/magnit-merginos-simet-dovanos-rankdarbius-5672f06a56ad2.jpg","datePublished":"2023-01-03T22:48:20+00:00","dateModified":"2024-04-20T12:06:39+00:00","breadcrumb":{"@id":"https:\/\/www.dombowties.com\/produktas\/pramoga-draugems-peteliskes-siuvimo-edukacija-2-3-asmenims\/#breadcrumb"},"inLanguage":"en-US","potentialAction":[{"@type":"ReadAction","target":["https:\/\/www.dombowties.com\/produktas\/pramoga-draugems-peteliskes-siuvimo-edukacija-2-3-asmenims\/"]}]},{"@type":"ImageObject","inLanguage":"en-US","@id":"https:\/\/www.dombowties.com\/produktas\/pramoga-draugems-peteliskes-siuvimo-edukacija-2-3-asmenims\/#primaryimage","url":"https:\/\/www.dombowties.com\/wp-content\/uploads\/2023\/01\/magnit-merginos-simet-dovanos-rankdarbius-5672f06a56ad2.jpg","contentUrl":"https:\/\/www.dombowties.com\/wp-content\/uploads\/2023\/01\/magnit-merginos-simet-dovanos-rankdarbius-5672f06a56ad2.jpg","width":670,"height":447,"caption":"pramoga draugems"},{"@type":"BreadcrumbList","@id":"https:\/\/www.dombowties.com\/produktas\/pramoga-draugems-peteliskes-siuvimo-edukacija-2-3-asmenims\/#breadcrumb","itemListElement":[{"@type":"ListItem","position":1,"name":"Home","item":"https:\/\/www.dombowties.com\/"},{"@type":"ListItem","position":2,"name":"Parduotuv\u0117","item":"https:\/\/www.dombowties.com\/parduotuve\/"},{"@type":"ListItem","position":3,"name":"Pramoga draug\u0117ms: peteli\u0161k\u0117s siuvimo edukacija (2-3 asmenims)"}]},{"@type":"WebSite","@id":"https:\/\/www.dombowties.com\/#website","url":"https:\/\/www.dombowties.com\/","name":"Peteli&scaron;ki\u0173 namai | Dom Bow Ties","description":"Vyri&scaron;k\u0173 peteli&scaron;ki\u0173, s\u0105sag\u0173, kaklarai&scaron;\u010di\u0173 ir kit\u0173 vyri&scaron;k\u0173 aksesuar\u0173 parduotuv\u0117","publisher":{"@id":"https:\/\/www.dombowties.com\/#organization"},"potentialAction":[{"@type":"SearchAction","target":{"@type":"EntryPoint","urlTemplate":"https:\/\/www.dombowties.com\/?s={search_term_string}"},"query-input":{"@type":"PropertyValueSpecification","valueRequired":true,"valueName":"search_term_string"}}],"inLanguage":"en-US"},{"@type":"Organization","@id":"https:\/\/www.dombowties.com\/#organization","name":"Peteli\u0161ki\u0173 namai | Dom Bow Ties","url":"https:\/\/www.dombowties.com\/","logo":{"@type":"ImageObject","inLanguage":"en-US","@id":"https:\/\/www.dombowties.com\/#\/schema\/logo\/image\/","url":"https:\/\/www.dombowties.com\/wp-content\/uploads\/2021\/06\/rsz_39154859_517797185342198_1243346040954814464_n.png","contentUrl":"https:\/\/www.dombowties.com\/wp-content\/uploads\/2021\/06\/rsz_39154859_517797185342198_1243346040954814464_n.png","width":200,"height":56,"caption":"Peteli\u0161ki\u0173 namai | Dom Bow Ties"},"image":{"@id":"https:\/\/www.dombowties.com\/#\/schema\/logo\/image\/"}}]}},"_links":{"self":[{"href":"https:\/\/www.dombowties.com\/en\/wp-json\/wp\/v2\/product\/12503","targetHints":{"allow":["GET"]}}],"collection":[{"href":"https:\/\/www.dombowties.com\/en\/wp-json\/wp\/v2\/product"}],"about":[{"href":"https:\/\/www.dombowties.com\/en\/wp-json\/wp\/v2\/types\/product"}],"wp:featuredmedia":[{"embeddable":true,"href":"https:\/\/www.dombowties.com\/en\/wp-json\/wp\/v2\/media\/12505"}],"wp:attachment":[{"href":"https:\/\/www.dombowties.com\/en\/wp-json\/wp\/v2\/media?parent=12503"}],"wp:term":[{"taxonomy":"product_brand","embeddable":true,"href":"https:\/\/www.dombowties.com\/en\/wp-json\/wp\/v2\/product_brand?post=12503"},{"taxonomy":"product_cat","embeddable":true,"href":"https:\/\/www.dombowties.com\/en\/wp-json\/wp\/v2\/product_cat?post=12503"},{"taxonomy":"product_tag","embeddable":true,"href":"https:\/\/www.dombowties.com\/en\/wp-json\/wp\/v2\/product_tag?post=12503"}],"curies":[{"name":"wp","href":"https:\/\/api.w.org\/{rel}","templated":true}]}}