{"id":12501,"date":"2023-01-03T21:58:56","date_gmt":"2023-01-03T21:58:56","guid":{"rendered":"https:\/\/www.dombowties.com\/?post_type=product&#038;p=12501"},"modified":"2024-04-20T12:07:08","modified_gmt":"2024-04-20T12:07:08","slug":"edukacijadviems","status":"publish","type":"product","link":"https:\/\/www.dombowties.com\/en\/product\/edukacijadviems\/","title":{"rendered":"Edukacija porai &#8222;\u017davesys ir galia: viskas apie kaklo aksesuarus&#8221;"},"content":{"rendered":"","protected":false},"excerpt":{"rendered":"<p>&#8222;Tau reikia peteli\u0161k\u0117s&#8221;, &#8211; tokie \u017eod\u017eiai kartais nuskamba kaip nuosprendis, art\u0117jant savoms ar draug\u0173 vestuv\u0117ms, jubiliejui, spektakliui ar teminiam vakarui.<\/p>\n<p>D\u017eentelmenai apsiginkluoja kantrybe ir ie\u0161ko aksesuar\u0173, kurie der\u0117t\u0173 prie damos suknel\u0117s, bateli\u0173, papuo\u0161al\u0173 ar puok\u0161t\u0117s.<\/p>\n<p>\u017davu, bet mes linkime prad\u0117ti nuo kitko. Nuo \u017einojimo, k\u0105, pirmiausia, pa\u010diam vyrui suteikia toks aksesuaras? Kod\u0117l ne pirm\u0105 \u0161imtmet\u012f vyrai renkasi vienus ar kitus aksesuarus savo mar\u0161kini\u0173 apykaklei dekoruoti? Kas diktuoja \u0161ias madas ir kokios yra etiketo gair\u0117s? K\u0105 be \u017eod\u017ei\u0173 apie mus pasakoja aksesuarai ar sprendimas j\u0173 ned\u0117v\u0117ti ir kaip \u0161i\u0105 kalb\u0105 pakreipti sau naudinga linkme?<\/p>\n<p>Visi atsakymai ir smagios istorijos laukia &#8222;Peteli\u0161ki\u0173 namuose&#8221;.<\/p>\n<p>Pasi\u016blym\u0105 sudaro:<\/p>\n<ul>\n<li>Specialiai porai skirta edukacija (30 min)<\/li>\n<li>Jaukus laikas dviems su desertu ir kava\/arbata kaiminyst\u0117je \u012fsik\u016brusiame restorane &#8222;Lokys&#8221;<\/li>\n<\/ul>\n<p>\u012esigyt\u0105 kupon\u0105 atsi\u0173sime el. pa\u0161tu ar kitu b\u016bdu (jei nor\u0117site \u012fteikti kaip dovan\u0105).<\/p>\n<p>Laikas susitikimui derinamas lanks\u010diai info@lietuviskospeteliskes.lt arba 8-627-33328<\/p>","protected":false},"featured_media":12502,"template":"","meta":[],"product_brand":[],"product_cat":[1176],"product_tag":[530,1178,1181,1180,1183,447,1179,1182,1184],"class_list":{"0":"post-12501","1":"product","2":"type-product","3":"status-publish","4":"has-post-thumbnail","6":"product_cat-proga-pasipuosti","7":"product_tag-aksesuarai","8":"product_tag-dirbtuves","9":"product_tag-dovana-dviems","10":"product_tag-dovana-porai","11":"product_tag-edukacija-apie-elegancija","12":"product_tag-gera-dovana","13":"product_tag-kurybines-dirbtuves","14":"product_tag-laikas-dviems","15":"product_tag-pramoga-dviems","17":"first","18":"instock","19":"purchasable","20":"product-type-simple"},"yoast_head":"<!-- This site is optimized with the Yoast SEO plugin v25.5 - https:\/\/yoast.com\/wordpress\/plugins\/seo\/ -->\n<title>Edukacija porai &quot;\u017davesys ir galia: viskas apie kaklo aksesuarus&quot; - Peteli&scaron;ki\u0173 namai | Dom Bow Ties<\/title>\n<meta name=\"robots\" content=\"index, follow, max-snippet:-1, max-image-preview:large, max-video-preview:-1\" \/>\n<link rel=\"canonical\" href=\"https:\/\/www.dombowties.com\/en\/product\/edukacijadviems\/\" \/>\n<meta property=\"og:locale\" content=\"en_US\" \/>\n<meta property=\"og:type\" content=\"article\" \/>\n<meta property=\"og:title\" content=\"Edukacija porai &quot;\u017davesys ir galia: viskas apie kaklo aksesuarus&quot; - Peteli&scaron;ki\u0173 namai | Dom Bow Ties\" \/>\n<meta property=\"og:description\" content=\"&quot;Tau reikia peteli\u0161k\u0117s&quot;, - tokie \u017eod\u017eiai kartais nuskamba kaip nuosprendis, art\u0117jant savoms ar draug\u0173 vestuv\u0117ms, jubiliejui, spektakliui ar teminiam vakarui.  D\u017eentelmenai apsiginkluoja kantrybe ir ie\u0161ko aksesuar\u0173, kurie der\u0117t\u0173 prie damos suknel\u0117s, bateli\u0173, papuo\u0161al\u0173 ar puok\u0161t\u0117s.  \u017davu, bet mes linkime prad\u0117ti nuo kitko. Nuo \u017einojimo, k\u0105, pirmiausia, pa\u010diam vyrui suteikia toks aksesuaras? Kod\u0117l ne pirm\u0105 \u0161imtmet\u012f vyrai renkasi vienus ar kitus aksesuarus savo mar\u0161kini\u0173 apykaklei dekoruoti? Kas diktuoja \u0161ias madas ir kokios yra etiketo gair\u0117s? K\u0105 be \u017eod\u017ei\u0173 apie mus pasakoja aksesuarai ar sprendimas j\u0173 ned\u0117v\u0117ti ir kaip \u0161i\u0105 kalb\u0105 pakreipti sau naudinga linkme?  Visi atsakymai ir smagios istorijos laukia &quot;Peteli\u0161ki\u0173 namuose&quot;.  Pasi\u016blym\u0105 sudaro:   Specialiai porai skirta edukacija (30 min)  Jaukus laikas dviems su desertu ir kava\/arbata kaiminyst\u0117je \u012fsik\u016brusiame restorane &quot;Lokys&quot;  \u012esigyt\u0105 kupon\u0105 atsi\u0173sime el. pa\u0161tu ar kitu b\u016bdu (jei nor\u0117site \u012fteikti kaip dovan\u0105).  Laikas susitikimui derinamas lanks\u010diai info@lietuviskospeteliskes.lt arba 8-627-33328\" \/>\n<meta property=\"og:url\" content=\"https:\/\/www.dombowties.com\/en\/product\/edukacijadviems\/\" \/>\n<meta property=\"og:site_name\" content=\"Peteli&scaron;ki\u0173 namai | Dom Bow Ties\" \/>\n<meta property=\"article:modified_time\" content=\"2024-04-20T12:07:08+00:00\" \/>\n<meta property=\"og:image\" content=\"https:\/\/www.dombowties.com\/wp-content\/uploads\/2023\/01\/DSCF0252.jpg\" \/>\n\t<meta property=\"og:image:width\" content=\"1500\" \/>\n\t<meta property=\"og:image:height\" content=\"1000\" \/>\n\t<meta property=\"og:image:type\" content=\"image\/jpeg\" \/>\n<meta name=\"twitter:card\" content=\"summary_large_image\" \/>\n<script type=\"application\/ld+json\" class=\"yoast-schema-graph\">{\"@context\":\"https:\/\/schema.org\",\"@graph\":[{\"@type\":\"WebPage\",\"@id\":\"https:\/\/www.dombowties.com\/produktas\/edukacijadviems\/\",\"url\":\"https:\/\/www.dombowties.com\/produktas\/edukacijadviems\/\",\"name\":\"Edukacija porai \\\"\u017davesys ir galia: viskas apie kaklo aksesuarus\\\" - Peteli&scaron;ki\u0173 namai | Dom Bow Ties\",\"isPartOf\":{\"@id\":\"https:\/\/www.dombowties.com\/#website\"},\"primaryImageOfPage\":{\"@id\":\"https:\/\/www.dombowties.com\/produktas\/edukacijadviems\/#primaryimage\"},\"image\":{\"@id\":\"https:\/\/www.dombowties.com\/produktas\/edukacijadviems\/#primaryimage\"},\"thumbnailUrl\":\"https:\/\/www.dombowties.com\/wp-content\/uploads\/2023\/01\/DSCF0252.jpg\",\"datePublished\":\"2023-01-03T21:58:56+00:00\",\"dateModified\":\"2024-04-20T12:07:08+00:00\",\"breadcrumb\":{\"@id\":\"https:\/\/www.dombowties.com\/produktas\/edukacijadviems\/#breadcrumb\"},\"inLanguage\":\"en-US\",\"potentialAction\":[{\"@type\":\"ReadAction\",\"target\":[\"https:\/\/www.dombowties.com\/produktas\/edukacijadviems\/\"]}]},{\"@type\":\"ImageObject\",\"inLanguage\":\"en-US\",\"@id\":\"https:\/\/www.dombowties.com\/produktas\/edukacijadviems\/#primaryimage\",\"url\":\"https:\/\/www.dombowties.com\/wp-content\/uploads\/2023\/01\/DSCF0252.jpg\",\"contentUrl\":\"https:\/\/www.dombowties.com\/wp-content\/uploads\/2023\/01\/DSCF0252.jpg\",\"width\":1500,\"height\":1000,\"caption\":\"edukacija porai\"},{\"@type\":\"BreadcrumbList\",\"@id\":\"https:\/\/www.dombowties.com\/produktas\/edukacijadviems\/#breadcrumb\",\"itemListElement\":[{\"@type\":\"ListItem\",\"position\":1,\"name\":\"Home\",\"item\":\"https:\/\/www.dombowties.com\/\"},{\"@type\":\"ListItem\",\"position\":2,\"name\":\"Parduotuv\u0117\",\"item\":\"https:\/\/www.dombowties.com\/parduotuve\/\"},{\"@type\":\"ListItem\",\"position\":3,\"name\":\"Edukacija porai &#8222;\u017davesys ir galia: viskas apie kaklo aksesuarus&#8221;\"}]},{\"@type\":\"WebSite\",\"@id\":\"https:\/\/www.dombowties.com\/#website\",\"url\":\"https:\/\/www.dombowties.com\/\",\"name\":\"Peteli&scaron;ki\u0173 namai | Dom Bow Ties\",\"description\":\"Vyri&scaron;k\u0173 peteli&scaron;ki\u0173, s\u0105sag\u0173, kaklarai&scaron;\u010di\u0173 ir kit\u0173 vyri&scaron;k\u0173 aksesuar\u0173 parduotuv\u0117\",\"publisher\":{\"@id\":\"https:\/\/www.dombowties.com\/#organization\"},\"potentialAction\":[{\"@type\":\"SearchAction\",\"target\":{\"@type\":\"EntryPoint\",\"urlTemplate\":\"https:\/\/www.dombowties.com\/?s={search_term_string}\"},\"query-input\":{\"@type\":\"PropertyValueSpecification\",\"valueRequired\":true,\"valueName\":\"search_term_string\"}}],\"inLanguage\":\"en-US\"},{\"@type\":\"Organization\",\"@id\":\"https:\/\/www.dombowties.com\/#organization\",\"name\":\"Peteli\u0161ki\u0173 namai | Dom Bow Ties\",\"url\":\"https:\/\/www.dombowties.com\/\",\"logo\":{\"@type\":\"ImageObject\",\"inLanguage\":\"en-US\",\"@id\":\"https:\/\/www.dombowties.com\/#\/schema\/logo\/image\/\",\"url\":\"https:\/\/www.dombowties.com\/wp-content\/uploads\/2021\/06\/rsz_39154859_517797185342198_1243346040954814464_n.png\",\"contentUrl\":\"https:\/\/www.dombowties.com\/wp-content\/uploads\/2021\/06\/rsz_39154859_517797185342198_1243346040954814464_n.png\",\"width\":200,\"height\":56,\"caption\":\"Peteli\u0161ki\u0173 namai | Dom Bow Ties\"},\"image\":{\"@id\":\"https:\/\/www.dombowties.com\/#\/schema\/logo\/image\/\"}}]}<\/script>\n<!-- \/ Yoast SEO plugin. -->","yoast_head_json":{"title":"Edukacija porai \"\u017davesys ir galia: viskas apie kaklo aksesuarus\" - Peteli&scaron;ki\u0173 namai | Dom Bow Ties","robots":{"index":"index","follow":"follow","max-snippet":"max-snippet:-1","max-image-preview":"max-image-preview:large","max-video-preview":"max-video-preview:-1"},"canonical":"https:\/\/www.dombowties.com\/en\/product\/edukacijadviems\/","og_locale":"en_US","og_type":"article","og_title":"Edukacija porai \"\u017davesys ir galia: viskas apie kaklo aksesuarus\" - Peteli&scaron;ki\u0173 namai | Dom Bow Ties","og_description":"\"Tau reikia peteli\u0161k\u0117s\", - tokie \u017eod\u017eiai kartais nuskamba kaip nuosprendis, art\u0117jant savoms ar draug\u0173 vestuv\u0117ms, jubiliejui, spektakliui ar teminiam vakarui.  D\u017eentelmenai apsiginkluoja kantrybe ir ie\u0161ko aksesuar\u0173, kurie der\u0117t\u0173 prie damos suknel\u0117s, bateli\u0173, papuo\u0161al\u0173 ar puok\u0161t\u0117s.  \u017davu, bet mes linkime prad\u0117ti nuo kitko. Nuo \u017einojimo, k\u0105, pirmiausia, pa\u010diam vyrui suteikia toks aksesuaras? Kod\u0117l ne pirm\u0105 \u0161imtmet\u012f vyrai renkasi vienus ar kitus aksesuarus savo mar\u0161kini\u0173 apykaklei dekoruoti? Kas diktuoja \u0161ias madas ir kokios yra etiketo gair\u0117s? K\u0105 be \u017eod\u017ei\u0173 apie mus pasakoja aksesuarai ar sprendimas j\u0173 ned\u0117v\u0117ti ir kaip \u0161i\u0105 kalb\u0105 pakreipti sau naudinga linkme?  Visi atsakymai ir smagios istorijos laukia \"Peteli\u0161ki\u0173 namuose\".  Pasi\u016blym\u0105 sudaro:   Specialiai porai skirta edukacija (30 min)  Jaukus laikas dviems su desertu ir kava\/arbata kaiminyst\u0117je \u012fsik\u016brusiame restorane \"Lokys\"  \u012esigyt\u0105 kupon\u0105 atsi\u0173sime el. pa\u0161tu ar kitu b\u016bdu (jei nor\u0117site \u012fteikti kaip dovan\u0105).  Laikas susitikimui derinamas lanks\u010diai info@lietuviskospeteliskes.lt arba 8-627-33328","og_url":"https:\/\/www.dombowties.com\/en\/product\/edukacijadviems\/","og_site_name":"Peteli&scaron;ki\u0173 namai | Dom Bow Ties","article_modified_time":"2024-04-20T12:07:08+00:00","og_image":[{"width":1500,"height":1000,"url":"https:\/\/www.dombowties.com\/wp-content\/uploads\/2023\/01\/DSCF0252.jpg","type":"image\/jpeg"}],"twitter_card":"summary_large_image","schema":{"@context":"https:\/\/schema.org","@graph":[{"@type":"WebPage","@id":"https:\/\/www.dombowties.com\/produktas\/edukacijadviems\/","url":"https:\/\/www.dombowties.com\/produktas\/edukacijadviems\/","name":"Edukacija porai \"\u017davesys ir galia: viskas apie kaklo aksesuarus\" - Peteli&scaron;ki\u0173 namai | Dom Bow Ties","isPartOf":{"@id":"https:\/\/www.dombowties.com\/#website"},"primaryImageOfPage":{"@id":"https:\/\/www.dombowties.com\/produktas\/edukacijadviems\/#primaryimage"},"image":{"@id":"https:\/\/www.dombowties.com\/produktas\/edukacijadviems\/#primaryimage"},"thumbnailUrl":"https:\/\/www.dombowties.com\/wp-content\/uploads\/2023\/01\/DSCF0252.jpg","datePublished":"2023-01-03T21:58:56+00:00","dateModified":"2024-04-20T12:07:08+00:00","breadcrumb":{"@id":"https:\/\/www.dombowties.com\/produktas\/edukacijadviems\/#breadcrumb"},"inLanguage":"en-US","potentialAction":[{"@type":"ReadAction","target":["https:\/\/www.dombowties.com\/produktas\/edukacijadviems\/"]}]},{"@type":"ImageObject","inLanguage":"en-US","@id":"https:\/\/www.dombowties.com\/produktas\/edukacijadviems\/#primaryimage","url":"https:\/\/www.dombowties.com\/wp-content\/uploads\/2023\/01\/DSCF0252.jpg","contentUrl":"https:\/\/www.dombowties.com\/wp-content\/uploads\/2023\/01\/DSCF0252.jpg","width":1500,"height":1000,"caption":"edukacija porai"},{"@type":"BreadcrumbList","@id":"https:\/\/www.dombowties.com\/produktas\/edukacijadviems\/#breadcrumb","itemListElement":[{"@type":"ListItem","position":1,"name":"Home","item":"https:\/\/www.dombowties.com\/"},{"@type":"ListItem","position":2,"name":"Parduotuv\u0117","item":"https:\/\/www.dombowties.com\/parduotuve\/"},{"@type":"ListItem","position":3,"name":"Edukacija porai &#8222;\u017davesys ir galia: viskas apie kaklo aksesuarus&#8221;"}]},{"@type":"WebSite","@id":"https:\/\/www.dombowties.com\/#website","url":"https:\/\/www.dombowties.com\/","name":"Peteli&scaron;ki\u0173 namai | Dom Bow Ties","description":"Vyri&scaron;k\u0173 peteli&scaron;ki\u0173, s\u0105sag\u0173, kaklarai&scaron;\u010di\u0173 ir kit\u0173 vyri&scaron;k\u0173 aksesuar\u0173 parduotuv\u0117","publisher":{"@id":"https:\/\/www.dombowties.com\/#organization"},"potentialAction":[{"@type":"SearchAction","target":{"@type":"EntryPoint","urlTemplate":"https:\/\/www.dombowties.com\/?s={search_term_string}"},"query-input":{"@type":"PropertyValueSpecification","valueRequired":true,"valueName":"search_term_string"}}],"inLanguage":"en-US"},{"@type":"Organization","@id":"https:\/\/www.dombowties.com\/#organization","name":"Peteli\u0161ki\u0173 namai | Dom Bow Ties","url":"https:\/\/www.dombowties.com\/","logo":{"@type":"ImageObject","inLanguage":"en-US","@id":"https:\/\/www.dombowties.com\/#\/schema\/logo\/image\/","url":"https:\/\/www.dombowties.com\/wp-content\/uploads\/2021\/06\/rsz_39154859_517797185342198_1243346040954814464_n.png","contentUrl":"https:\/\/www.dombowties.com\/wp-content\/uploads\/2021\/06\/rsz_39154859_517797185342198_1243346040954814464_n.png","width":200,"height":56,"caption":"Peteli\u0161ki\u0173 namai | Dom Bow Ties"},"image":{"@id":"https:\/\/www.dombowties.com\/#\/schema\/logo\/image\/"}}]}},"_links":{"self":[{"href":"https:\/\/www.dombowties.com\/en\/wp-json\/wp\/v2\/product\/12501","targetHints":{"allow":["GET"]}}],"collection":[{"href":"https:\/\/www.dombowties.com\/en\/wp-json\/wp\/v2\/product"}],"about":[{"href":"https:\/\/www.dombowties.com\/en\/wp-json\/wp\/v2\/types\/product"}],"wp:featuredmedia":[{"embeddable":true,"href":"https:\/\/www.dombowties.com\/en\/wp-json\/wp\/v2\/media\/12502"}],"wp:attachment":[{"href":"https:\/\/www.dombowties.com\/en\/wp-json\/wp\/v2\/media?parent=12501"}],"wp:term":[{"taxonomy":"product_brand","embeddable":true,"href":"https:\/\/www.dombowties.com\/en\/wp-json\/wp\/v2\/product_brand?post=12501"},{"taxonomy":"product_cat","embeddable":true,"href":"https:\/\/www.dombowties.com\/en\/wp-json\/wp\/v2\/product_cat?post=12501"},{"taxonomy":"product_tag","embeddable":true,"href":"https:\/\/www.dombowties.com\/en\/wp-json\/wp\/v2\/product_tag?post=12501"}],"curies":[{"name":"wp","href":"https:\/\/api.w.org\/{rel}","templated":true}]}}