{"id":12316,"date":"2021-08-04T15:29:58","date_gmt":"2021-08-04T15:29:58","guid":{"rendered":"https:\/\/www.dombowties.com\/?post_type=product&#038;p=12316"},"modified":"2025-09-23T13:52:49","modified_gmt":"2025-09-23T13:52:49","slug":"vyriskos-sasagos-klasikines-jura","status":"publish","type":"product","link":"https:\/\/www.dombowties.com\/en\/product\/vyriskos-sasagos-klasikines-jura\/","title":{"rendered":"VYRI\u0160KOS S\u0104SAGOS | KLASIKIN\u0116S | J\u016aRA"},"content":{"rendered":"","protected":false},"excerpt":{"rendered":"<p><strong><span data-reactid=\".dv.$mid=11416820957889=253b78ddb9aabe75e08.2:0.0.0.0.0.0.$end:0:$8:0\">Sud\u0117tis: Bi\u017euterinis metalas<\/span><\/strong><br data-reactid=\".dv.$mid=11416820957889=253b78ddb9aabe75e08.2:0.0.0.0.0.0.$end:0:$15:0\" \/><span data-reactid=\".dv.$mid=11416820957889=253b78ddb9aabe75e08.2:0.0.0.0.0.0.$end:0:$16:0\"><strong>Tipas:<\/strong>\u00a0Paruo\u0161ta d\u0117v\u0117ti<\/span><\/p>","protected":false},"featured_media":12317,"template":"","meta":[],"product_brand":[],"product_cat":[79,139],"product_tag":[998,21,1147,447,1148,1023,997,1132,999,1033,740],"class_list":{"0":"post-12316","1":"product","2":"type-product","3":"status-publish","4":"has-post-thumbnail","6":"product_cat-sasagos","7":"product_cat-klasikines-sasagos","8":"product_tag-buriuotojui","9":"product_tag-dovana-vyrui","10":"product_tag-elegantiska-apranga","11":"product_tag-gera-dovana","12":"product_tag-hobis","13":"product_tag-inkaras","14":"product_tag-jura","15":"product_tag-jureivis","16":"product_tag-kapitonas","17":"product_tag-klasikinis-kostiumas","18":"product_tag-laivas","20":"first","21":"instock","22":"taxable","23":"shipping-taxable","24":"purchasable","25":"product-type-simple"},"yoast_head":"<!-- This site is optimized with the Yoast SEO plugin v25.5 - https:\/\/yoast.com\/wordpress\/plugins\/seo\/ -->\n<title>VYRI\u0160KOS S\u0104SAGOS | KLASIKIN\u0116S | J\u016aRA - Peteli&scaron;ki\u0173 namai | Dom Bow Ties<\/title>\n<meta name=\"robots\" content=\"index, follow, max-snippet:-1, max-image-preview:large, max-video-preview:-1\" \/>\n<link rel=\"canonical\" href=\"https:\/\/www.dombowties.com\/en\/product\/vyriskos-sasagos-klasikines-jura\/\" \/>\n<meta property=\"og:locale\" content=\"en_US\" \/>\n<meta property=\"og:type\" content=\"article\" \/>\n<meta property=\"og:title\" content=\"VYRI\u0160KOS S\u0104SAGOS | KLASIKIN\u0116S | J\u016aRA - Peteli&scaron;ki\u0173 namai | Dom Bow Ties\" \/>\n<meta property=\"og:description\" content=\"Sud\u0117tis: Bi\u017euterinis metalasTipas:\u00a0Paruo\u0161ta d\u0117v\u0117ti\" \/>\n<meta property=\"og:url\" content=\"https:\/\/www.dombowties.com\/en\/product\/vyriskos-sasagos-klasikines-jura\/\" \/>\n<meta property=\"og:site_name\" content=\"Peteli&scaron;ki\u0173 namai | Dom Bow Ties\" \/>\n<meta property=\"article:modified_time\" content=\"2025-09-23T13:52:49+00:00\" \/>\n<meta property=\"og:image\" content=\"https:\/\/www.dombowties.com\/wp-content\/uploads\/2021\/08\/DomBowTies_31_-4.jpg\" \/>\n\t<meta property=\"og:image:width\" content=\"803\" \/>\n\t<meta property=\"og:image:height\" content=\"557\" \/>\n\t<meta property=\"og:image:type\" content=\"image\/jpeg\" \/>\n<meta name=\"twitter:card\" content=\"summary_large_image\" \/>\n<script type=\"application\/ld+json\" class=\"yoast-schema-graph\">{\"@context\":\"https:\/\/schema.org\",\"@graph\":[{\"@type\":\"WebPage\",\"@id\":\"https:\/\/www.dombowties.com\/produktas\/vyriskos-sasagos-klasikines-jura\/\",\"url\":\"https:\/\/www.dombowties.com\/produktas\/vyriskos-sasagos-klasikines-jura\/\",\"name\":\"VYRI\u0160KOS S\u0104SAGOS | KLASIKIN\u0116S | J\u016aRA - Peteli&scaron;ki\u0173 namai | Dom Bow Ties\",\"isPartOf\":{\"@id\":\"https:\/\/www.dombowties.com\/#website\"},\"primaryImageOfPage\":{\"@id\":\"https:\/\/www.dombowties.com\/produktas\/vyriskos-sasagos-klasikines-jura\/#primaryimage\"},\"image\":{\"@id\":\"https:\/\/www.dombowties.com\/produktas\/vyriskos-sasagos-klasikines-jura\/#primaryimage\"},\"thumbnailUrl\":\"https:\/\/www.dombowties.com\/wp-content\/uploads\/2021\/08\/DomBowTies_31_-4.jpg\",\"datePublished\":\"2021-08-04T15:29:58+00:00\",\"dateModified\":\"2025-09-23T13:52:49+00:00\",\"breadcrumb\":{\"@id\":\"https:\/\/www.dombowties.com\/produktas\/vyriskos-sasagos-klasikines-jura\/#breadcrumb\"},\"inLanguage\":\"en-US\",\"potentialAction\":[{\"@type\":\"ReadAction\",\"target\":[\"https:\/\/www.dombowties.com\/produktas\/vyriskos-sasagos-klasikines-jura\/\"]}]},{\"@type\":\"ImageObject\",\"inLanguage\":\"en-US\",\"@id\":\"https:\/\/www.dombowties.com\/produktas\/vyriskos-sasagos-klasikines-jura\/#primaryimage\",\"url\":\"https:\/\/www.dombowties.com\/wp-content\/uploads\/2021\/08\/DomBowTies_31_-4.jpg\",\"contentUrl\":\"https:\/\/www.dombowties.com\/wp-content\/uploads\/2021\/08\/DomBowTies_31_-4.jpg\",\"width\":803,\"height\":557},{\"@type\":\"BreadcrumbList\",\"@id\":\"https:\/\/www.dombowties.com\/produktas\/vyriskos-sasagos-klasikines-jura\/#breadcrumb\",\"itemListElement\":[{\"@type\":\"ListItem\",\"position\":1,\"name\":\"Home\",\"item\":\"https:\/\/www.dombowties.com\/\"},{\"@type\":\"ListItem\",\"position\":2,\"name\":\"Parduotuv\u0117\",\"item\":\"https:\/\/www.dombowties.com\/parduotuve\/\"},{\"@type\":\"ListItem\",\"position\":3,\"name\":\"VYRI\u0160KOS S\u0104SAGOS | KLASIKIN\u0116S | J\u016aRA\"}]},{\"@type\":\"WebSite\",\"@id\":\"https:\/\/www.dombowties.com\/#website\",\"url\":\"https:\/\/www.dombowties.com\/\",\"name\":\"Peteli&scaron;ki\u0173 namai | Dom Bow Ties\",\"description\":\"Vyri&scaron;k\u0173 peteli&scaron;ki\u0173, s\u0105sag\u0173, kaklarai&scaron;\u010di\u0173 ir kit\u0173 vyri&scaron;k\u0173 aksesuar\u0173 parduotuv\u0117\",\"publisher\":{\"@id\":\"https:\/\/www.dombowties.com\/#organization\"},\"potentialAction\":[{\"@type\":\"SearchAction\",\"target\":{\"@type\":\"EntryPoint\",\"urlTemplate\":\"https:\/\/www.dombowties.com\/?s={search_term_string}\"},\"query-input\":{\"@type\":\"PropertyValueSpecification\",\"valueRequired\":true,\"valueName\":\"search_term_string\"}}],\"inLanguage\":\"en-US\"},{\"@type\":\"Organization\",\"@id\":\"https:\/\/www.dombowties.com\/#organization\",\"name\":\"Peteli\u0161ki\u0173 namai | Dom Bow Ties\",\"url\":\"https:\/\/www.dombowties.com\/\",\"logo\":{\"@type\":\"ImageObject\",\"inLanguage\":\"en-US\",\"@id\":\"https:\/\/www.dombowties.com\/#\/schema\/logo\/image\/\",\"url\":\"https:\/\/www.dombowties.com\/wp-content\/uploads\/2021\/06\/rsz_39154859_517797185342198_1243346040954814464_n.png\",\"contentUrl\":\"https:\/\/www.dombowties.com\/wp-content\/uploads\/2021\/06\/rsz_39154859_517797185342198_1243346040954814464_n.png\",\"width\":200,\"height\":56,\"caption\":\"Peteli\u0161ki\u0173 namai | Dom Bow Ties\"},\"image\":{\"@id\":\"https:\/\/www.dombowties.com\/#\/schema\/logo\/image\/\"}}]}<\/script>\n<!-- \/ Yoast SEO plugin. -->","yoast_head_json":{"title":"VYRI\u0160KOS S\u0104SAGOS | KLASIKIN\u0116S | J\u016aRA - Peteli&scaron;ki\u0173 namai | Dom Bow Ties","robots":{"index":"index","follow":"follow","max-snippet":"max-snippet:-1","max-image-preview":"max-image-preview:large","max-video-preview":"max-video-preview:-1"},"canonical":"https:\/\/www.dombowties.com\/en\/product\/vyriskos-sasagos-klasikines-jura\/","og_locale":"en_US","og_type":"article","og_title":"VYRI\u0160KOS S\u0104SAGOS | KLASIKIN\u0116S | J\u016aRA - Peteli&scaron;ki\u0173 namai | Dom Bow Ties","og_description":"Sud\u0117tis: Bi\u017euterinis metalasTipas:\u00a0Paruo\u0161ta d\u0117v\u0117ti","og_url":"https:\/\/www.dombowties.com\/en\/product\/vyriskos-sasagos-klasikines-jura\/","og_site_name":"Peteli&scaron;ki\u0173 namai | Dom Bow Ties","article_modified_time":"2025-09-23T13:52:49+00:00","og_image":[{"width":803,"height":557,"url":"https:\/\/www.dombowties.com\/wp-content\/uploads\/2021\/08\/DomBowTies_31_-4.jpg","type":"image\/jpeg"}],"twitter_card":"summary_large_image","schema":{"@context":"https:\/\/schema.org","@graph":[{"@type":"WebPage","@id":"https:\/\/www.dombowties.com\/produktas\/vyriskos-sasagos-klasikines-jura\/","url":"https:\/\/www.dombowties.com\/produktas\/vyriskos-sasagos-klasikines-jura\/","name":"VYRI\u0160KOS S\u0104SAGOS | KLASIKIN\u0116S | J\u016aRA - Peteli&scaron;ki\u0173 namai | Dom Bow Ties","isPartOf":{"@id":"https:\/\/www.dombowties.com\/#website"},"primaryImageOfPage":{"@id":"https:\/\/www.dombowties.com\/produktas\/vyriskos-sasagos-klasikines-jura\/#primaryimage"},"image":{"@id":"https:\/\/www.dombowties.com\/produktas\/vyriskos-sasagos-klasikines-jura\/#primaryimage"},"thumbnailUrl":"https:\/\/www.dombowties.com\/wp-content\/uploads\/2021\/08\/DomBowTies_31_-4.jpg","datePublished":"2021-08-04T15:29:58+00:00","dateModified":"2025-09-23T13:52:49+00:00","breadcrumb":{"@id":"https:\/\/www.dombowties.com\/produktas\/vyriskos-sasagos-klasikines-jura\/#breadcrumb"},"inLanguage":"en-US","potentialAction":[{"@type":"ReadAction","target":["https:\/\/www.dombowties.com\/produktas\/vyriskos-sasagos-klasikines-jura\/"]}]},{"@type":"ImageObject","inLanguage":"en-US","@id":"https:\/\/www.dombowties.com\/produktas\/vyriskos-sasagos-klasikines-jura\/#primaryimage","url":"https:\/\/www.dombowties.com\/wp-content\/uploads\/2021\/08\/DomBowTies_31_-4.jpg","contentUrl":"https:\/\/www.dombowties.com\/wp-content\/uploads\/2021\/08\/DomBowTies_31_-4.jpg","width":803,"height":557},{"@type":"BreadcrumbList","@id":"https:\/\/www.dombowties.com\/produktas\/vyriskos-sasagos-klasikines-jura\/#breadcrumb","itemListElement":[{"@type":"ListItem","position":1,"name":"Home","item":"https:\/\/www.dombowties.com\/"},{"@type":"ListItem","position":2,"name":"Parduotuv\u0117","item":"https:\/\/www.dombowties.com\/parduotuve\/"},{"@type":"ListItem","position":3,"name":"VYRI\u0160KOS S\u0104SAGOS | KLASIKIN\u0116S | J\u016aRA"}]},{"@type":"WebSite","@id":"https:\/\/www.dombowties.com\/#website","url":"https:\/\/www.dombowties.com\/","name":"Peteli&scaron;ki\u0173 namai | Dom Bow Ties","description":"Vyri&scaron;k\u0173 peteli&scaron;ki\u0173, s\u0105sag\u0173, kaklarai&scaron;\u010di\u0173 ir kit\u0173 vyri&scaron;k\u0173 aksesuar\u0173 parduotuv\u0117","publisher":{"@id":"https:\/\/www.dombowties.com\/#organization"},"potentialAction":[{"@type":"SearchAction","target":{"@type":"EntryPoint","urlTemplate":"https:\/\/www.dombowties.com\/?s={search_term_string}"},"query-input":{"@type":"PropertyValueSpecification","valueRequired":true,"valueName":"search_term_string"}}],"inLanguage":"en-US"},{"@type":"Organization","@id":"https:\/\/www.dombowties.com\/#organization","name":"Peteli\u0161ki\u0173 namai | Dom Bow Ties","url":"https:\/\/www.dombowties.com\/","logo":{"@type":"ImageObject","inLanguage":"en-US","@id":"https:\/\/www.dombowties.com\/#\/schema\/logo\/image\/","url":"https:\/\/www.dombowties.com\/wp-content\/uploads\/2021\/06\/rsz_39154859_517797185342198_1243346040954814464_n.png","contentUrl":"https:\/\/www.dombowties.com\/wp-content\/uploads\/2021\/06\/rsz_39154859_517797185342198_1243346040954814464_n.png","width":200,"height":56,"caption":"Peteli\u0161ki\u0173 namai | Dom Bow Ties"},"image":{"@id":"https:\/\/www.dombowties.com\/#\/schema\/logo\/image\/"}}]}},"_links":{"self":[{"href":"https:\/\/www.dombowties.com\/en\/wp-json\/wp\/v2\/product\/12316","targetHints":{"allow":["GET"]}}],"collection":[{"href":"https:\/\/www.dombowties.com\/en\/wp-json\/wp\/v2\/product"}],"about":[{"href":"https:\/\/www.dombowties.com\/en\/wp-json\/wp\/v2\/types\/product"}],"wp:featuredmedia":[{"embeddable":true,"href":"https:\/\/www.dombowties.com\/en\/wp-json\/wp\/v2\/media\/12317"}],"wp:attachment":[{"href":"https:\/\/www.dombowties.com\/en\/wp-json\/wp\/v2\/media?parent=12316"}],"wp:term":[{"taxonomy":"product_brand","embeddable":true,"href":"https:\/\/www.dombowties.com\/en\/wp-json\/wp\/v2\/product_brand?post=12316"},{"taxonomy":"product_cat","embeddable":true,"href":"https:\/\/www.dombowties.com\/en\/wp-json\/wp\/v2\/product_cat?post=12316"},{"taxonomy":"product_tag","embeddable":true,"href":"https:\/\/www.dombowties.com\/en\/wp-json\/wp\/v2\/product_tag?post=12316"}],"curies":[{"name":"wp","href":"https:\/\/api.w.org\/{rel}","templated":true}]}}