{"id":12170,"date":"2021-07-31T13:25:27","date_gmt":"2021-07-31T13:25:27","guid":{"rendered":"https:\/\/www.dombowties.com\/?post_type=product&#038;p=12170"},"modified":"2024-06-24T10:31:58","modified_gmt":"2024-06-24T10:31:58","slug":"peteliske-varlyte-melyna-alyvine-juostuota","status":"publish","type":"product","link":"https:\/\/www.dombowties.com\/en\/product\/peteliske-varlyte-melyna-alyvine-juostuota\/","title":{"rendered":"Peteli\u0161k\u0117 | varlyt\u0117 | tamsiai m\u0117lyna | ayvin\u0117 | juostuota"},"content":{"rendered":"","protected":false},"excerpt":{"rendered":"<p><span data-reactid=\".dv.$mid=11416820957889=253b78ddb9aabe75e08.2:0.0.0.0.0.0.$end:0:$4:0\">Klasikin\u0117s formos ir dyd\u017eio kruop\u0161\u010diai pasi\u016bta rank\u0173 darbo peteli\u0161k\u0117. Kiekvien\u0105 peteli\u0161k\u0119 pakuojame \u012f jai skirt\u0105 d\u0117\u017eut\u0119.<\/span><\/p>\n<p><strong><span data-reactid=\".dv.$mid=11416820957889=253b78ddb9aabe75e08.2:0.0.0.0.0.0.$end:0:$8:0\">Sud\u0117tis:\u00a0<\/span><\/strong>100% itali\u0161kas \u0161ilkas<\/p>\n<p><span data-reactid=\".dv.$mid=11416820957889=253b78ddb9aabe75e08.2:0.0.0.0.0.0.$end:0:$16:0\"><strong>Tipas:<\/strong>\u00a0Paruo\u0161ta d\u0117v\u0117ti<\/span><\/p>\n<p><strong><span data-reactid=\".dv.$mid=11416820957889=253b78ddb9aabe75e08.2:0.0.0.0.0.0.$end:0:$24:0\">U\u017esegimas:\u00a0<\/span><\/strong><span data-reactid=\".dv.$mid=11416820957889=253b78ddb9aabe75e08.2:0.0.0.0.0.0.$end:0:$28:0\">Juostel\u0117 su metaliniu kabliuku ir reguliatoriumi.<\/span><br data-reactid=\".dv.$mid=11416820957889=253b78ddb9aabe75e08.2:0.0.0.0.0.0.$end:0:$29:0\" \/><span data-reactid=\".dv.$mid=11416820957889=253b78ddb9aabe75e08.2:0.0.0.0.0.0.$end:0:$32:0\">Tinka bet kokios apimties kaklui. Pirm\u0105 kart\u0105 sureguliavus, kitus kartus teliks u\u017esisegti.\u00a0<\/span><\/p>","protected":false},"featured_media":12729,"template":"","meta":[],"product_brand":[],"product_cat":[143,18,91],"product_tag":[1207,21,447,224,22,324,1225,836,23],"class_list":{"0":"post-12170","1":"product","2":"type-product","3":"status-publish","4":"has-post-thumbnail","6":"product_cat-prabangios-silkines-petelikes","7":"product_cat-silkines-varlytes-klasikines","8":"product_cat-silkines-varlytes-dziazas","9":"product_tag-blue-bow-tie","10":"product_tag-dovana-vyrui","11":"product_tag-gera-dovana","12":"product_tag-marga","13":"product_tag-peteliske","14":"product_tag-silkas","15":"product_tag-sriped-bow-tie","16":"product_tag-svente","17":"product_tag-varlyte","19":"first","20":"instock","21":"taxable","22":"shipping-taxable","23":"purchasable","24":"product-type-simple"},"yoast_head":"<!-- This site is optimized with the Yoast SEO plugin v25.5 - https:\/\/yoast.com\/wordpress\/plugins\/seo\/ -->\n<title>Peteli\u0161k\u0117 | varlyt\u0117 | tamsiai m\u0117lyna | ayvin\u0117 | juostuota - Peteli&scaron;ki\u0173 namai | Dom Bow Ties<\/title>\n<meta name=\"robots\" content=\"index, follow, max-snippet:-1, max-image-preview:large, max-video-preview:-1\" \/>\n<link rel=\"canonical\" href=\"https:\/\/www.dombowties.com\/en\/product\/peteliske-varlyte-melyna-alyvine-juostuota\/\" \/>\n<meta property=\"og:locale\" content=\"en_US\" \/>\n<meta property=\"og:type\" content=\"article\" \/>\n<meta property=\"og:title\" content=\"Peteli\u0161k\u0117 | varlyt\u0117 | tamsiai m\u0117lyna | ayvin\u0117 | juostuota - Peteli&scaron;ki\u0173 namai | Dom Bow Ties\" \/>\n<meta property=\"og:description\" content=\"Klasikin\u0117s formos ir dyd\u017eio kruop\u0161\u010diai pasi\u016bta rank\u0173 darbo peteli\u0161k\u0117. Kiekvien\u0105 peteli\u0161k\u0119 pakuojame \u012f jai skirt\u0105 d\u0117\u017eut\u0119.  Sud\u0117tis:\u00a0100% itali\u0161kas \u0161ilkas  Tipas:\u00a0Paruo\u0161ta d\u0117v\u0117ti  U\u017esegimas:\u00a0Juostel\u0117 su metaliniu kabliuku ir reguliatoriumi.Tinka bet kokios apimties kaklui. Pirm\u0105 kart\u0105 sureguliavus, kitus kartus teliks u\u017esisegti.\u00a0\" \/>\n<meta property=\"og:url\" content=\"https:\/\/www.dombowties.com\/en\/product\/peteliske-varlyte-melyna-alyvine-juostuota\/\" \/>\n<meta property=\"og:site_name\" content=\"Peteli&scaron;ki\u0173 namai | Dom Bow Ties\" \/>\n<meta property=\"article:modified_time\" content=\"2024-06-24T10:31:58+00:00\" \/>\n<meta property=\"og:image\" content=\"https:\/\/www.dombowties.com\/wp-content\/uploads\/2021\/07\/7A171E2C-AC82-4DCD-9391-099153F47BBA.jpeg\" \/>\n\t<meta property=\"og:image:width\" content=\"640\" \/>\n\t<meta property=\"og:image:height\" content=\"480\" \/>\n\t<meta property=\"og:image:type\" content=\"image\/jpeg\" \/>\n<meta name=\"twitter:card\" content=\"summary_large_image\" \/>\n<script type=\"application\/ld+json\" class=\"yoast-schema-graph\">{\"@context\":\"https:\/\/schema.org\",\"@graph\":[{\"@type\":\"WebPage\",\"@id\":\"https:\/\/www.dombowties.com\/produktas\/peteliske-varlyte-melyna-alyvine-juostuota\/\",\"url\":\"https:\/\/www.dombowties.com\/produktas\/peteliske-varlyte-melyna-alyvine-juostuota\/\",\"name\":\"Peteli\u0161k\u0117 | varlyt\u0117 | tamsiai m\u0117lyna | ayvin\u0117 | juostuota - Peteli&scaron;ki\u0173 namai | Dom Bow Ties\",\"isPartOf\":{\"@id\":\"https:\/\/www.dombowties.com\/#website\"},\"primaryImageOfPage\":{\"@id\":\"https:\/\/www.dombowties.com\/produktas\/peteliske-varlyte-melyna-alyvine-juostuota\/#primaryimage\"},\"image\":{\"@id\":\"https:\/\/www.dombowties.com\/produktas\/peteliske-varlyte-melyna-alyvine-juostuota\/#primaryimage\"},\"thumbnailUrl\":\"https:\/\/www.dombowties.com\/wp-content\/uploads\/2021\/07\/7A171E2C-AC82-4DCD-9391-099153F47BBA.jpeg\",\"datePublished\":\"2021-07-31T13:25:27+00:00\",\"dateModified\":\"2024-06-24T10:31:58+00:00\",\"breadcrumb\":{\"@id\":\"https:\/\/www.dombowties.com\/produktas\/peteliske-varlyte-melyna-alyvine-juostuota\/#breadcrumb\"},\"inLanguage\":\"en-US\",\"potentialAction\":[{\"@type\":\"ReadAction\",\"target\":[\"https:\/\/www.dombowties.com\/produktas\/peteliske-varlyte-melyna-alyvine-juostuota\/\"]}]},{\"@type\":\"ImageObject\",\"inLanguage\":\"en-US\",\"@id\":\"https:\/\/www.dombowties.com\/produktas\/peteliske-varlyte-melyna-alyvine-juostuota\/#primaryimage\",\"url\":\"https:\/\/www.dombowties.com\/wp-content\/uploads\/2021\/07\/7A171E2C-AC82-4DCD-9391-099153F47BBA.jpeg\",\"contentUrl\":\"https:\/\/www.dombowties.com\/wp-content\/uploads\/2021\/07\/7A171E2C-AC82-4DCD-9391-099153F47BBA.jpeg\",\"width\":640,\"height\":480},{\"@type\":\"BreadcrumbList\",\"@id\":\"https:\/\/www.dombowties.com\/produktas\/peteliske-varlyte-melyna-alyvine-juostuota\/#breadcrumb\",\"itemListElement\":[{\"@type\":\"ListItem\",\"position\":1,\"name\":\"Home\",\"item\":\"https:\/\/www.dombowties.com\/\"},{\"@type\":\"ListItem\",\"position\":2,\"name\":\"Parduotuv\u0117\",\"item\":\"https:\/\/www.dombowties.com\/parduotuve\/\"},{\"@type\":\"ListItem\",\"position\":3,\"name\":\"Peteli\u0161k\u0117 | varlyt\u0117 | tamsiai m\u0117lyna | ayvin\u0117 | juostuota\"}]},{\"@type\":\"WebSite\",\"@id\":\"https:\/\/www.dombowties.com\/#website\",\"url\":\"https:\/\/www.dombowties.com\/\",\"name\":\"Peteli&scaron;ki\u0173 namai | Dom Bow Ties\",\"description\":\"Vyri&scaron;k\u0173 peteli&scaron;ki\u0173, s\u0105sag\u0173, kaklarai&scaron;\u010di\u0173 ir kit\u0173 vyri&scaron;k\u0173 aksesuar\u0173 parduotuv\u0117\",\"publisher\":{\"@id\":\"https:\/\/www.dombowties.com\/#organization\"},\"potentialAction\":[{\"@type\":\"SearchAction\",\"target\":{\"@type\":\"EntryPoint\",\"urlTemplate\":\"https:\/\/www.dombowties.com\/?s={search_term_string}\"},\"query-input\":{\"@type\":\"PropertyValueSpecification\",\"valueRequired\":true,\"valueName\":\"search_term_string\"}}],\"inLanguage\":\"en-US\"},{\"@type\":\"Organization\",\"@id\":\"https:\/\/www.dombowties.com\/#organization\",\"name\":\"Peteli\u0161ki\u0173 namai | Dom Bow Ties\",\"url\":\"https:\/\/www.dombowties.com\/\",\"logo\":{\"@type\":\"ImageObject\",\"inLanguage\":\"en-US\",\"@id\":\"https:\/\/www.dombowties.com\/#\/schema\/logo\/image\/\",\"url\":\"https:\/\/www.dombowties.com\/wp-content\/uploads\/2021\/06\/rsz_39154859_517797185342198_1243346040954814464_n.png\",\"contentUrl\":\"https:\/\/www.dombowties.com\/wp-content\/uploads\/2021\/06\/rsz_39154859_517797185342198_1243346040954814464_n.png\",\"width\":200,\"height\":56,\"caption\":\"Peteli\u0161ki\u0173 namai | Dom Bow Ties\"},\"image\":{\"@id\":\"https:\/\/www.dombowties.com\/#\/schema\/logo\/image\/\"}}]}<\/script>\n<!-- \/ Yoast SEO plugin. -->","yoast_head_json":{"title":"Peteli\u0161k\u0117 | varlyt\u0117 | tamsiai m\u0117lyna | ayvin\u0117 | juostuota - Peteli&scaron;ki\u0173 namai | Dom Bow Ties","robots":{"index":"index","follow":"follow","max-snippet":"max-snippet:-1","max-image-preview":"max-image-preview:large","max-video-preview":"max-video-preview:-1"},"canonical":"https:\/\/www.dombowties.com\/en\/product\/peteliske-varlyte-melyna-alyvine-juostuota\/","og_locale":"en_US","og_type":"article","og_title":"Peteli\u0161k\u0117 | varlyt\u0117 | tamsiai m\u0117lyna | ayvin\u0117 | juostuota - Peteli&scaron;ki\u0173 namai | Dom Bow Ties","og_description":"Klasikin\u0117s formos ir dyd\u017eio kruop\u0161\u010diai pasi\u016bta rank\u0173 darbo peteli\u0161k\u0117. Kiekvien\u0105 peteli\u0161k\u0119 pakuojame \u012f jai skirt\u0105 d\u0117\u017eut\u0119.  Sud\u0117tis:\u00a0100% itali\u0161kas \u0161ilkas  Tipas:\u00a0Paruo\u0161ta d\u0117v\u0117ti  U\u017esegimas:\u00a0Juostel\u0117 su metaliniu kabliuku ir reguliatoriumi.Tinka bet kokios apimties kaklui. Pirm\u0105 kart\u0105 sureguliavus, kitus kartus teliks u\u017esisegti.\u00a0","og_url":"https:\/\/www.dombowties.com\/en\/product\/peteliske-varlyte-melyna-alyvine-juostuota\/","og_site_name":"Peteli&scaron;ki\u0173 namai | Dom Bow Ties","article_modified_time":"2024-06-24T10:31:58+00:00","og_image":[{"width":640,"height":480,"url":"https:\/\/www.dombowties.com\/wp-content\/uploads\/2021\/07\/7A171E2C-AC82-4DCD-9391-099153F47BBA.jpeg","type":"image\/jpeg"}],"twitter_card":"summary_large_image","schema":{"@context":"https:\/\/schema.org","@graph":[{"@type":"WebPage","@id":"https:\/\/www.dombowties.com\/produktas\/peteliske-varlyte-melyna-alyvine-juostuota\/","url":"https:\/\/www.dombowties.com\/produktas\/peteliske-varlyte-melyna-alyvine-juostuota\/","name":"Peteli\u0161k\u0117 | varlyt\u0117 | tamsiai m\u0117lyna | ayvin\u0117 | juostuota - Peteli&scaron;ki\u0173 namai | Dom Bow Ties","isPartOf":{"@id":"https:\/\/www.dombowties.com\/#website"},"primaryImageOfPage":{"@id":"https:\/\/www.dombowties.com\/produktas\/peteliske-varlyte-melyna-alyvine-juostuota\/#primaryimage"},"image":{"@id":"https:\/\/www.dombowties.com\/produktas\/peteliske-varlyte-melyna-alyvine-juostuota\/#primaryimage"},"thumbnailUrl":"https:\/\/www.dombowties.com\/wp-content\/uploads\/2021\/07\/7A171E2C-AC82-4DCD-9391-099153F47BBA.jpeg","datePublished":"2021-07-31T13:25:27+00:00","dateModified":"2024-06-24T10:31:58+00:00","breadcrumb":{"@id":"https:\/\/www.dombowties.com\/produktas\/peteliske-varlyte-melyna-alyvine-juostuota\/#breadcrumb"},"inLanguage":"en-US","potentialAction":[{"@type":"ReadAction","target":["https:\/\/www.dombowties.com\/produktas\/peteliske-varlyte-melyna-alyvine-juostuota\/"]}]},{"@type":"ImageObject","inLanguage":"en-US","@id":"https:\/\/www.dombowties.com\/produktas\/peteliske-varlyte-melyna-alyvine-juostuota\/#primaryimage","url":"https:\/\/www.dombowties.com\/wp-content\/uploads\/2021\/07\/7A171E2C-AC82-4DCD-9391-099153F47BBA.jpeg","contentUrl":"https:\/\/www.dombowties.com\/wp-content\/uploads\/2021\/07\/7A171E2C-AC82-4DCD-9391-099153F47BBA.jpeg","width":640,"height":480},{"@type":"BreadcrumbList","@id":"https:\/\/www.dombowties.com\/produktas\/peteliske-varlyte-melyna-alyvine-juostuota\/#breadcrumb","itemListElement":[{"@type":"ListItem","position":1,"name":"Home","item":"https:\/\/www.dombowties.com\/"},{"@type":"ListItem","position":2,"name":"Parduotuv\u0117","item":"https:\/\/www.dombowties.com\/parduotuve\/"},{"@type":"ListItem","position":3,"name":"Peteli\u0161k\u0117 | varlyt\u0117 | tamsiai m\u0117lyna | ayvin\u0117 | juostuota"}]},{"@type":"WebSite","@id":"https:\/\/www.dombowties.com\/#website","url":"https:\/\/www.dombowties.com\/","name":"Peteli&scaron;ki\u0173 namai | Dom Bow Ties","description":"Vyri&scaron;k\u0173 peteli&scaron;ki\u0173, s\u0105sag\u0173, kaklarai&scaron;\u010di\u0173 ir kit\u0173 vyri&scaron;k\u0173 aksesuar\u0173 parduotuv\u0117","publisher":{"@id":"https:\/\/www.dombowties.com\/#organization"},"potentialAction":[{"@type":"SearchAction","target":{"@type":"EntryPoint","urlTemplate":"https:\/\/www.dombowties.com\/?s={search_term_string}"},"query-input":{"@type":"PropertyValueSpecification","valueRequired":true,"valueName":"search_term_string"}}],"inLanguage":"en-US"},{"@type":"Organization","@id":"https:\/\/www.dombowties.com\/#organization","name":"Peteli\u0161ki\u0173 namai | Dom Bow Ties","url":"https:\/\/www.dombowties.com\/","logo":{"@type":"ImageObject","inLanguage":"en-US","@id":"https:\/\/www.dombowties.com\/#\/schema\/logo\/image\/","url":"https:\/\/www.dombowties.com\/wp-content\/uploads\/2021\/06\/rsz_39154859_517797185342198_1243346040954814464_n.png","contentUrl":"https:\/\/www.dombowties.com\/wp-content\/uploads\/2021\/06\/rsz_39154859_517797185342198_1243346040954814464_n.png","width":200,"height":56,"caption":"Peteli\u0161ki\u0173 namai | Dom Bow Ties"},"image":{"@id":"https:\/\/www.dombowties.com\/#\/schema\/logo\/image\/"}}]}},"_links":{"self":[{"href":"https:\/\/www.dombowties.com\/en\/wp-json\/wp\/v2\/product\/12170","targetHints":{"allow":["GET"]}}],"collection":[{"href":"https:\/\/www.dombowties.com\/en\/wp-json\/wp\/v2\/product"}],"about":[{"href":"https:\/\/www.dombowties.com\/en\/wp-json\/wp\/v2\/types\/product"}],"wp:featuredmedia":[{"embeddable":true,"href":"https:\/\/www.dombowties.com\/en\/wp-json\/wp\/v2\/media\/12729"}],"wp:attachment":[{"href":"https:\/\/www.dombowties.com\/en\/wp-json\/wp\/v2\/media?parent=12170"}],"wp:term":[{"taxonomy":"product_brand","embeddable":true,"href":"https:\/\/www.dombowties.com\/en\/wp-json\/wp\/v2\/product_brand?post=12170"},{"taxonomy":"product_cat","embeddable":true,"href":"https:\/\/www.dombowties.com\/en\/wp-json\/wp\/v2\/product_cat?post=12170"},{"taxonomy":"product_tag","embeddable":true,"href":"https:\/\/www.dombowties.com\/en\/wp-json\/wp\/v2\/product_tag?post=12170"}],"curies":[{"name":"wp","href":"https:\/\/api.w.org\/{rel}","templated":true}]}}