{"id":12152,"date":"2021-07-11T11:40:54","date_gmt":"2021-07-11T11:40:54","guid":{"rendered":"https:\/\/www.dombowties.com\/?post_type=product&#038;p=12152"},"modified":"2026-01-24T09:33:17","modified_gmt":"2026-01-24T09:33:17","slug":"dovanu-rinkinys-ryto-gaiva","status":"publish","type":"product","link":"https:\/\/www.dombowties.com\/en\/product\/dovanu-rinkinys-ryto-gaiva\/","title":{"rendered":"DOVAN\u0172 RINKINYS \/\/ RYTO GAIVA"},"content":{"rendered":"","protected":false},"excerpt":{"rendered":"<p>Lengv\u0173, gaivi\u0173 spalv\u0173 aksesuar\u0173 derinys vyrui:<\/p>\n<ul>\n<li>Klasikinio plo\u010dio, \u0161viesus, dienos kostiumui tinkantis kaklarai\u0161tis. Sud\u0117tis &#8211; \u0161ilkas.<\/li>\n<li>S\u0105sagos rankogaliams su tikr\u0173 rugiag\u0117li\u0173 \u017eiedlapiais.<\/li>\n<li>Auksinio raktelio simbolio kaklarai\u0161\u010dio segtukas.<\/li>\n<li>Romanti\u0161ka augal\u0173 motyvais marginta nosinait\u0117 \u012f ki\u0161en\u0119.<\/li>\n<\/ul>\n<p>Aksesuar\u0173 rinkinys Jus pasieks supakuotas \u012f juodo kartono d\u0117\u017eut\u0119 su dangteliu, perjuostu firmine peteli\u0161ki\u0173 nam\u0173 \u201cDom Bow Ties\u201d juosta \u2013 gal\u0117site i\u0161 karto \u012fteikti.<\/p>\n<p>Galime J\u016bs\u0173 dovan\u0105 nusi\u0173sti tiesiai \u017emogui, kur\u012f norite pasveikinti, prid\u0117dami ranka ra\u0161yt\u0105 palink\u0117jim\u0105. Jei pageidautum\u0117te, apie tai pamin\u0117kite u\u017esakymo pastaboje.<\/p>","protected":false},"featured_media":12153,"template":"","meta":[],"product_brand":[],"product_cat":[933],"product_tag":[21,447,1018,1025,70,1024,97],"class_list":{"0":"post-12152","1":"product","2":"type-product","3":"status-publish","4":"has-post-thumbnail","6":"product_cat-dovanu-rinkiniai","7":"product_tag-dovana-vyrui","8":"product_tag-gera-dovana","9":"product_tag-kaklaraistis","10":"product_tag-raktas-i-sirdi","11":"product_tag-rinkinys","12":"product_tag-rugiageles","13":"product_tag-sasagos","15":"first","16":"instock","17":"taxable","18":"shipping-taxable","19":"purchasable","20":"product-type-simple"},"yoast_head":"<!-- This site is optimized with the Yoast SEO plugin v25.5 - https:\/\/yoast.com\/wordpress\/plugins\/seo\/ -->\n<title>DOVAN\u0172 RINKINYS \/\/ RYTO GAIVA - Peteli&scaron;ki\u0173 namai | Dom Bow Ties<\/title>\n<meta name=\"robots\" content=\"index, follow, max-snippet:-1, max-image-preview:large, max-video-preview:-1\" \/>\n<link rel=\"canonical\" href=\"https:\/\/www.dombowties.com\/en\/product\/dovanu-rinkinys-ryto-gaiva\/\" \/>\n<meta property=\"og:locale\" content=\"en_US\" \/>\n<meta property=\"og:type\" content=\"article\" \/>\n<meta property=\"og:title\" content=\"DOVAN\u0172 RINKINYS \/\/ RYTO GAIVA - Peteli&scaron;ki\u0173 namai | Dom Bow Ties\" \/>\n<meta property=\"og:description\" content=\"Lengv\u0173, gaivi\u0173 spalv\u0173 aksesuar\u0173 derinys vyrui:   Klasikinio plo\u010dio, \u0161viesus, dienos kostiumui tinkantis kaklarai\u0161tis. Sud\u0117tis - \u0161ilkas.  S\u0105sagos rankogaliams su tikr\u0173 rugiag\u0117li\u0173 \u017eiedlapiais.  Auksinio raktelio simbolio kaklarai\u0161\u010dio segtukas.  Romanti\u0161ka augal\u0173 motyvais marginta nosinait\u0117 \u012f ki\u0161en\u0119.  Aksesuar\u0173 rinkinys Jus pasieks supakuotas \u012f juodo kartono d\u0117\u017eut\u0119 su dangteliu, perjuostu firmine peteli\u0161ki\u0173 nam\u0173 \u201cDom Bow Ties\u201d juosta \u2013 gal\u0117site i\u0161 karto \u012fteikti.  Galime J\u016bs\u0173 dovan\u0105 nusi\u0173sti tiesiai \u017emogui, kur\u012f norite pasveikinti, prid\u0117dami ranka ra\u0161yt\u0105 palink\u0117jim\u0105. Jei pageidautum\u0117te, apie tai pamin\u0117kite u\u017esakymo pastaboje.\" \/>\n<meta property=\"og:url\" content=\"https:\/\/www.dombowties.com\/en\/product\/dovanu-rinkinys-ryto-gaiva\/\" \/>\n<meta property=\"og:site_name\" content=\"Peteli&scaron;ki\u0173 namai | Dom Bow Ties\" \/>\n<meta property=\"article:modified_time\" content=\"2026-01-24T09:33:17+00:00\" \/>\n<meta property=\"og:image\" content=\"https:\/\/www.dombowties.com\/wp-content\/uploads\/2021\/07\/Dom_Bow_Ties_1-5.jpg\" \/>\n\t<meta property=\"og:image:width\" content=\"798\" \/>\n\t<meta property=\"og:image:height\" content=\"523\" \/>\n\t<meta property=\"og:image:type\" content=\"image\/jpeg\" \/>\n<meta name=\"twitter:card\" content=\"summary_large_image\" \/>\n<script type=\"application\/ld+json\" class=\"yoast-schema-graph\">{\"@context\":\"https:\/\/schema.org\",\"@graph\":[{\"@type\":\"WebPage\",\"@id\":\"https:\/\/www.dombowties.com\/produktas\/dovanu-rinkinys-ryto-gaiva\/\",\"url\":\"https:\/\/www.dombowties.com\/produktas\/dovanu-rinkinys-ryto-gaiva\/\",\"name\":\"DOVAN\u0172 RINKINYS \/\/ RYTO GAIVA - Peteli&scaron;ki\u0173 namai | Dom Bow Ties\",\"isPartOf\":{\"@id\":\"https:\/\/www.dombowties.com\/#website\"},\"primaryImageOfPage\":{\"@id\":\"https:\/\/www.dombowties.com\/produktas\/dovanu-rinkinys-ryto-gaiva\/#primaryimage\"},\"image\":{\"@id\":\"https:\/\/www.dombowties.com\/produktas\/dovanu-rinkinys-ryto-gaiva\/#primaryimage\"},\"thumbnailUrl\":\"https:\/\/www.dombowties.com\/wp-content\/uploads\/2021\/07\/Dom_Bow_Ties_1-5.jpg\",\"datePublished\":\"2021-07-11T11:40:54+00:00\",\"dateModified\":\"2026-01-24T09:33:17+00:00\",\"breadcrumb\":{\"@id\":\"https:\/\/www.dombowties.com\/produktas\/dovanu-rinkinys-ryto-gaiva\/#breadcrumb\"},\"inLanguage\":\"en-US\",\"potentialAction\":[{\"@type\":\"ReadAction\",\"target\":[\"https:\/\/www.dombowties.com\/produktas\/dovanu-rinkinys-ryto-gaiva\/\"]}]},{\"@type\":\"ImageObject\",\"inLanguage\":\"en-US\",\"@id\":\"https:\/\/www.dombowties.com\/produktas\/dovanu-rinkinys-ryto-gaiva\/#primaryimage\",\"url\":\"https:\/\/www.dombowties.com\/wp-content\/uploads\/2021\/07\/Dom_Bow_Ties_1-5.jpg\",\"contentUrl\":\"https:\/\/www.dombowties.com\/wp-content\/uploads\/2021\/07\/Dom_Bow_Ties_1-5.jpg\",\"width\":798,\"height\":523},{\"@type\":\"BreadcrumbList\",\"@id\":\"https:\/\/www.dombowties.com\/produktas\/dovanu-rinkinys-ryto-gaiva\/#breadcrumb\",\"itemListElement\":[{\"@type\":\"ListItem\",\"position\":1,\"name\":\"Home\",\"item\":\"https:\/\/www.dombowties.com\/\"},{\"@type\":\"ListItem\",\"position\":2,\"name\":\"Parduotuv\u0117\",\"item\":\"https:\/\/www.dombowties.com\/parduotuve\/\"},{\"@type\":\"ListItem\",\"position\":3,\"name\":\"DOVAN\u0172 RINKINYS \/\/ RYTO GAIVA\"}]},{\"@type\":\"WebSite\",\"@id\":\"https:\/\/www.dombowties.com\/#website\",\"url\":\"https:\/\/www.dombowties.com\/\",\"name\":\"Peteli&scaron;ki\u0173 namai | Dom Bow Ties\",\"description\":\"Vyri&scaron;k\u0173 peteli&scaron;ki\u0173, s\u0105sag\u0173, kaklarai&scaron;\u010di\u0173 ir kit\u0173 vyri&scaron;k\u0173 aksesuar\u0173 parduotuv\u0117\",\"publisher\":{\"@id\":\"https:\/\/www.dombowties.com\/#organization\"},\"potentialAction\":[{\"@type\":\"SearchAction\",\"target\":{\"@type\":\"EntryPoint\",\"urlTemplate\":\"https:\/\/www.dombowties.com\/?s={search_term_string}\"},\"query-input\":{\"@type\":\"PropertyValueSpecification\",\"valueRequired\":true,\"valueName\":\"search_term_string\"}}],\"inLanguage\":\"en-US\"},{\"@type\":\"Organization\",\"@id\":\"https:\/\/www.dombowties.com\/#organization\",\"name\":\"Peteli\u0161ki\u0173 namai | Dom Bow Ties\",\"url\":\"https:\/\/www.dombowties.com\/\",\"logo\":{\"@type\":\"ImageObject\",\"inLanguage\":\"en-US\",\"@id\":\"https:\/\/www.dombowties.com\/#\/schema\/logo\/image\/\",\"url\":\"https:\/\/www.dombowties.com\/wp-content\/uploads\/2021\/06\/rsz_39154859_517797185342198_1243346040954814464_n.png\",\"contentUrl\":\"https:\/\/www.dombowties.com\/wp-content\/uploads\/2021\/06\/rsz_39154859_517797185342198_1243346040954814464_n.png\",\"width\":200,\"height\":56,\"caption\":\"Peteli\u0161ki\u0173 namai | Dom Bow Ties\"},\"image\":{\"@id\":\"https:\/\/www.dombowties.com\/#\/schema\/logo\/image\/\"}}]}<\/script>\n<!-- \/ Yoast SEO plugin. -->","yoast_head_json":{"title":"DOVAN\u0172 RINKINYS \/\/ RYTO GAIVA - Peteli&scaron;ki\u0173 namai | Dom Bow Ties","robots":{"index":"index","follow":"follow","max-snippet":"max-snippet:-1","max-image-preview":"max-image-preview:large","max-video-preview":"max-video-preview:-1"},"canonical":"https:\/\/www.dombowties.com\/en\/product\/dovanu-rinkinys-ryto-gaiva\/","og_locale":"en_US","og_type":"article","og_title":"DOVAN\u0172 RINKINYS \/\/ RYTO GAIVA - Peteli&scaron;ki\u0173 namai | Dom Bow Ties","og_description":"Lengv\u0173, gaivi\u0173 spalv\u0173 aksesuar\u0173 derinys vyrui:   Klasikinio plo\u010dio, \u0161viesus, dienos kostiumui tinkantis kaklarai\u0161tis. Sud\u0117tis - \u0161ilkas.  S\u0105sagos rankogaliams su tikr\u0173 rugiag\u0117li\u0173 \u017eiedlapiais.  Auksinio raktelio simbolio kaklarai\u0161\u010dio segtukas.  Romanti\u0161ka augal\u0173 motyvais marginta nosinait\u0117 \u012f ki\u0161en\u0119.  Aksesuar\u0173 rinkinys Jus pasieks supakuotas \u012f juodo kartono d\u0117\u017eut\u0119 su dangteliu, perjuostu firmine peteli\u0161ki\u0173 nam\u0173 \u201cDom Bow Ties\u201d juosta \u2013 gal\u0117site i\u0161 karto \u012fteikti.  Galime J\u016bs\u0173 dovan\u0105 nusi\u0173sti tiesiai \u017emogui, kur\u012f norite pasveikinti, prid\u0117dami ranka ra\u0161yt\u0105 palink\u0117jim\u0105. Jei pageidautum\u0117te, apie tai pamin\u0117kite u\u017esakymo pastaboje.","og_url":"https:\/\/www.dombowties.com\/en\/product\/dovanu-rinkinys-ryto-gaiva\/","og_site_name":"Peteli&scaron;ki\u0173 namai | Dom Bow Ties","article_modified_time":"2026-01-24T09:33:17+00:00","og_image":[{"width":798,"height":523,"url":"https:\/\/www.dombowties.com\/wp-content\/uploads\/2021\/07\/Dom_Bow_Ties_1-5.jpg","type":"image\/jpeg"}],"twitter_card":"summary_large_image","schema":{"@context":"https:\/\/schema.org","@graph":[{"@type":"WebPage","@id":"https:\/\/www.dombowties.com\/produktas\/dovanu-rinkinys-ryto-gaiva\/","url":"https:\/\/www.dombowties.com\/produktas\/dovanu-rinkinys-ryto-gaiva\/","name":"DOVAN\u0172 RINKINYS \/\/ RYTO GAIVA - Peteli&scaron;ki\u0173 namai | Dom Bow Ties","isPartOf":{"@id":"https:\/\/www.dombowties.com\/#website"},"primaryImageOfPage":{"@id":"https:\/\/www.dombowties.com\/produktas\/dovanu-rinkinys-ryto-gaiva\/#primaryimage"},"image":{"@id":"https:\/\/www.dombowties.com\/produktas\/dovanu-rinkinys-ryto-gaiva\/#primaryimage"},"thumbnailUrl":"https:\/\/www.dombowties.com\/wp-content\/uploads\/2021\/07\/Dom_Bow_Ties_1-5.jpg","datePublished":"2021-07-11T11:40:54+00:00","dateModified":"2026-01-24T09:33:17+00:00","breadcrumb":{"@id":"https:\/\/www.dombowties.com\/produktas\/dovanu-rinkinys-ryto-gaiva\/#breadcrumb"},"inLanguage":"en-US","potentialAction":[{"@type":"ReadAction","target":["https:\/\/www.dombowties.com\/produktas\/dovanu-rinkinys-ryto-gaiva\/"]}]},{"@type":"ImageObject","inLanguage":"en-US","@id":"https:\/\/www.dombowties.com\/produktas\/dovanu-rinkinys-ryto-gaiva\/#primaryimage","url":"https:\/\/www.dombowties.com\/wp-content\/uploads\/2021\/07\/Dom_Bow_Ties_1-5.jpg","contentUrl":"https:\/\/www.dombowties.com\/wp-content\/uploads\/2021\/07\/Dom_Bow_Ties_1-5.jpg","width":798,"height":523},{"@type":"BreadcrumbList","@id":"https:\/\/www.dombowties.com\/produktas\/dovanu-rinkinys-ryto-gaiva\/#breadcrumb","itemListElement":[{"@type":"ListItem","position":1,"name":"Home","item":"https:\/\/www.dombowties.com\/"},{"@type":"ListItem","position":2,"name":"Parduotuv\u0117","item":"https:\/\/www.dombowties.com\/parduotuve\/"},{"@type":"ListItem","position":3,"name":"DOVAN\u0172 RINKINYS \/\/ RYTO GAIVA"}]},{"@type":"WebSite","@id":"https:\/\/www.dombowties.com\/#website","url":"https:\/\/www.dombowties.com\/","name":"Peteli&scaron;ki\u0173 namai | Dom Bow Ties","description":"Vyri&scaron;k\u0173 peteli&scaron;ki\u0173, s\u0105sag\u0173, kaklarai&scaron;\u010di\u0173 ir kit\u0173 vyri&scaron;k\u0173 aksesuar\u0173 parduotuv\u0117","publisher":{"@id":"https:\/\/www.dombowties.com\/#organization"},"potentialAction":[{"@type":"SearchAction","target":{"@type":"EntryPoint","urlTemplate":"https:\/\/www.dombowties.com\/?s={search_term_string}"},"query-input":{"@type":"PropertyValueSpecification","valueRequired":true,"valueName":"search_term_string"}}],"inLanguage":"en-US"},{"@type":"Organization","@id":"https:\/\/www.dombowties.com\/#organization","name":"Peteli\u0161ki\u0173 namai | Dom Bow Ties","url":"https:\/\/www.dombowties.com\/","logo":{"@type":"ImageObject","inLanguage":"en-US","@id":"https:\/\/www.dombowties.com\/#\/schema\/logo\/image\/","url":"https:\/\/www.dombowties.com\/wp-content\/uploads\/2021\/06\/rsz_39154859_517797185342198_1243346040954814464_n.png","contentUrl":"https:\/\/www.dombowties.com\/wp-content\/uploads\/2021\/06\/rsz_39154859_517797185342198_1243346040954814464_n.png","width":200,"height":56,"caption":"Peteli\u0161ki\u0173 namai | Dom Bow Ties"},"image":{"@id":"https:\/\/www.dombowties.com\/#\/schema\/logo\/image\/"}}]}},"_links":{"self":[{"href":"https:\/\/www.dombowties.com\/en\/wp-json\/wp\/v2\/product\/12152","targetHints":{"allow":["GET"]}}],"collection":[{"href":"https:\/\/www.dombowties.com\/en\/wp-json\/wp\/v2\/product"}],"about":[{"href":"https:\/\/www.dombowties.com\/en\/wp-json\/wp\/v2\/types\/product"}],"wp:featuredmedia":[{"embeddable":true,"href":"https:\/\/www.dombowties.com\/en\/wp-json\/wp\/v2\/media\/12153"}],"wp:attachment":[{"href":"https:\/\/www.dombowties.com\/en\/wp-json\/wp\/v2\/media?parent=12152"}],"wp:term":[{"taxonomy":"product_brand","embeddable":true,"href":"https:\/\/www.dombowties.com\/en\/wp-json\/wp\/v2\/product_brand?post=12152"},{"taxonomy":"product_cat","embeddable":true,"href":"https:\/\/www.dombowties.com\/en\/wp-json\/wp\/v2\/product_cat?post=12152"},{"taxonomy":"product_tag","embeddable":true,"href":"https:\/\/www.dombowties.com\/en\/wp-json\/wp\/v2\/product_tag?post=12152"}],"curies":[{"name":"wp","href":"https:\/\/api.w.org\/{rel}","templated":true}]}}