{"id":12150,"date":"2021-07-10T15:56:04","date_gmt":"2021-07-10T15:56:04","guid":{"rendered":"https:\/\/www.dombowties.com\/?post_type=product&#038;p=12150"},"modified":"2023-11-24T13:39:04","modified_gmt":"2023-11-24T13:39:04","slug":"dovanu-rinkinys-bangu-valdovas","status":"publish","type":"product","link":"https:\/\/www.dombowties.com\/en\/product\/dovanu-rinkinys-bangu-valdovas\/","title":{"rendered":"DOVAN\u0172 RINKINYS \/\/ BANG\u0172 VALDOVAS"},"content":{"rendered":"","protected":false},"excerpt":{"rendered":"<p>Lengvai atpa\u017e\u012fstamas kaklarai\u0161\u010dio languotas audinys, asocijuojasi su tradicijomis, o \u0161armo ir gaivos \u012fveda \u017eaismingos kojin\u0117s. Dovan\u0173 rinkinys vyrui:<\/p>\n<ul>\n<li>Klasikinio plo\u010dio kaklarai\u0161tis, rekomenduojame dienos kostiumui. Sud\u0117tis &#8211; \u0161ilkas.<\/li>\n<li>Vientisos, rutulio formos galuose, s\u0105sagos rankogaliams.<\/li>\n<li>Inkaru pa\u017eenklintas kaklarai\u0161\u010dio segtukas.<\/li>\n<li>Plonos medviln\u0117s ra\u0161tuotos kojin\u0117s &#8222;Skinija&#8221; (dydis 43-46).<\/li>\n<\/ul>\n<p>Aksesuar\u0173 rinkinys Jus pasieks supakuotas \u012f juodo kartono d\u0117\u017eut\u0119 su dangteliu, perjuostu firmine peteli\u0161ki\u0173 nam\u0173 \u201cDom Bow Ties\u201d juosta \u2013 gal\u0117site i\u0161 karto \u012fteikti.<\/p>\n<p>Galime J\u016bs\u0173 dovan\u0105 nusi\u0173sti tiesiai \u017emogui, kur\u012f norite pasveikinti, prid\u0117dami ranka ra\u0161yt\u0105 palink\u0117jim\u0105. Jei pageidautum\u0117te, apie tai pamin\u0117kite u\u017esakymo pastaboje.<\/p>","protected":false},"featured_media":12151,"template":"","meta":[],"product_brand":[],"product_cat":[933],"product_tag":[220,21,447,1023,997,1018,999,302,951,216,194,97],"class_list":{"0":"post-12150","1":"product","2":"type-product","3":"status-publish","4":"has-post-thumbnail","6":"product_cat-dovanu-rinkiniai","7":"product_tag-balta","8":"product_tag-dovana-vyrui","9":"product_tag-gera-dovana","10":"product_tag-inkaras","11":"product_tag-jura","12":"product_tag-kaklaraistis","13":"product_tag-kapitonas","14":"product_tag-klasika","15":"product_tag-kojines","16":"product_tag-melyna","17":"product_tag-raudona","18":"product_tag-sasagos","20":"first","21":"instock","22":"taxable","23":"shipping-taxable","24":"purchasable","25":"product-type-simple"},"yoast_head":"<!-- This site is optimized with the Yoast SEO plugin v25.5 - https:\/\/yoast.com\/wordpress\/plugins\/seo\/ -->\n<title>DOVAN\u0172 RINKINYS \/\/ BANG\u0172 VALDOVAS - Peteli&scaron;ki\u0173 namai | Dom Bow Ties<\/title>\n<meta name=\"robots\" content=\"index, follow, max-snippet:-1, max-image-preview:large, max-video-preview:-1\" \/>\n<link rel=\"canonical\" href=\"https:\/\/www.dombowties.com\/en\/product\/dovanu-rinkinys-bangu-valdovas\/\" \/>\n<meta property=\"og:locale\" content=\"en_US\" \/>\n<meta property=\"og:type\" content=\"article\" \/>\n<meta property=\"og:title\" content=\"DOVAN\u0172 RINKINYS \/\/ BANG\u0172 VALDOVAS - Peteli&scaron;ki\u0173 namai | Dom Bow Ties\" \/>\n<meta property=\"og:description\" content=\"Lengvai atpa\u017e\u012fstamas kaklarai\u0161\u010dio languotas audinys, asocijuojasi su tradicijomis, o \u0161armo ir gaivos \u012fveda \u017eaismingos kojin\u0117s. Dovan\u0173 rinkinys vyrui:   Klasikinio plo\u010dio kaklarai\u0161tis, rekomenduojame dienos kostiumui. Sud\u0117tis - \u0161ilkas.  Vientisos, rutulio formos galuose, s\u0105sagos rankogaliams.  Inkaru pa\u017eenklintas kaklarai\u0161\u010dio segtukas.  Plonos medviln\u0117s ra\u0161tuotos kojin\u0117s &quot;Skinija&quot; (dydis 43-46).  Aksesuar\u0173 rinkinys Jus pasieks supakuotas \u012f juodo kartono d\u0117\u017eut\u0119 su dangteliu, perjuostu firmine peteli\u0161ki\u0173 nam\u0173 \u201cDom Bow Ties\u201d juosta \u2013 gal\u0117site i\u0161 karto \u012fteikti.  Galime J\u016bs\u0173 dovan\u0105 nusi\u0173sti tiesiai \u017emogui, kur\u012f norite pasveikinti, prid\u0117dami ranka ra\u0161yt\u0105 palink\u0117jim\u0105. Jei pageidautum\u0117te, apie tai pamin\u0117kite u\u017esakymo pastaboje.\" \/>\n<meta property=\"og:url\" content=\"https:\/\/www.dombowties.com\/en\/product\/dovanu-rinkinys-bangu-valdovas\/\" \/>\n<meta property=\"og:site_name\" content=\"Peteli&scaron;ki\u0173 namai | Dom Bow Ties\" \/>\n<meta property=\"article:modified_time\" content=\"2023-11-24T13:39:04+00:00\" \/>\n<meta property=\"og:image\" content=\"https:\/\/www.dombowties.com\/wp-content\/uploads\/2021\/07\/Dom_Bow_Ties_1-4.jpg\" \/>\n\t<meta property=\"og:image:width\" content=\"801\" \/>\n\t<meta property=\"og:image:height\" content=\"511\" \/>\n\t<meta property=\"og:image:type\" content=\"image\/jpeg\" \/>\n<meta name=\"twitter:card\" content=\"summary_large_image\" \/>\n<script type=\"application\/ld+json\" class=\"yoast-schema-graph\">{\"@context\":\"https:\/\/schema.org\",\"@graph\":[{\"@type\":\"WebPage\",\"@id\":\"https:\/\/www.dombowties.com\/produktas\/dovanu-rinkinys-bangu-valdovas\/\",\"url\":\"https:\/\/www.dombowties.com\/produktas\/dovanu-rinkinys-bangu-valdovas\/\",\"name\":\"DOVAN\u0172 RINKINYS \/\/ BANG\u0172 VALDOVAS - Peteli&scaron;ki\u0173 namai | Dom Bow Ties\",\"isPartOf\":{\"@id\":\"https:\/\/www.dombowties.com\/#website\"},\"primaryImageOfPage\":{\"@id\":\"https:\/\/www.dombowties.com\/produktas\/dovanu-rinkinys-bangu-valdovas\/#primaryimage\"},\"image\":{\"@id\":\"https:\/\/www.dombowties.com\/produktas\/dovanu-rinkinys-bangu-valdovas\/#primaryimage\"},\"thumbnailUrl\":\"https:\/\/www.dombowties.com\/wp-content\/uploads\/2021\/07\/Dom_Bow_Ties_1-4.jpg\",\"datePublished\":\"2021-07-10T15:56:04+00:00\",\"dateModified\":\"2023-11-24T13:39:04+00:00\",\"breadcrumb\":{\"@id\":\"https:\/\/www.dombowties.com\/produktas\/dovanu-rinkinys-bangu-valdovas\/#breadcrumb\"},\"inLanguage\":\"en-US\",\"potentialAction\":[{\"@type\":\"ReadAction\",\"target\":[\"https:\/\/www.dombowties.com\/produktas\/dovanu-rinkinys-bangu-valdovas\/\"]}]},{\"@type\":\"ImageObject\",\"inLanguage\":\"en-US\",\"@id\":\"https:\/\/www.dombowties.com\/produktas\/dovanu-rinkinys-bangu-valdovas\/#primaryimage\",\"url\":\"https:\/\/www.dombowties.com\/wp-content\/uploads\/2021\/07\/Dom_Bow_Ties_1-4.jpg\",\"contentUrl\":\"https:\/\/www.dombowties.com\/wp-content\/uploads\/2021\/07\/Dom_Bow_Ties_1-4.jpg\",\"width\":801,\"height\":511},{\"@type\":\"BreadcrumbList\",\"@id\":\"https:\/\/www.dombowties.com\/produktas\/dovanu-rinkinys-bangu-valdovas\/#breadcrumb\",\"itemListElement\":[{\"@type\":\"ListItem\",\"position\":1,\"name\":\"Home\",\"item\":\"https:\/\/www.dombowties.com\/\"},{\"@type\":\"ListItem\",\"position\":2,\"name\":\"Parduotuv\u0117\",\"item\":\"https:\/\/www.dombowties.com\/parduotuve\/\"},{\"@type\":\"ListItem\",\"position\":3,\"name\":\"DOVAN\u0172 RINKINYS \/\/ BANG\u0172 VALDOVAS\"}]},{\"@type\":\"WebSite\",\"@id\":\"https:\/\/www.dombowties.com\/#website\",\"url\":\"https:\/\/www.dombowties.com\/\",\"name\":\"Peteli&scaron;ki\u0173 namai | Dom Bow Ties\",\"description\":\"Vyri&scaron;k\u0173 peteli&scaron;ki\u0173, s\u0105sag\u0173, kaklarai&scaron;\u010di\u0173 ir kit\u0173 vyri&scaron;k\u0173 aksesuar\u0173 parduotuv\u0117\",\"publisher\":{\"@id\":\"https:\/\/www.dombowties.com\/#organization\"},\"potentialAction\":[{\"@type\":\"SearchAction\",\"target\":{\"@type\":\"EntryPoint\",\"urlTemplate\":\"https:\/\/www.dombowties.com\/?s={search_term_string}\"},\"query-input\":{\"@type\":\"PropertyValueSpecification\",\"valueRequired\":true,\"valueName\":\"search_term_string\"}}],\"inLanguage\":\"en-US\"},{\"@type\":\"Organization\",\"@id\":\"https:\/\/www.dombowties.com\/#organization\",\"name\":\"Peteli\u0161ki\u0173 namai | Dom Bow Ties\",\"url\":\"https:\/\/www.dombowties.com\/\",\"logo\":{\"@type\":\"ImageObject\",\"inLanguage\":\"en-US\",\"@id\":\"https:\/\/www.dombowties.com\/#\/schema\/logo\/image\/\",\"url\":\"https:\/\/www.dombowties.com\/wp-content\/uploads\/2021\/06\/rsz_39154859_517797185342198_1243346040954814464_n.png\",\"contentUrl\":\"https:\/\/www.dombowties.com\/wp-content\/uploads\/2021\/06\/rsz_39154859_517797185342198_1243346040954814464_n.png\",\"width\":200,\"height\":56,\"caption\":\"Peteli\u0161ki\u0173 namai | Dom Bow Ties\"},\"image\":{\"@id\":\"https:\/\/www.dombowties.com\/#\/schema\/logo\/image\/\"}}]}<\/script>\n<!-- \/ Yoast SEO plugin. -->","yoast_head_json":{"title":"DOVAN\u0172 RINKINYS \/\/ BANG\u0172 VALDOVAS - Peteli&scaron;ki\u0173 namai | Dom Bow Ties","robots":{"index":"index","follow":"follow","max-snippet":"max-snippet:-1","max-image-preview":"max-image-preview:large","max-video-preview":"max-video-preview:-1"},"canonical":"https:\/\/www.dombowties.com\/en\/product\/dovanu-rinkinys-bangu-valdovas\/","og_locale":"en_US","og_type":"article","og_title":"DOVAN\u0172 RINKINYS \/\/ BANG\u0172 VALDOVAS - Peteli&scaron;ki\u0173 namai | Dom Bow Ties","og_description":"Lengvai atpa\u017e\u012fstamas kaklarai\u0161\u010dio languotas audinys, asocijuojasi su tradicijomis, o \u0161armo ir gaivos \u012fveda \u017eaismingos kojin\u0117s. Dovan\u0173 rinkinys vyrui:   Klasikinio plo\u010dio kaklarai\u0161tis, rekomenduojame dienos kostiumui. Sud\u0117tis - \u0161ilkas.  Vientisos, rutulio formos galuose, s\u0105sagos rankogaliams.  Inkaru pa\u017eenklintas kaklarai\u0161\u010dio segtukas.  Plonos medviln\u0117s ra\u0161tuotos kojin\u0117s \"Skinija\" (dydis 43-46).  Aksesuar\u0173 rinkinys Jus pasieks supakuotas \u012f juodo kartono d\u0117\u017eut\u0119 su dangteliu, perjuostu firmine peteli\u0161ki\u0173 nam\u0173 \u201cDom Bow Ties\u201d juosta \u2013 gal\u0117site i\u0161 karto \u012fteikti.  Galime J\u016bs\u0173 dovan\u0105 nusi\u0173sti tiesiai \u017emogui, kur\u012f norite pasveikinti, prid\u0117dami ranka ra\u0161yt\u0105 palink\u0117jim\u0105. Jei pageidautum\u0117te, apie tai pamin\u0117kite u\u017esakymo pastaboje.","og_url":"https:\/\/www.dombowties.com\/en\/product\/dovanu-rinkinys-bangu-valdovas\/","og_site_name":"Peteli&scaron;ki\u0173 namai | Dom Bow Ties","article_modified_time":"2023-11-24T13:39:04+00:00","og_image":[{"width":801,"height":511,"url":"https:\/\/www.dombowties.com\/wp-content\/uploads\/2021\/07\/Dom_Bow_Ties_1-4.jpg","type":"image\/jpeg"}],"twitter_card":"summary_large_image","schema":{"@context":"https:\/\/schema.org","@graph":[{"@type":"WebPage","@id":"https:\/\/www.dombowties.com\/produktas\/dovanu-rinkinys-bangu-valdovas\/","url":"https:\/\/www.dombowties.com\/produktas\/dovanu-rinkinys-bangu-valdovas\/","name":"DOVAN\u0172 RINKINYS \/\/ BANG\u0172 VALDOVAS - Peteli&scaron;ki\u0173 namai | Dom Bow Ties","isPartOf":{"@id":"https:\/\/www.dombowties.com\/#website"},"primaryImageOfPage":{"@id":"https:\/\/www.dombowties.com\/produktas\/dovanu-rinkinys-bangu-valdovas\/#primaryimage"},"image":{"@id":"https:\/\/www.dombowties.com\/produktas\/dovanu-rinkinys-bangu-valdovas\/#primaryimage"},"thumbnailUrl":"https:\/\/www.dombowties.com\/wp-content\/uploads\/2021\/07\/Dom_Bow_Ties_1-4.jpg","datePublished":"2021-07-10T15:56:04+00:00","dateModified":"2023-11-24T13:39:04+00:00","breadcrumb":{"@id":"https:\/\/www.dombowties.com\/produktas\/dovanu-rinkinys-bangu-valdovas\/#breadcrumb"},"inLanguage":"en-US","potentialAction":[{"@type":"ReadAction","target":["https:\/\/www.dombowties.com\/produktas\/dovanu-rinkinys-bangu-valdovas\/"]}]},{"@type":"ImageObject","inLanguage":"en-US","@id":"https:\/\/www.dombowties.com\/produktas\/dovanu-rinkinys-bangu-valdovas\/#primaryimage","url":"https:\/\/www.dombowties.com\/wp-content\/uploads\/2021\/07\/Dom_Bow_Ties_1-4.jpg","contentUrl":"https:\/\/www.dombowties.com\/wp-content\/uploads\/2021\/07\/Dom_Bow_Ties_1-4.jpg","width":801,"height":511},{"@type":"BreadcrumbList","@id":"https:\/\/www.dombowties.com\/produktas\/dovanu-rinkinys-bangu-valdovas\/#breadcrumb","itemListElement":[{"@type":"ListItem","position":1,"name":"Home","item":"https:\/\/www.dombowties.com\/"},{"@type":"ListItem","position":2,"name":"Parduotuv\u0117","item":"https:\/\/www.dombowties.com\/parduotuve\/"},{"@type":"ListItem","position":3,"name":"DOVAN\u0172 RINKINYS \/\/ BANG\u0172 VALDOVAS"}]},{"@type":"WebSite","@id":"https:\/\/www.dombowties.com\/#website","url":"https:\/\/www.dombowties.com\/","name":"Peteli&scaron;ki\u0173 namai | Dom Bow Ties","description":"Vyri&scaron;k\u0173 peteli&scaron;ki\u0173, s\u0105sag\u0173, kaklarai&scaron;\u010di\u0173 ir kit\u0173 vyri&scaron;k\u0173 aksesuar\u0173 parduotuv\u0117","publisher":{"@id":"https:\/\/www.dombowties.com\/#organization"},"potentialAction":[{"@type":"SearchAction","target":{"@type":"EntryPoint","urlTemplate":"https:\/\/www.dombowties.com\/?s={search_term_string}"},"query-input":{"@type":"PropertyValueSpecification","valueRequired":true,"valueName":"search_term_string"}}],"inLanguage":"en-US"},{"@type":"Organization","@id":"https:\/\/www.dombowties.com\/#organization","name":"Peteli\u0161ki\u0173 namai | Dom Bow Ties","url":"https:\/\/www.dombowties.com\/","logo":{"@type":"ImageObject","inLanguage":"en-US","@id":"https:\/\/www.dombowties.com\/#\/schema\/logo\/image\/","url":"https:\/\/www.dombowties.com\/wp-content\/uploads\/2021\/06\/rsz_39154859_517797185342198_1243346040954814464_n.png","contentUrl":"https:\/\/www.dombowties.com\/wp-content\/uploads\/2021\/06\/rsz_39154859_517797185342198_1243346040954814464_n.png","width":200,"height":56,"caption":"Peteli\u0161ki\u0173 namai | Dom Bow Ties"},"image":{"@id":"https:\/\/www.dombowties.com\/#\/schema\/logo\/image\/"}}]}},"_links":{"self":[{"href":"https:\/\/www.dombowties.com\/en\/wp-json\/wp\/v2\/product\/12150","targetHints":{"allow":["GET"]}}],"collection":[{"href":"https:\/\/www.dombowties.com\/en\/wp-json\/wp\/v2\/product"}],"about":[{"href":"https:\/\/www.dombowties.com\/en\/wp-json\/wp\/v2\/types\/product"}],"wp:featuredmedia":[{"embeddable":true,"href":"https:\/\/www.dombowties.com\/en\/wp-json\/wp\/v2\/media\/12151"}],"wp:attachment":[{"href":"https:\/\/www.dombowties.com\/en\/wp-json\/wp\/v2\/media?parent=12150"}],"wp:term":[{"taxonomy":"product_brand","embeddable":true,"href":"https:\/\/www.dombowties.com\/en\/wp-json\/wp\/v2\/product_brand?post=12150"},{"taxonomy":"product_cat","embeddable":true,"href":"https:\/\/www.dombowties.com\/en\/wp-json\/wp\/v2\/product_cat?post=12150"},{"taxonomy":"product_tag","embeddable":true,"href":"https:\/\/www.dombowties.com\/en\/wp-json\/wp\/v2\/product_tag?post=12150"}],"curies":[{"name":"wp","href":"https:\/\/api.w.org\/{rel}","templated":true}]}}