{"id":12112,"date":"2021-07-08T11:36:59","date_gmt":"2021-07-08T11:36:59","guid":{"rendered":"https:\/\/www.dombowties.com\/?post_type=product&#038;p=12112"},"modified":"2023-11-24T15:51:31","modified_gmt":"2023-11-24T15:51:31","slug":"dovanu-rinkinys-klasika","status":"publish","type":"product","link":"https:\/\/www.dombowties.com\/en\/product\/dovanu-rinkinys-klasika\/","title":{"rendered":"DOVAN\u0172 RINKINYS \/\/ KLASIKA"},"content":{"rendered":"","protected":false},"excerpt":{"rendered":"<p>Dovan\u0173 rinkinys eleganti\u0161kam vyrui:<\/p>\n<ul>\n<li>Juoda klasikin\u0117s formos peteli\u0161k\u0117. \u00a0Sud\u0117tis \u2013 \u0161ilkas. U\u017esegama kabliuku, dydis universalus.<\/li>\n<li>Mazgo formos s\u0105sagos rankogaliams.<\/li>\n<li>Balta nosinait\u0117 \u012f ki\u0161en\u0119.<\/li>\n<li>Juodos mercerizuotos medviln\u0117s kojin\u0117s &#8222;Skinija&#8221; (43-46 dydis).<\/li>\n<\/ul>\n<p>Aksesuar\u0173 rinkinys Jus pasieks supakuotas \u012f juodo kartono d\u0117\u017eut\u0119 su dangteliu, perjuostu firmine peteli\u0161ki\u0173 nam\u0173 \u201cDom Bow Ties\u201d juosta \u2013 gal\u0117site i\u0161 karto \u012fteikti.<\/p>\n<p>Galime J\u016bs\u0173 dovan\u0105 nusi\u0173sti tiesiai \u017emogui, kur\u012f norite pasveikinti, prid\u0117dami ranka ra\u0161yt\u0105 palink\u0117jim\u0105. Jei pageidautum\u0117te, apie tai pamin\u0117kite u\u017esakymo pastaboje.<\/p>","protected":false},"featured_media":12113,"template":"","meta":[],"product_brand":[],"product_cat":[933],"product_tag":[531,21,447,993,22,97,23],"class_list":{"0":"post-12112","1":"product","2":"type-product","3":"status-publish","4":"has-post-thumbnail","6":"product_cat-dovanu-rinkiniai","7":"product_tag-aksesuarai-vyrams","8":"product_tag-dovana-vyrui","9":"product_tag-gera-dovana","10":"product_tag-juoda-klasikine-peteliske","11":"product_tag-peteliske","12":"product_tag-sasagos","13":"product_tag-varlyte","15":"first","16":"instock","17":"taxable","18":"shipping-taxable","19":"purchasable","20":"product-type-simple"},"yoast_head":"<!-- This site is optimized with the Yoast SEO plugin v25.5 - https:\/\/yoast.com\/wordpress\/plugins\/seo\/ -->\n<title>DOVAN\u0172 RINKINYS \/\/ KLASIKA - Peteli&scaron;ki\u0173 namai | Dom Bow Ties<\/title>\n<meta name=\"robots\" content=\"index, follow, max-snippet:-1, max-image-preview:large, max-video-preview:-1\" \/>\n<link rel=\"canonical\" href=\"https:\/\/www.dombowties.com\/en\/product\/dovanu-rinkinys-klasika\/\" \/>\n<meta property=\"og:locale\" content=\"en_US\" \/>\n<meta property=\"og:type\" content=\"article\" \/>\n<meta property=\"og:title\" content=\"DOVAN\u0172 RINKINYS \/\/ KLASIKA - Peteli&scaron;ki\u0173 namai | Dom Bow Ties\" \/>\n<meta property=\"og:description\" content=\"Dovan\u0173 rinkinys eleganti\u0161kam vyrui:   Juoda klasikin\u0117s formos peteli\u0161k\u0117. \u00a0Sud\u0117tis \u2013 \u0161ilkas. U\u017esegama kabliuku, dydis universalus.  Mazgo formos s\u0105sagos rankogaliams.  Balta nosinait\u0117 \u012f ki\u0161en\u0119.  Juodos mercerizuotos medviln\u0117s kojin\u0117s &quot;Skinija&quot; (43-46 dydis).  Aksesuar\u0173 rinkinys Jus pasieks supakuotas \u012f juodo kartono d\u0117\u017eut\u0119 su dangteliu, perjuostu firmine peteli\u0161ki\u0173 nam\u0173 \u201cDom Bow Ties\u201d juosta \u2013 gal\u0117site i\u0161 karto \u012fteikti.  Galime J\u016bs\u0173 dovan\u0105 nusi\u0173sti tiesiai \u017emogui, kur\u012f norite pasveikinti, prid\u0117dami ranka ra\u0161yt\u0105 palink\u0117jim\u0105. Jei pageidautum\u0117te, apie tai pamin\u0117kite u\u017esakymo pastaboje.\" \/>\n<meta property=\"og:url\" content=\"https:\/\/www.dombowties.com\/en\/product\/dovanu-rinkinys-klasika\/\" \/>\n<meta property=\"og:site_name\" content=\"Peteli&scaron;ki\u0173 namai | Dom Bow Ties\" \/>\n<meta property=\"article:modified_time\" content=\"2023-11-24T15:51:31+00:00\" \/>\n<meta property=\"og:image\" content=\"https:\/\/www.dombowties.com\/wp-content\/uploads\/2021\/07\/Dom_Bow_Ties_dovanu_rinkiniai_1.jpg\" \/>\n\t<meta property=\"og:image:width\" content=\"800\" \/>\n\t<meta property=\"og:image:height\" content=\"800\" \/>\n\t<meta property=\"og:image:type\" content=\"image\/jpeg\" \/>\n<meta name=\"twitter:card\" content=\"summary_large_image\" \/>\n<script type=\"application\/ld+json\" class=\"yoast-schema-graph\">{\"@context\":\"https:\/\/schema.org\",\"@graph\":[{\"@type\":\"WebPage\",\"@id\":\"https:\/\/www.dombowties.com\/produktas\/dovanu-rinkinys-klasika\/\",\"url\":\"https:\/\/www.dombowties.com\/produktas\/dovanu-rinkinys-klasika\/\",\"name\":\"DOVAN\u0172 RINKINYS \/\/ KLASIKA - Peteli&scaron;ki\u0173 namai | Dom Bow Ties\",\"isPartOf\":{\"@id\":\"https:\/\/www.dombowties.com\/#website\"},\"primaryImageOfPage\":{\"@id\":\"https:\/\/www.dombowties.com\/produktas\/dovanu-rinkinys-klasika\/#primaryimage\"},\"image\":{\"@id\":\"https:\/\/www.dombowties.com\/produktas\/dovanu-rinkinys-klasika\/#primaryimage\"},\"thumbnailUrl\":\"https:\/\/www.dombowties.com\/wp-content\/uploads\/2021\/07\/Dom_Bow_Ties_dovanu_rinkiniai_1.jpg\",\"datePublished\":\"2021-07-08T11:36:59+00:00\",\"dateModified\":\"2023-11-24T15:51:31+00:00\",\"breadcrumb\":{\"@id\":\"https:\/\/www.dombowties.com\/produktas\/dovanu-rinkinys-klasika\/#breadcrumb\"},\"inLanguage\":\"en-US\",\"potentialAction\":[{\"@type\":\"ReadAction\",\"target\":[\"https:\/\/www.dombowties.com\/produktas\/dovanu-rinkinys-klasika\/\"]}]},{\"@type\":\"ImageObject\",\"inLanguage\":\"en-US\",\"@id\":\"https:\/\/www.dombowties.com\/produktas\/dovanu-rinkinys-klasika\/#primaryimage\",\"url\":\"https:\/\/www.dombowties.com\/wp-content\/uploads\/2021\/07\/Dom_Bow_Ties_dovanu_rinkiniai_1.jpg\",\"contentUrl\":\"https:\/\/www.dombowties.com\/wp-content\/uploads\/2021\/07\/Dom_Bow_Ties_dovanu_rinkiniai_1.jpg\",\"width\":800,\"height\":800},{\"@type\":\"BreadcrumbList\",\"@id\":\"https:\/\/www.dombowties.com\/produktas\/dovanu-rinkinys-klasika\/#breadcrumb\",\"itemListElement\":[{\"@type\":\"ListItem\",\"position\":1,\"name\":\"Home\",\"item\":\"https:\/\/www.dombowties.com\/\"},{\"@type\":\"ListItem\",\"position\":2,\"name\":\"Parduotuv\u0117\",\"item\":\"https:\/\/www.dombowties.com\/parduotuve\/\"},{\"@type\":\"ListItem\",\"position\":3,\"name\":\"DOVAN\u0172 RINKINYS \/\/ KLASIKA\"}]},{\"@type\":\"WebSite\",\"@id\":\"https:\/\/www.dombowties.com\/#website\",\"url\":\"https:\/\/www.dombowties.com\/\",\"name\":\"Peteli&scaron;ki\u0173 namai | Dom Bow Ties\",\"description\":\"Vyri&scaron;k\u0173 peteli&scaron;ki\u0173, s\u0105sag\u0173, kaklarai&scaron;\u010di\u0173 ir kit\u0173 vyri&scaron;k\u0173 aksesuar\u0173 parduotuv\u0117\",\"publisher\":{\"@id\":\"https:\/\/www.dombowties.com\/#organization\"},\"potentialAction\":[{\"@type\":\"SearchAction\",\"target\":{\"@type\":\"EntryPoint\",\"urlTemplate\":\"https:\/\/www.dombowties.com\/?s={search_term_string}\"},\"query-input\":{\"@type\":\"PropertyValueSpecification\",\"valueRequired\":true,\"valueName\":\"search_term_string\"}}],\"inLanguage\":\"en-US\"},{\"@type\":\"Organization\",\"@id\":\"https:\/\/www.dombowties.com\/#organization\",\"name\":\"Peteli\u0161ki\u0173 namai | Dom Bow Ties\",\"url\":\"https:\/\/www.dombowties.com\/\",\"logo\":{\"@type\":\"ImageObject\",\"inLanguage\":\"en-US\",\"@id\":\"https:\/\/www.dombowties.com\/#\/schema\/logo\/image\/\",\"url\":\"https:\/\/www.dombowties.com\/wp-content\/uploads\/2021\/06\/rsz_39154859_517797185342198_1243346040954814464_n.png\",\"contentUrl\":\"https:\/\/www.dombowties.com\/wp-content\/uploads\/2021\/06\/rsz_39154859_517797185342198_1243346040954814464_n.png\",\"width\":200,\"height\":56,\"caption\":\"Peteli\u0161ki\u0173 namai | Dom Bow Ties\"},\"image\":{\"@id\":\"https:\/\/www.dombowties.com\/#\/schema\/logo\/image\/\"}}]}<\/script>\n<!-- \/ Yoast SEO plugin. -->","yoast_head_json":{"title":"DOVAN\u0172 RINKINYS \/\/ KLASIKA - Peteli&scaron;ki\u0173 namai | Dom Bow Ties","robots":{"index":"index","follow":"follow","max-snippet":"max-snippet:-1","max-image-preview":"max-image-preview:large","max-video-preview":"max-video-preview:-1"},"canonical":"https:\/\/www.dombowties.com\/en\/product\/dovanu-rinkinys-klasika\/","og_locale":"en_US","og_type":"article","og_title":"DOVAN\u0172 RINKINYS \/\/ KLASIKA - Peteli&scaron;ki\u0173 namai | Dom Bow Ties","og_description":"Dovan\u0173 rinkinys eleganti\u0161kam vyrui:   Juoda klasikin\u0117s formos peteli\u0161k\u0117. \u00a0Sud\u0117tis \u2013 \u0161ilkas. U\u017esegama kabliuku, dydis universalus.  Mazgo formos s\u0105sagos rankogaliams.  Balta nosinait\u0117 \u012f ki\u0161en\u0119.  Juodos mercerizuotos medviln\u0117s kojin\u0117s \"Skinija\" (43-46 dydis).  Aksesuar\u0173 rinkinys Jus pasieks supakuotas \u012f juodo kartono d\u0117\u017eut\u0119 su dangteliu, perjuostu firmine peteli\u0161ki\u0173 nam\u0173 \u201cDom Bow Ties\u201d juosta \u2013 gal\u0117site i\u0161 karto \u012fteikti.  Galime J\u016bs\u0173 dovan\u0105 nusi\u0173sti tiesiai \u017emogui, kur\u012f norite pasveikinti, prid\u0117dami ranka ra\u0161yt\u0105 palink\u0117jim\u0105. Jei pageidautum\u0117te, apie tai pamin\u0117kite u\u017esakymo pastaboje.","og_url":"https:\/\/www.dombowties.com\/en\/product\/dovanu-rinkinys-klasika\/","og_site_name":"Peteli&scaron;ki\u0173 namai | Dom Bow Ties","article_modified_time":"2023-11-24T15:51:31+00:00","og_image":[{"width":800,"height":800,"url":"https:\/\/www.dombowties.com\/wp-content\/uploads\/2021\/07\/Dom_Bow_Ties_dovanu_rinkiniai_1.jpg","type":"image\/jpeg"}],"twitter_card":"summary_large_image","schema":{"@context":"https:\/\/schema.org","@graph":[{"@type":"WebPage","@id":"https:\/\/www.dombowties.com\/produktas\/dovanu-rinkinys-klasika\/","url":"https:\/\/www.dombowties.com\/produktas\/dovanu-rinkinys-klasika\/","name":"DOVAN\u0172 RINKINYS \/\/ KLASIKA - Peteli&scaron;ki\u0173 namai | Dom Bow Ties","isPartOf":{"@id":"https:\/\/www.dombowties.com\/#website"},"primaryImageOfPage":{"@id":"https:\/\/www.dombowties.com\/produktas\/dovanu-rinkinys-klasika\/#primaryimage"},"image":{"@id":"https:\/\/www.dombowties.com\/produktas\/dovanu-rinkinys-klasika\/#primaryimage"},"thumbnailUrl":"https:\/\/www.dombowties.com\/wp-content\/uploads\/2021\/07\/Dom_Bow_Ties_dovanu_rinkiniai_1.jpg","datePublished":"2021-07-08T11:36:59+00:00","dateModified":"2023-11-24T15:51:31+00:00","breadcrumb":{"@id":"https:\/\/www.dombowties.com\/produktas\/dovanu-rinkinys-klasika\/#breadcrumb"},"inLanguage":"en-US","potentialAction":[{"@type":"ReadAction","target":["https:\/\/www.dombowties.com\/produktas\/dovanu-rinkinys-klasika\/"]}]},{"@type":"ImageObject","inLanguage":"en-US","@id":"https:\/\/www.dombowties.com\/produktas\/dovanu-rinkinys-klasika\/#primaryimage","url":"https:\/\/www.dombowties.com\/wp-content\/uploads\/2021\/07\/Dom_Bow_Ties_dovanu_rinkiniai_1.jpg","contentUrl":"https:\/\/www.dombowties.com\/wp-content\/uploads\/2021\/07\/Dom_Bow_Ties_dovanu_rinkiniai_1.jpg","width":800,"height":800},{"@type":"BreadcrumbList","@id":"https:\/\/www.dombowties.com\/produktas\/dovanu-rinkinys-klasika\/#breadcrumb","itemListElement":[{"@type":"ListItem","position":1,"name":"Home","item":"https:\/\/www.dombowties.com\/"},{"@type":"ListItem","position":2,"name":"Parduotuv\u0117","item":"https:\/\/www.dombowties.com\/parduotuve\/"},{"@type":"ListItem","position":3,"name":"DOVAN\u0172 RINKINYS \/\/ KLASIKA"}]},{"@type":"WebSite","@id":"https:\/\/www.dombowties.com\/#website","url":"https:\/\/www.dombowties.com\/","name":"Peteli&scaron;ki\u0173 namai | Dom Bow Ties","description":"Vyri&scaron;k\u0173 peteli&scaron;ki\u0173, s\u0105sag\u0173, kaklarai&scaron;\u010di\u0173 ir kit\u0173 vyri&scaron;k\u0173 aksesuar\u0173 parduotuv\u0117","publisher":{"@id":"https:\/\/www.dombowties.com\/#organization"},"potentialAction":[{"@type":"SearchAction","target":{"@type":"EntryPoint","urlTemplate":"https:\/\/www.dombowties.com\/?s={search_term_string}"},"query-input":{"@type":"PropertyValueSpecification","valueRequired":true,"valueName":"search_term_string"}}],"inLanguage":"en-US"},{"@type":"Organization","@id":"https:\/\/www.dombowties.com\/#organization","name":"Peteli\u0161ki\u0173 namai | Dom Bow Ties","url":"https:\/\/www.dombowties.com\/","logo":{"@type":"ImageObject","inLanguage":"en-US","@id":"https:\/\/www.dombowties.com\/#\/schema\/logo\/image\/","url":"https:\/\/www.dombowties.com\/wp-content\/uploads\/2021\/06\/rsz_39154859_517797185342198_1243346040954814464_n.png","contentUrl":"https:\/\/www.dombowties.com\/wp-content\/uploads\/2021\/06\/rsz_39154859_517797185342198_1243346040954814464_n.png","width":200,"height":56,"caption":"Peteli\u0161ki\u0173 namai | Dom Bow Ties"},"image":{"@id":"https:\/\/www.dombowties.com\/#\/schema\/logo\/image\/"}}]}},"_links":{"self":[{"href":"https:\/\/www.dombowties.com\/en\/wp-json\/wp\/v2\/product\/12112","targetHints":{"allow":["GET"]}}],"collection":[{"href":"https:\/\/www.dombowties.com\/en\/wp-json\/wp\/v2\/product"}],"about":[{"href":"https:\/\/www.dombowties.com\/en\/wp-json\/wp\/v2\/types\/product"}],"wp:featuredmedia":[{"embeddable":true,"href":"https:\/\/www.dombowties.com\/en\/wp-json\/wp\/v2\/media\/12113"}],"wp:attachment":[{"href":"https:\/\/www.dombowties.com\/en\/wp-json\/wp\/v2\/media?parent=12112"}],"wp:term":[{"taxonomy":"product_brand","embeddable":true,"href":"https:\/\/www.dombowties.com\/en\/wp-json\/wp\/v2\/product_brand?post=12112"},{"taxonomy":"product_cat","embeddable":true,"href":"https:\/\/www.dombowties.com\/en\/wp-json\/wp\/v2\/product_cat?post=12112"},{"taxonomy":"product_tag","embeddable":true,"href":"https:\/\/www.dombowties.com\/en\/wp-json\/wp\/v2\/product_tag?post=12112"}],"curies":[{"name":"wp","href":"https:\/\/api.w.org\/{rel}","templated":true}]}}