{"id":11620,"date":"2020-12-18T20:13:28","date_gmt":"2020-12-18T20:13:28","guid":{"rendered":"https:\/\/www.dombowties.com\/?post_type=product&#038;p=11620"},"modified":"2021-01-13T23:27:49","modified_gmt":"2021-01-13T23:27:49","slug":"dzinsines-peteliskes-salt-story","status":"publish","type":"product","link":"https:\/\/www.dombowties.com\/en\/product\/dzinsines-peteliskes-salt-story\/","title":{"rendered":"D\u017einsin\u0117s peteli\u0161k\u0117s \/\/ &#8222;Salt Story&#8221;"},"content":{"rendered":"","protected":false},"excerpt":{"rendered":"<p>Specialiai &#8222;Salt Story&#8221; komandai kurti d\u017einsiniai aksesuarai.<\/p>\n<p>Norite papuo\u0161ti savo komand\u0105 ar prad\u017eiuginti klientus?<\/p>\n<p>Kreipkit\u0117s &#8211; su malonumu pad\u0117sime:<\/p>\n<p><a href=\"mailto:info@lietuviskospeteliskes.lt\">info@lietuviskospeteliskes.lt<\/a><\/p>\n<p>8-627-33328<\/p>\n<p>&nbsp;<\/p>\n<p>&nbsp;<\/p>","protected":false},"featured_media":11621,"template":"","meta":[],"product_brand":[],"product_cat":[988],"product_tag":[],"class_list":{"0":"post-11620","1":"product","2":"type-product","3":"status-publish","4":"has-post-thumbnail","6":"product_cat-verslo-dovanos","8":"first","9":"onbackorder","10":"taxable","11":"shipping-taxable","12":"product-type-simple"},"yoast_head":"<!-- This site is optimized with the Yoast SEO plugin v25.5 - https:\/\/yoast.com\/wordpress\/plugins\/seo\/ -->\n<title>D\u017einsin\u0117s peteli\u0161k\u0117s \/\/ &quot;Salt Story&quot; - Peteli&scaron;ki\u0173 namai | Dom Bow Ties<\/title>\n<meta name=\"robots\" content=\"index, follow, max-snippet:-1, max-image-preview:large, max-video-preview:-1\" \/>\n<link rel=\"canonical\" href=\"https:\/\/www.dombowties.com\/en\/product\/dzinsines-peteliskes-salt-story\/\" \/>\n<meta property=\"og:locale\" content=\"en_US\" \/>\n<meta property=\"og:type\" content=\"article\" \/>\n<meta property=\"og:title\" content=\"D\u017einsin\u0117s peteli\u0161k\u0117s \/\/ &quot;Salt Story&quot; - Peteli&scaron;ki\u0173 namai | Dom Bow Ties\" \/>\n<meta property=\"og:description\" content=\"Specialiai &quot;Salt Story&quot; komandai kurti d\u017einsiniai aksesuarai.  Norite papuo\u0161ti savo komand\u0105 ar prad\u017eiuginti klientus?  Kreipkit\u0117s - su malonumu pad\u0117sime:  info@lietuviskospeteliskes.lt  8-627-33328  &nbsp;  &nbsp;\" \/>\n<meta property=\"og:url\" content=\"https:\/\/www.dombowties.com\/en\/product\/dzinsines-peteliskes-salt-story\/\" \/>\n<meta property=\"og:site_name\" content=\"Peteli&scaron;ki\u0173 namai | Dom Bow Ties\" \/>\n<meta property=\"article:modified_time\" content=\"2021-01-13T23:27:49+00:00\" \/>\n<meta property=\"og:image\" content=\"https:\/\/www.dombowties.com\/wp-content\/uploads\/2020\/12\/salt4-e1608322300177.jpg\" \/>\n\t<meta property=\"og:image:width\" content=\"600\" \/>\n\t<meta property=\"og:image:height\" content=\"697\" \/>\n\t<meta property=\"og:image:type\" content=\"image\/jpeg\" \/>\n<meta name=\"twitter:card\" content=\"summary_large_image\" \/>\n<script type=\"application\/ld+json\" class=\"yoast-schema-graph\">{\"@context\":\"https:\/\/schema.org\",\"@graph\":[{\"@type\":\"WebPage\",\"@id\":\"https:\/\/www.dombowties.com\/produktas\/dzinsines-peteliskes-salt-story\/\",\"url\":\"https:\/\/www.dombowties.com\/produktas\/dzinsines-peteliskes-salt-story\/\",\"name\":\"D\u017einsin\u0117s peteli\u0161k\u0117s \/\/ \\\"Salt Story\\\" - Peteli&scaron;ki\u0173 namai | Dom Bow Ties\",\"isPartOf\":{\"@id\":\"https:\/\/www.dombowties.com\/#website\"},\"primaryImageOfPage\":{\"@id\":\"https:\/\/www.dombowties.com\/produktas\/dzinsines-peteliskes-salt-story\/#primaryimage\"},\"image\":{\"@id\":\"https:\/\/www.dombowties.com\/produktas\/dzinsines-peteliskes-salt-story\/#primaryimage\"},\"thumbnailUrl\":\"https:\/\/www.dombowties.com\/wp-content\/uploads\/2020\/12\/salt4-e1608322300177.jpg\",\"datePublished\":\"2020-12-18T20:13:28+00:00\",\"dateModified\":\"2021-01-13T23:27:49+00:00\",\"breadcrumb\":{\"@id\":\"https:\/\/www.dombowties.com\/produktas\/dzinsines-peteliskes-salt-story\/#breadcrumb\"},\"inLanguage\":\"en-US\",\"potentialAction\":[{\"@type\":\"ReadAction\",\"target\":[\"https:\/\/www.dombowties.com\/produktas\/dzinsines-peteliskes-salt-story\/\"]}]},{\"@type\":\"ImageObject\",\"inLanguage\":\"en-US\",\"@id\":\"https:\/\/www.dombowties.com\/produktas\/dzinsines-peteliskes-salt-story\/#primaryimage\",\"url\":\"https:\/\/www.dombowties.com\/wp-content\/uploads\/2020\/12\/salt4-e1608322300177.jpg\",\"contentUrl\":\"https:\/\/www.dombowties.com\/wp-content\/uploads\/2020\/12\/salt4-e1608322300177.jpg\",\"width\":600,\"height\":697},{\"@type\":\"BreadcrumbList\",\"@id\":\"https:\/\/www.dombowties.com\/produktas\/dzinsines-peteliskes-salt-story\/#breadcrumb\",\"itemListElement\":[{\"@type\":\"ListItem\",\"position\":1,\"name\":\"Home\",\"item\":\"https:\/\/www.dombowties.com\/\"},{\"@type\":\"ListItem\",\"position\":2,\"name\":\"Parduotuv\u0117\",\"item\":\"https:\/\/www.dombowties.com\/parduotuve\/\"},{\"@type\":\"ListItem\",\"position\":3,\"name\":\"D\u017einsin\u0117s peteli\u0161k\u0117s \/\/ &#8222;Salt Story&#8221;\"}]},{\"@type\":\"WebSite\",\"@id\":\"https:\/\/www.dombowties.com\/#website\",\"url\":\"https:\/\/www.dombowties.com\/\",\"name\":\"Peteli&scaron;ki\u0173 namai | Dom Bow Ties\",\"description\":\"Vyri&scaron;k\u0173 peteli&scaron;ki\u0173, s\u0105sag\u0173, kaklarai&scaron;\u010di\u0173 ir kit\u0173 vyri&scaron;k\u0173 aksesuar\u0173 parduotuv\u0117\",\"publisher\":{\"@id\":\"https:\/\/www.dombowties.com\/#organization\"},\"potentialAction\":[{\"@type\":\"SearchAction\",\"target\":{\"@type\":\"EntryPoint\",\"urlTemplate\":\"https:\/\/www.dombowties.com\/?s={search_term_string}\"},\"query-input\":{\"@type\":\"PropertyValueSpecification\",\"valueRequired\":true,\"valueName\":\"search_term_string\"}}],\"inLanguage\":\"en-US\"},{\"@type\":\"Organization\",\"@id\":\"https:\/\/www.dombowties.com\/#organization\",\"name\":\"Peteli\u0161ki\u0173 namai | Dom Bow Ties\",\"url\":\"https:\/\/www.dombowties.com\/\",\"logo\":{\"@type\":\"ImageObject\",\"inLanguage\":\"en-US\",\"@id\":\"https:\/\/www.dombowties.com\/#\/schema\/logo\/image\/\",\"url\":\"https:\/\/www.dombowties.com\/wp-content\/uploads\/2021\/06\/rsz_39154859_517797185342198_1243346040954814464_n.png\",\"contentUrl\":\"https:\/\/www.dombowties.com\/wp-content\/uploads\/2021\/06\/rsz_39154859_517797185342198_1243346040954814464_n.png\",\"width\":200,\"height\":56,\"caption\":\"Peteli\u0161ki\u0173 namai | Dom Bow Ties\"},\"image\":{\"@id\":\"https:\/\/www.dombowties.com\/#\/schema\/logo\/image\/\"}}]}<\/script>\n<!-- \/ Yoast SEO plugin. -->","yoast_head_json":{"title":"D\u017einsin\u0117s peteli\u0161k\u0117s \/\/ \"Salt Story\" - Peteli&scaron;ki\u0173 namai | Dom Bow Ties","robots":{"index":"index","follow":"follow","max-snippet":"max-snippet:-1","max-image-preview":"max-image-preview:large","max-video-preview":"max-video-preview:-1"},"canonical":"https:\/\/www.dombowties.com\/en\/product\/dzinsines-peteliskes-salt-story\/","og_locale":"en_US","og_type":"article","og_title":"D\u017einsin\u0117s peteli\u0161k\u0117s \/\/ \"Salt Story\" - Peteli&scaron;ki\u0173 namai | Dom Bow Ties","og_description":"Specialiai \"Salt Story\" komandai kurti d\u017einsiniai aksesuarai.  Norite papuo\u0161ti savo komand\u0105 ar prad\u017eiuginti klientus?  Kreipkit\u0117s - su malonumu pad\u0117sime:  info@lietuviskospeteliskes.lt  8-627-33328  &nbsp;  &nbsp;","og_url":"https:\/\/www.dombowties.com\/en\/product\/dzinsines-peteliskes-salt-story\/","og_site_name":"Peteli&scaron;ki\u0173 namai | Dom Bow Ties","article_modified_time":"2021-01-13T23:27:49+00:00","og_image":[{"width":600,"height":697,"url":"https:\/\/www.dombowties.com\/wp-content\/uploads\/2020\/12\/salt4-e1608322300177.jpg","type":"image\/jpeg"}],"twitter_card":"summary_large_image","schema":{"@context":"https:\/\/schema.org","@graph":[{"@type":"WebPage","@id":"https:\/\/www.dombowties.com\/produktas\/dzinsines-peteliskes-salt-story\/","url":"https:\/\/www.dombowties.com\/produktas\/dzinsines-peteliskes-salt-story\/","name":"D\u017einsin\u0117s peteli\u0161k\u0117s \/\/ \"Salt Story\" - Peteli&scaron;ki\u0173 namai | Dom Bow Ties","isPartOf":{"@id":"https:\/\/www.dombowties.com\/#website"},"primaryImageOfPage":{"@id":"https:\/\/www.dombowties.com\/produktas\/dzinsines-peteliskes-salt-story\/#primaryimage"},"image":{"@id":"https:\/\/www.dombowties.com\/produktas\/dzinsines-peteliskes-salt-story\/#primaryimage"},"thumbnailUrl":"https:\/\/www.dombowties.com\/wp-content\/uploads\/2020\/12\/salt4-e1608322300177.jpg","datePublished":"2020-12-18T20:13:28+00:00","dateModified":"2021-01-13T23:27:49+00:00","breadcrumb":{"@id":"https:\/\/www.dombowties.com\/produktas\/dzinsines-peteliskes-salt-story\/#breadcrumb"},"inLanguage":"en-US","potentialAction":[{"@type":"ReadAction","target":["https:\/\/www.dombowties.com\/produktas\/dzinsines-peteliskes-salt-story\/"]}]},{"@type":"ImageObject","inLanguage":"en-US","@id":"https:\/\/www.dombowties.com\/produktas\/dzinsines-peteliskes-salt-story\/#primaryimage","url":"https:\/\/www.dombowties.com\/wp-content\/uploads\/2020\/12\/salt4-e1608322300177.jpg","contentUrl":"https:\/\/www.dombowties.com\/wp-content\/uploads\/2020\/12\/salt4-e1608322300177.jpg","width":600,"height":697},{"@type":"BreadcrumbList","@id":"https:\/\/www.dombowties.com\/produktas\/dzinsines-peteliskes-salt-story\/#breadcrumb","itemListElement":[{"@type":"ListItem","position":1,"name":"Home","item":"https:\/\/www.dombowties.com\/"},{"@type":"ListItem","position":2,"name":"Parduotuv\u0117","item":"https:\/\/www.dombowties.com\/parduotuve\/"},{"@type":"ListItem","position":3,"name":"D\u017einsin\u0117s peteli\u0161k\u0117s \/\/ &#8222;Salt Story&#8221;"}]},{"@type":"WebSite","@id":"https:\/\/www.dombowties.com\/#website","url":"https:\/\/www.dombowties.com\/","name":"Peteli&scaron;ki\u0173 namai | Dom Bow Ties","description":"Vyri&scaron;k\u0173 peteli&scaron;ki\u0173, s\u0105sag\u0173, kaklarai&scaron;\u010di\u0173 ir kit\u0173 vyri&scaron;k\u0173 aksesuar\u0173 parduotuv\u0117","publisher":{"@id":"https:\/\/www.dombowties.com\/#organization"},"potentialAction":[{"@type":"SearchAction","target":{"@type":"EntryPoint","urlTemplate":"https:\/\/www.dombowties.com\/?s={search_term_string}"},"query-input":{"@type":"PropertyValueSpecification","valueRequired":true,"valueName":"search_term_string"}}],"inLanguage":"en-US"},{"@type":"Organization","@id":"https:\/\/www.dombowties.com\/#organization","name":"Peteli\u0161ki\u0173 namai | Dom Bow Ties","url":"https:\/\/www.dombowties.com\/","logo":{"@type":"ImageObject","inLanguage":"en-US","@id":"https:\/\/www.dombowties.com\/#\/schema\/logo\/image\/","url":"https:\/\/www.dombowties.com\/wp-content\/uploads\/2021\/06\/rsz_39154859_517797185342198_1243346040954814464_n.png","contentUrl":"https:\/\/www.dombowties.com\/wp-content\/uploads\/2021\/06\/rsz_39154859_517797185342198_1243346040954814464_n.png","width":200,"height":56,"caption":"Peteli\u0161ki\u0173 namai | Dom Bow Ties"},"image":{"@id":"https:\/\/www.dombowties.com\/#\/schema\/logo\/image\/"}}]}},"_links":{"self":[{"href":"https:\/\/www.dombowties.com\/en\/wp-json\/wp\/v2\/product\/11620","targetHints":{"allow":["GET"]}}],"collection":[{"href":"https:\/\/www.dombowties.com\/en\/wp-json\/wp\/v2\/product"}],"about":[{"href":"https:\/\/www.dombowties.com\/en\/wp-json\/wp\/v2\/types\/product"}],"wp:featuredmedia":[{"embeddable":true,"href":"https:\/\/www.dombowties.com\/en\/wp-json\/wp\/v2\/media\/11621"}],"wp:attachment":[{"href":"https:\/\/www.dombowties.com\/en\/wp-json\/wp\/v2\/media?parent=11620"}],"wp:term":[{"taxonomy":"product_brand","embeddable":true,"href":"https:\/\/www.dombowties.com\/en\/wp-json\/wp\/v2\/product_brand?post=11620"},{"taxonomy":"product_cat","embeddable":true,"href":"https:\/\/www.dombowties.com\/en\/wp-json\/wp\/v2\/product_cat?post=11620"},{"taxonomy":"product_tag","embeddable":true,"href":"https:\/\/www.dombowties.com\/en\/wp-json\/wp\/v2\/product_tag?post=11620"}],"curies":[{"name":"wp","href":"https:\/\/api.w.org\/{rel}","templated":true}]}}