{"id":10948,"date":"2020-05-17T20:35:08","date_gmt":"2020-05-17T20:35:08","guid":{"rendered":"https:\/\/www.dombowties.com\/?post_type=product&#038;p=10948"},"modified":"2021-05-23T10:36:21","modified_gmt":"2021-05-23T10:36:21","slug":"dovanu-rinkinys-selsmas-kopija","status":"publish","type":"product","link":"https:\/\/www.dombowties.com\/en\/product\/dovanu-rinkinys-selsmas-kopija\/","title":{"rendered":"Dovan\u0173 rinkinys \/\/ Inkarai"},"content":{"rendered":"","protected":false},"excerpt":{"rendered":"<p>Dovan\u0173 rinkinys vyrui, kur\u012f \u012fkvepia j\u016bra:<\/p>\n<ul>\n<li>Inkar\u0173 motyvu puo\u0161tos s\u0105sagos rankogaliams.<\/li>\n<li>Spalvingos medvilnin\u0117s vyri\u0161kos kojin\u0117s \u201cSkinija\u201d (43&#8211;46 dydis).<\/li>\n<li>Klasikin\u0117 &#8222;Shkertik&#8221; apyrank\u0117 FOXTROT 7, reguliuojamos apimties.<\/li>\n<\/ul>\n<p>Aksesuar\u0173 rinkinys Jus pasieks supakuotas \u012f rusvo kartono d\u0117\u017eut\u0119 su dangteliu, perjuostu firmine peteli\u0161ki\u0173 nam\u0173 &#8222;Dom Bow Ties&#8221; juosta &#8211; gal\u0117site i\u0161 karto \u012fteikti.<\/p>\n<p>Galime J\u016bs\u0173 dovan\u0105 nusi\u0173sti tiesiai \u017emogui, kur\u012f norite pasveikinti, prid\u0117dami ranka ra\u0161yt\u0105 palink\u0117jim\u0105. Jei pageidautum\u0117te, apie tai pamin\u0117kite u\u017esakymo pastaboje.<\/p>","protected":false},"featured_media":10940,"template":"","meta":[],"product_brand":[],"product_cat":[933],"product_tag":[21,934,113,937],"class_list":{"0":"post-10948","1":"product","2":"type-product","3":"status-publish","4":"has-post-thumbnail","6":"product_cat-dovanu-rinkiniai","7":"product_tag-dovana-vyrui","8":"product_tag-dovanu-rinkinys","9":"product_tag-inkarai","10":"product_tag-shkertik","12":"first","13":"instock","14":"taxable","15":"shipping-taxable","16":"purchasable","17":"product-type-simple"},"yoast_head":"<!-- This site is optimized with the Yoast SEO plugin v25.5 - https:\/\/yoast.com\/wordpress\/plugins\/seo\/ -->\n<title>Dovan\u0173 rinkinys \/\/ Inkarai - Peteli&scaron;ki\u0173 namai | Dom Bow Ties<\/title>\n<meta name=\"robots\" content=\"index, follow, max-snippet:-1, max-image-preview:large, max-video-preview:-1\" \/>\n<link rel=\"canonical\" href=\"https:\/\/www.dombowties.com\/en\/product\/dovanu-rinkinys-selsmas-kopija\/\" \/>\n<meta property=\"og:locale\" content=\"en_US\" \/>\n<meta property=\"og:type\" content=\"article\" \/>\n<meta property=\"og:title\" content=\"Dovan\u0173 rinkinys \/\/ Inkarai - Peteli&scaron;ki\u0173 namai | Dom Bow Ties\" \/>\n<meta property=\"og:description\" content=\"Dovan\u0173 rinkinys vyrui, kur\u012f \u012fkvepia j\u016bra:   Inkar\u0173 motyvu puo\u0161tos s\u0105sagos rankogaliams.  Spalvingos medvilnin\u0117s vyri\u0161kos kojin\u0117s \u201cSkinija\u201d (43--46 dydis).  Klasikin\u0117 &quot;Shkertik&quot; apyrank\u0117 FOXTROT 7, reguliuojamos apimties.  Aksesuar\u0173 rinkinys Jus pasieks supakuotas \u012f rusvo kartono d\u0117\u017eut\u0119 su dangteliu, perjuostu firmine peteli\u0161ki\u0173 nam\u0173 &quot;Dom Bow Ties&quot; juosta - gal\u0117site i\u0161 karto \u012fteikti.  Galime J\u016bs\u0173 dovan\u0105 nusi\u0173sti tiesiai \u017emogui, kur\u012f norite pasveikinti, prid\u0117dami ranka ra\u0161yt\u0105 palink\u0117jim\u0105. Jei pageidautum\u0117te, apie tai pamin\u0117kite u\u017esakymo pastaboje.\" \/>\n<meta property=\"og:url\" content=\"https:\/\/www.dombowties.com\/en\/product\/dovanu-rinkinys-selsmas-kopija\/\" \/>\n<meta property=\"og:site_name\" content=\"Peteli&scaron;ki\u0173 namai | Dom Bow Ties\" \/>\n<meta property=\"article:modified_time\" content=\"2021-05-23T10:36:21+00:00\" \/>\n<meta property=\"og:image\" content=\"https:\/\/www.dombowties.com\/wp-content\/uploads\/2020\/05\/1-P5173132.jpg\" \/>\n\t<meta property=\"og:image:width\" content=\"800\" \/>\n\t<meta property=\"og:image:height\" content=\"800\" \/>\n\t<meta property=\"og:image:type\" content=\"image\/jpeg\" \/>\n<meta name=\"twitter:card\" content=\"summary_large_image\" \/>\n<script type=\"application\/ld+json\" class=\"yoast-schema-graph\">{\"@context\":\"https:\/\/schema.org\",\"@graph\":[{\"@type\":\"WebPage\",\"@id\":\"https:\/\/www.dombowties.com\/en\/product\/dovanu-rinkinys-selsmas-kopija\/\",\"url\":\"https:\/\/www.dombowties.com\/en\/product\/dovanu-rinkinys-selsmas-kopija\/\",\"name\":\"Dovan\u0173 rinkinys \/\/ Inkarai - Peteli&scaron;ki\u0173 namai | Dom Bow Ties\",\"isPartOf\":{\"@id\":\"https:\/\/www.dombowties.com\/#website\"},\"primaryImageOfPage\":{\"@id\":\"https:\/\/www.dombowties.com\/en\/product\/dovanu-rinkinys-selsmas-kopija\/#primaryimage\"},\"image\":{\"@id\":\"https:\/\/www.dombowties.com\/en\/product\/dovanu-rinkinys-selsmas-kopija\/#primaryimage\"},\"thumbnailUrl\":\"https:\/\/www.dombowties.com\/wp-content\/uploads\/2020\/05\/1-P5173132.jpg\",\"datePublished\":\"2020-05-17T20:35:08+00:00\",\"dateModified\":\"2021-05-23T10:36:21+00:00\",\"breadcrumb\":{\"@id\":\"https:\/\/www.dombowties.com\/en\/product\/dovanu-rinkinys-selsmas-kopija\/#breadcrumb\"},\"inLanguage\":\"en-US\",\"potentialAction\":[{\"@type\":\"ReadAction\",\"target\":[\"https:\/\/www.dombowties.com\/en\/product\/dovanu-rinkinys-selsmas-kopija\/\"]}]},{\"@type\":\"ImageObject\",\"inLanguage\":\"en-US\",\"@id\":\"https:\/\/www.dombowties.com\/en\/product\/dovanu-rinkinys-selsmas-kopija\/#primaryimage\",\"url\":\"https:\/\/www.dombowties.com\/wp-content\/uploads\/2020\/05\/1-P5173132.jpg\",\"contentUrl\":\"https:\/\/www.dombowties.com\/wp-content\/uploads\/2020\/05\/1-P5173132.jpg\",\"width\":800,\"height\":800,\"caption\":\"inkarai\"},{\"@type\":\"BreadcrumbList\",\"@id\":\"https:\/\/www.dombowties.com\/en\/product\/dovanu-rinkinys-selsmas-kopija\/#breadcrumb\",\"itemListElement\":[{\"@type\":\"ListItem\",\"position\":1,\"name\":\"Home\",\"item\":\"https:\/\/www.dombowties.com\/\"},{\"@type\":\"ListItem\",\"position\":2,\"name\":\"Parduotuv\u0117\",\"item\":\"https:\/\/www.dombowties.com\/parduotuve\/\"},{\"@type\":\"ListItem\",\"position\":3,\"name\":\"Dovan\u0173 rinkinys \/\/ Inkarai\"}]},{\"@type\":\"WebSite\",\"@id\":\"https:\/\/www.dombowties.com\/#website\",\"url\":\"https:\/\/www.dombowties.com\/\",\"name\":\"Peteli&scaron;ki\u0173 namai | Dom Bow Ties\",\"description\":\"Vyri&scaron;k\u0173 peteli&scaron;ki\u0173, s\u0105sag\u0173, kaklarai&scaron;\u010di\u0173 ir kit\u0173 vyri&scaron;k\u0173 aksesuar\u0173 parduotuv\u0117\",\"publisher\":{\"@id\":\"https:\/\/www.dombowties.com\/#organization\"},\"potentialAction\":[{\"@type\":\"SearchAction\",\"target\":{\"@type\":\"EntryPoint\",\"urlTemplate\":\"https:\/\/www.dombowties.com\/?s={search_term_string}\"},\"query-input\":{\"@type\":\"PropertyValueSpecification\",\"valueRequired\":true,\"valueName\":\"search_term_string\"}}],\"inLanguage\":\"en-US\"},{\"@type\":\"Organization\",\"@id\":\"https:\/\/www.dombowties.com\/#organization\",\"name\":\"Peteli\u0161ki\u0173 namai | Dom Bow Ties\",\"url\":\"https:\/\/www.dombowties.com\/\",\"logo\":{\"@type\":\"ImageObject\",\"inLanguage\":\"en-US\",\"@id\":\"https:\/\/www.dombowties.com\/#\/schema\/logo\/image\/\",\"url\":\"https:\/\/www.dombowties.com\/wp-content\/uploads\/2021\/06\/rsz_39154859_517797185342198_1243346040954814464_n.png\",\"contentUrl\":\"https:\/\/www.dombowties.com\/wp-content\/uploads\/2021\/06\/rsz_39154859_517797185342198_1243346040954814464_n.png\",\"width\":200,\"height\":56,\"caption\":\"Peteli\u0161ki\u0173 namai | Dom Bow Ties\"},\"image\":{\"@id\":\"https:\/\/www.dombowties.com\/#\/schema\/logo\/image\/\"}}]}<\/script>\n<!-- \/ Yoast SEO plugin. -->","yoast_head_json":{"title":"Dovan\u0173 rinkinys \/\/ Inkarai - Peteli&scaron;ki\u0173 namai | Dom Bow Ties","robots":{"index":"index","follow":"follow","max-snippet":"max-snippet:-1","max-image-preview":"max-image-preview:large","max-video-preview":"max-video-preview:-1"},"canonical":"https:\/\/www.dombowties.com\/en\/product\/dovanu-rinkinys-selsmas-kopija\/","og_locale":"en_US","og_type":"article","og_title":"Dovan\u0173 rinkinys \/\/ Inkarai - Peteli&scaron;ki\u0173 namai | Dom Bow Ties","og_description":"Dovan\u0173 rinkinys vyrui, kur\u012f \u012fkvepia j\u016bra:   Inkar\u0173 motyvu puo\u0161tos s\u0105sagos rankogaliams.  Spalvingos medvilnin\u0117s vyri\u0161kos kojin\u0117s \u201cSkinija\u201d (43--46 dydis).  Klasikin\u0117 \"Shkertik\" apyrank\u0117 FOXTROT 7, reguliuojamos apimties.  Aksesuar\u0173 rinkinys Jus pasieks supakuotas \u012f rusvo kartono d\u0117\u017eut\u0119 su dangteliu, perjuostu firmine peteli\u0161ki\u0173 nam\u0173 \"Dom Bow Ties\" juosta - gal\u0117site i\u0161 karto \u012fteikti.  Galime J\u016bs\u0173 dovan\u0105 nusi\u0173sti tiesiai \u017emogui, kur\u012f norite pasveikinti, prid\u0117dami ranka ra\u0161yt\u0105 palink\u0117jim\u0105. Jei pageidautum\u0117te, apie tai pamin\u0117kite u\u017esakymo pastaboje.","og_url":"https:\/\/www.dombowties.com\/en\/product\/dovanu-rinkinys-selsmas-kopija\/","og_site_name":"Peteli&scaron;ki\u0173 namai | Dom Bow Ties","article_modified_time":"2021-05-23T10:36:21+00:00","og_image":[{"width":800,"height":800,"url":"https:\/\/www.dombowties.com\/wp-content\/uploads\/2020\/05\/1-P5173132.jpg","type":"image\/jpeg"}],"twitter_card":"summary_large_image","schema":{"@context":"https:\/\/schema.org","@graph":[{"@type":"WebPage","@id":"https:\/\/www.dombowties.com\/en\/product\/dovanu-rinkinys-selsmas-kopija\/","url":"https:\/\/www.dombowties.com\/en\/product\/dovanu-rinkinys-selsmas-kopija\/","name":"Dovan\u0173 rinkinys \/\/ Inkarai - Peteli&scaron;ki\u0173 namai | Dom Bow Ties","isPartOf":{"@id":"https:\/\/www.dombowties.com\/#website"},"primaryImageOfPage":{"@id":"https:\/\/www.dombowties.com\/en\/product\/dovanu-rinkinys-selsmas-kopija\/#primaryimage"},"image":{"@id":"https:\/\/www.dombowties.com\/en\/product\/dovanu-rinkinys-selsmas-kopija\/#primaryimage"},"thumbnailUrl":"https:\/\/www.dombowties.com\/wp-content\/uploads\/2020\/05\/1-P5173132.jpg","datePublished":"2020-05-17T20:35:08+00:00","dateModified":"2021-05-23T10:36:21+00:00","breadcrumb":{"@id":"https:\/\/www.dombowties.com\/en\/product\/dovanu-rinkinys-selsmas-kopija\/#breadcrumb"},"inLanguage":"en-US","potentialAction":[{"@type":"ReadAction","target":["https:\/\/www.dombowties.com\/en\/product\/dovanu-rinkinys-selsmas-kopija\/"]}]},{"@type":"ImageObject","inLanguage":"en-US","@id":"https:\/\/www.dombowties.com\/en\/product\/dovanu-rinkinys-selsmas-kopija\/#primaryimage","url":"https:\/\/www.dombowties.com\/wp-content\/uploads\/2020\/05\/1-P5173132.jpg","contentUrl":"https:\/\/www.dombowties.com\/wp-content\/uploads\/2020\/05\/1-P5173132.jpg","width":800,"height":800,"caption":"inkarai"},{"@type":"BreadcrumbList","@id":"https:\/\/www.dombowties.com\/en\/product\/dovanu-rinkinys-selsmas-kopija\/#breadcrumb","itemListElement":[{"@type":"ListItem","position":1,"name":"Home","item":"https:\/\/www.dombowties.com\/"},{"@type":"ListItem","position":2,"name":"Parduotuv\u0117","item":"https:\/\/www.dombowties.com\/parduotuve\/"},{"@type":"ListItem","position":3,"name":"Dovan\u0173 rinkinys \/\/ Inkarai"}]},{"@type":"WebSite","@id":"https:\/\/www.dombowties.com\/#website","url":"https:\/\/www.dombowties.com\/","name":"Peteli&scaron;ki\u0173 namai | Dom Bow Ties","description":"Vyri&scaron;k\u0173 peteli&scaron;ki\u0173, s\u0105sag\u0173, kaklarai&scaron;\u010di\u0173 ir kit\u0173 vyri&scaron;k\u0173 aksesuar\u0173 parduotuv\u0117","publisher":{"@id":"https:\/\/www.dombowties.com\/#organization"},"potentialAction":[{"@type":"SearchAction","target":{"@type":"EntryPoint","urlTemplate":"https:\/\/www.dombowties.com\/?s={search_term_string}"},"query-input":{"@type":"PropertyValueSpecification","valueRequired":true,"valueName":"search_term_string"}}],"inLanguage":"en-US"},{"@type":"Organization","@id":"https:\/\/www.dombowties.com\/#organization","name":"Peteli\u0161ki\u0173 namai | Dom Bow Ties","url":"https:\/\/www.dombowties.com\/","logo":{"@type":"ImageObject","inLanguage":"en-US","@id":"https:\/\/www.dombowties.com\/#\/schema\/logo\/image\/","url":"https:\/\/www.dombowties.com\/wp-content\/uploads\/2021\/06\/rsz_39154859_517797185342198_1243346040954814464_n.png","contentUrl":"https:\/\/www.dombowties.com\/wp-content\/uploads\/2021\/06\/rsz_39154859_517797185342198_1243346040954814464_n.png","width":200,"height":56,"caption":"Peteli\u0161ki\u0173 namai | Dom Bow Ties"},"image":{"@id":"https:\/\/www.dombowties.com\/#\/schema\/logo\/image\/"}}]}},"_links":{"self":[{"href":"https:\/\/www.dombowties.com\/en\/wp-json\/wp\/v2\/product\/10948","targetHints":{"allow":["GET"]}}],"collection":[{"href":"https:\/\/www.dombowties.com\/en\/wp-json\/wp\/v2\/product"}],"about":[{"href":"https:\/\/www.dombowties.com\/en\/wp-json\/wp\/v2\/types\/product"}],"wp:featuredmedia":[{"embeddable":true,"href":"https:\/\/www.dombowties.com\/en\/wp-json\/wp\/v2\/media\/10940"}],"wp:attachment":[{"href":"https:\/\/www.dombowties.com\/en\/wp-json\/wp\/v2\/media?parent=10948"}],"wp:term":[{"taxonomy":"product_brand","embeddable":true,"href":"https:\/\/www.dombowties.com\/en\/wp-json\/wp\/v2\/product_brand?post=10948"},{"taxonomy":"product_cat","embeddable":true,"href":"https:\/\/www.dombowties.com\/en\/wp-json\/wp\/v2\/product_cat?post=10948"},{"taxonomy":"product_tag","embeddable":true,"href":"https:\/\/www.dombowties.com\/en\/wp-json\/wp\/v2\/product_tag?post=10948"}],"curies":[{"name":"wp","href":"https:\/\/api.w.org\/{rel}","templated":true}]}}