{"id":10433,"date":"2020-03-24T00:51:01","date_gmt":"2020-03-24T00:51:01","guid":{"rendered":"https:\/\/www.dombowties.com\/?post_type=product&#038;p=10433"},"modified":"2025-10-02T09:41:17","modified_gmt":"2025-10-02T09:41:17","slug":"stilinga-vyriska-apyranke3","status":"publish","type":"product","link":"https:\/\/www.dombowties.com\/en\/product\/stilinga-vyriska-apyranke3\/","title":{"rendered":"Stilinga vyri\u0161ka apyrank\u0117"},"content":{"rendered":"","protected":false},"excerpt":{"rendered":"<p>Dirbtin\u0117 oda + ner\u016bdijantis plienas + onikso karoliukai<\/p>\n<p>Magnetinis u\u017esegimas.<\/p>\n<p>Oniksas \u2013 tai chalcedoro r\u016b\u0161is, kvarco atmaina. Teigiamai veikia nerv\u0173 sistem\u0105, gerina nuotaik\u0105. Geba atlaisvinti ne\u0161iotoj\u0105 nuo baimi\u0173, suteikdamas jam dr\u0105sos ir ry\u017eto. Palankiai veikia k\u016bno od\u0105, inkstus, kepenis. Padeda grei\u010diau atsistatyti po ligos ir traumos.<\/p>\n<p>&#8222;O.K. boutique&#8221; rank\u0173 darbo papuo\u0161alai, sukurti su ypatinga meile, naudojant tik nat\u016bralius akmenis, tauriuosius metalus arba ner\u016bdijant\u012f plien\u0105.<\/p>\n<p>&nbsp;<\/p>","protected":false},"featured_media":10417,"template":"","meta":[],"product_brand":[],"product_cat":[917],"product_tag":[531,19,21,447,922,920,921,919,918],"class_list":{"0":"post-10433","1":"product","2":"type-product","3":"status-publish","4":"has-post-thumbnail","6":"product_cat-apyrankes","7":"product_tag-aksesuarai-vyrams","8":"product_tag-dombowties","9":"product_tag-dovana-vyrui","10":"product_tag-gera-dovana","11":"product_tag-labradoritas","12":"product_tag-naturalus-akmenys","13":"product_tag-o-k-boutique","14":"product_tag-unisex-apyranke","15":"product_tag-vyriska-apyranke","17":"first","18":"instock","19":"taxable","20":"shipping-taxable","21":"purchasable","22":"product-type-simple"},"yoast_head":"<!-- This site is optimized with the Yoast SEO plugin v25.5 - https:\/\/yoast.com\/wordpress\/plugins\/seo\/ -->\n<title>Stilinga vyri\u0161ka apyrank\u0117 - Peteli&scaron;ki\u0173 namai | Dom Bow Ties<\/title>\n<meta name=\"robots\" content=\"index, follow, max-snippet:-1, max-image-preview:large, max-video-preview:-1\" \/>\n<link rel=\"canonical\" href=\"https:\/\/www.dombowties.com\/en\/product\/stilinga-vyriska-apyranke3\/\" \/>\n<meta property=\"og:locale\" content=\"en_US\" \/>\n<meta property=\"og:type\" content=\"article\" \/>\n<meta property=\"og:title\" content=\"Stilinga vyri\u0161ka apyrank\u0117 - Peteli&scaron;ki\u0173 namai | Dom Bow Ties\" \/>\n<meta property=\"og:description\" content=\"Dirbtin\u0117 oda + ner\u016bdijantis plienas + onikso karoliukai  Magnetinis u\u017esegimas.  Oniksas \u2013 tai chalcedoro r\u016b\u0161is, kvarco atmaina. Teigiamai veikia nerv\u0173 sistem\u0105, gerina nuotaik\u0105. Geba atlaisvinti ne\u0161iotoj\u0105 nuo baimi\u0173, suteikdamas jam dr\u0105sos ir ry\u017eto. Palankiai veikia k\u016bno od\u0105, inkstus, kepenis. Padeda grei\u010diau atsistatyti po ligos ir traumos.  &quot;O.K. boutique&quot; rank\u0173 darbo papuo\u0161alai, sukurti su ypatinga meile, naudojant tik nat\u016bralius akmenis, tauriuosius metalus arba ner\u016bdijant\u012f plien\u0105.  &nbsp;\" \/>\n<meta property=\"og:url\" content=\"https:\/\/www.dombowties.com\/en\/product\/stilinga-vyriska-apyranke3\/\" \/>\n<meta property=\"og:site_name\" content=\"Peteli&scaron;ki\u0173 namai | Dom Bow Ties\" \/>\n<meta property=\"article:modified_time\" content=\"2025-10-02T09:41:17+00:00\" \/>\n<meta property=\"og:image\" content=\"https:\/\/www.dombowties.com\/wp-content\/uploads\/2020\/03\/13-P3231985-e1585011010267.jpg\" \/>\n\t<meta property=\"og:image:width\" content=\"546\" \/>\n\t<meta property=\"og:image:height\" content=\"384\" \/>\n\t<meta property=\"og:image:type\" content=\"image\/jpeg\" \/>\n<meta name=\"twitter:card\" content=\"summary_large_image\" \/>\n<script type=\"application\/ld+json\" class=\"yoast-schema-graph\">{\"@context\":\"https:\/\/schema.org\",\"@graph\":[{\"@type\":\"WebPage\",\"@id\":\"https:\/\/www.dombowties.com\/produktas\/stilinga-vyriska-apyranke3\/\",\"url\":\"https:\/\/www.dombowties.com\/produktas\/stilinga-vyriska-apyranke3\/\",\"name\":\"Stilinga vyri\u0161ka apyrank\u0117 - Peteli&scaron;ki\u0173 namai | Dom Bow Ties\",\"isPartOf\":{\"@id\":\"https:\/\/www.dombowties.com\/#website\"},\"primaryImageOfPage\":{\"@id\":\"https:\/\/www.dombowties.com\/produktas\/stilinga-vyriska-apyranke3\/#primaryimage\"},\"image\":{\"@id\":\"https:\/\/www.dombowties.com\/produktas\/stilinga-vyriska-apyranke3\/#primaryimage\"},\"thumbnailUrl\":\"https:\/\/www.dombowties.com\/wp-content\/uploads\/2020\/03\/13-P3231985-e1585011010267.jpg\",\"datePublished\":\"2020-03-24T00:51:01+00:00\",\"dateModified\":\"2025-10-02T09:41:17+00:00\",\"breadcrumb\":{\"@id\":\"https:\/\/www.dombowties.com\/produktas\/stilinga-vyriska-apyranke3\/#breadcrumb\"},\"inLanguage\":\"en-US\",\"potentialAction\":[{\"@type\":\"ReadAction\",\"target\":[\"https:\/\/www.dombowties.com\/produktas\/stilinga-vyriska-apyranke3\/\"]}]},{\"@type\":\"ImageObject\",\"inLanguage\":\"en-US\",\"@id\":\"https:\/\/www.dombowties.com\/produktas\/stilinga-vyriska-apyranke3\/#primaryimage\",\"url\":\"https:\/\/www.dombowties.com\/wp-content\/uploads\/2020\/03\/13-P3231985-e1585011010267.jpg\",\"contentUrl\":\"https:\/\/www.dombowties.com\/wp-content\/uploads\/2020\/03\/13-P3231985-e1585011010267.jpg\",\"width\":546,\"height\":384,\"caption\":\"vyriska_apyranke_dombowties\"},{\"@type\":\"BreadcrumbList\",\"@id\":\"https:\/\/www.dombowties.com\/produktas\/stilinga-vyriska-apyranke3\/#breadcrumb\",\"itemListElement\":[{\"@type\":\"ListItem\",\"position\":1,\"name\":\"Home\",\"item\":\"https:\/\/www.dombowties.com\/\"},{\"@type\":\"ListItem\",\"position\":2,\"name\":\"Parduotuv\u0117\",\"item\":\"https:\/\/www.dombowties.com\/parduotuve\/\"},{\"@type\":\"ListItem\",\"position\":3,\"name\":\"Stilinga vyri\u0161ka apyrank\u0117\"}]},{\"@type\":\"WebSite\",\"@id\":\"https:\/\/www.dombowties.com\/#website\",\"url\":\"https:\/\/www.dombowties.com\/\",\"name\":\"Peteli&scaron;ki\u0173 namai | Dom Bow Ties\",\"description\":\"Vyri&scaron;k\u0173 peteli&scaron;ki\u0173, s\u0105sag\u0173, kaklarai&scaron;\u010di\u0173 ir kit\u0173 vyri&scaron;k\u0173 aksesuar\u0173 parduotuv\u0117\",\"publisher\":{\"@id\":\"https:\/\/www.dombowties.com\/#organization\"},\"potentialAction\":[{\"@type\":\"SearchAction\",\"target\":{\"@type\":\"EntryPoint\",\"urlTemplate\":\"https:\/\/www.dombowties.com\/?s={search_term_string}\"},\"query-input\":{\"@type\":\"PropertyValueSpecification\",\"valueRequired\":true,\"valueName\":\"search_term_string\"}}],\"inLanguage\":\"en-US\"},{\"@type\":\"Organization\",\"@id\":\"https:\/\/www.dombowties.com\/#organization\",\"name\":\"Peteli\u0161ki\u0173 namai | Dom Bow Ties\",\"url\":\"https:\/\/www.dombowties.com\/\",\"logo\":{\"@type\":\"ImageObject\",\"inLanguage\":\"en-US\",\"@id\":\"https:\/\/www.dombowties.com\/#\/schema\/logo\/image\/\",\"url\":\"https:\/\/www.dombowties.com\/wp-content\/uploads\/2021\/06\/rsz_39154859_517797185342198_1243346040954814464_n.png\",\"contentUrl\":\"https:\/\/www.dombowties.com\/wp-content\/uploads\/2021\/06\/rsz_39154859_517797185342198_1243346040954814464_n.png\",\"width\":200,\"height\":56,\"caption\":\"Peteli\u0161ki\u0173 namai | Dom Bow Ties\"},\"image\":{\"@id\":\"https:\/\/www.dombowties.com\/#\/schema\/logo\/image\/\"}}]}<\/script>\n<!-- \/ Yoast SEO plugin. -->","yoast_head_json":{"title":"Stilinga vyri\u0161ka apyrank\u0117 - Peteli&scaron;ki\u0173 namai | Dom Bow Ties","robots":{"index":"index","follow":"follow","max-snippet":"max-snippet:-1","max-image-preview":"max-image-preview:large","max-video-preview":"max-video-preview:-1"},"canonical":"https:\/\/www.dombowties.com\/en\/product\/stilinga-vyriska-apyranke3\/","og_locale":"en_US","og_type":"article","og_title":"Stilinga vyri\u0161ka apyrank\u0117 - Peteli&scaron;ki\u0173 namai | Dom Bow Ties","og_description":"Dirbtin\u0117 oda + ner\u016bdijantis plienas + onikso karoliukai  Magnetinis u\u017esegimas.  Oniksas \u2013 tai chalcedoro r\u016b\u0161is, kvarco atmaina. Teigiamai veikia nerv\u0173 sistem\u0105, gerina nuotaik\u0105. Geba atlaisvinti ne\u0161iotoj\u0105 nuo baimi\u0173, suteikdamas jam dr\u0105sos ir ry\u017eto. Palankiai veikia k\u016bno od\u0105, inkstus, kepenis. Padeda grei\u010diau atsistatyti po ligos ir traumos.  \"O.K. boutique\" rank\u0173 darbo papuo\u0161alai, sukurti su ypatinga meile, naudojant tik nat\u016bralius akmenis, tauriuosius metalus arba ner\u016bdijant\u012f plien\u0105.  &nbsp;","og_url":"https:\/\/www.dombowties.com\/en\/product\/stilinga-vyriska-apyranke3\/","og_site_name":"Peteli&scaron;ki\u0173 namai | Dom Bow Ties","article_modified_time":"2025-10-02T09:41:17+00:00","og_image":[{"width":546,"height":384,"url":"https:\/\/www.dombowties.com\/wp-content\/uploads\/2020\/03\/13-P3231985-e1585011010267.jpg","type":"image\/jpeg"}],"twitter_card":"summary_large_image","schema":{"@context":"https:\/\/schema.org","@graph":[{"@type":"WebPage","@id":"https:\/\/www.dombowties.com\/produktas\/stilinga-vyriska-apyranke3\/","url":"https:\/\/www.dombowties.com\/produktas\/stilinga-vyriska-apyranke3\/","name":"Stilinga vyri\u0161ka apyrank\u0117 - Peteli&scaron;ki\u0173 namai | Dom Bow Ties","isPartOf":{"@id":"https:\/\/www.dombowties.com\/#website"},"primaryImageOfPage":{"@id":"https:\/\/www.dombowties.com\/produktas\/stilinga-vyriska-apyranke3\/#primaryimage"},"image":{"@id":"https:\/\/www.dombowties.com\/produktas\/stilinga-vyriska-apyranke3\/#primaryimage"},"thumbnailUrl":"https:\/\/www.dombowties.com\/wp-content\/uploads\/2020\/03\/13-P3231985-e1585011010267.jpg","datePublished":"2020-03-24T00:51:01+00:00","dateModified":"2025-10-02T09:41:17+00:00","breadcrumb":{"@id":"https:\/\/www.dombowties.com\/produktas\/stilinga-vyriska-apyranke3\/#breadcrumb"},"inLanguage":"en-US","potentialAction":[{"@type":"ReadAction","target":["https:\/\/www.dombowties.com\/produktas\/stilinga-vyriska-apyranke3\/"]}]},{"@type":"ImageObject","inLanguage":"en-US","@id":"https:\/\/www.dombowties.com\/produktas\/stilinga-vyriska-apyranke3\/#primaryimage","url":"https:\/\/www.dombowties.com\/wp-content\/uploads\/2020\/03\/13-P3231985-e1585011010267.jpg","contentUrl":"https:\/\/www.dombowties.com\/wp-content\/uploads\/2020\/03\/13-P3231985-e1585011010267.jpg","width":546,"height":384,"caption":"vyriska_apyranke_dombowties"},{"@type":"BreadcrumbList","@id":"https:\/\/www.dombowties.com\/produktas\/stilinga-vyriska-apyranke3\/#breadcrumb","itemListElement":[{"@type":"ListItem","position":1,"name":"Home","item":"https:\/\/www.dombowties.com\/"},{"@type":"ListItem","position":2,"name":"Parduotuv\u0117","item":"https:\/\/www.dombowties.com\/parduotuve\/"},{"@type":"ListItem","position":3,"name":"Stilinga vyri\u0161ka apyrank\u0117"}]},{"@type":"WebSite","@id":"https:\/\/www.dombowties.com\/#website","url":"https:\/\/www.dombowties.com\/","name":"Peteli&scaron;ki\u0173 namai | Dom Bow Ties","description":"Vyri&scaron;k\u0173 peteli&scaron;ki\u0173, s\u0105sag\u0173, kaklarai&scaron;\u010di\u0173 ir kit\u0173 vyri&scaron;k\u0173 aksesuar\u0173 parduotuv\u0117","publisher":{"@id":"https:\/\/www.dombowties.com\/#organization"},"potentialAction":[{"@type":"SearchAction","target":{"@type":"EntryPoint","urlTemplate":"https:\/\/www.dombowties.com\/?s={search_term_string}"},"query-input":{"@type":"PropertyValueSpecification","valueRequired":true,"valueName":"search_term_string"}}],"inLanguage":"en-US"},{"@type":"Organization","@id":"https:\/\/www.dombowties.com\/#organization","name":"Peteli\u0161ki\u0173 namai | Dom Bow Ties","url":"https:\/\/www.dombowties.com\/","logo":{"@type":"ImageObject","inLanguage":"en-US","@id":"https:\/\/www.dombowties.com\/#\/schema\/logo\/image\/","url":"https:\/\/www.dombowties.com\/wp-content\/uploads\/2021\/06\/rsz_39154859_517797185342198_1243346040954814464_n.png","contentUrl":"https:\/\/www.dombowties.com\/wp-content\/uploads\/2021\/06\/rsz_39154859_517797185342198_1243346040954814464_n.png","width":200,"height":56,"caption":"Peteli\u0161ki\u0173 namai | Dom Bow Ties"},"image":{"@id":"https:\/\/www.dombowties.com\/#\/schema\/logo\/image\/"}}]}},"_links":{"self":[{"href":"https:\/\/www.dombowties.com\/en\/wp-json\/wp\/v2\/product\/10433","targetHints":{"allow":["GET"]}}],"collection":[{"href":"https:\/\/www.dombowties.com\/en\/wp-json\/wp\/v2\/product"}],"about":[{"href":"https:\/\/www.dombowties.com\/en\/wp-json\/wp\/v2\/types\/product"}],"wp:featuredmedia":[{"embeddable":true,"href":"https:\/\/www.dombowties.com\/en\/wp-json\/wp\/v2\/media\/10417"}],"wp:attachment":[{"href":"https:\/\/www.dombowties.com\/en\/wp-json\/wp\/v2\/media?parent=10433"}],"wp:term":[{"taxonomy":"product_brand","embeddable":true,"href":"https:\/\/www.dombowties.com\/en\/wp-json\/wp\/v2\/product_brand?post=10433"},{"taxonomy":"product_cat","embeddable":true,"href":"https:\/\/www.dombowties.com\/en\/wp-json\/wp\/v2\/product_cat?post=10433"},{"taxonomy":"product_tag","embeddable":true,"href":"https:\/\/www.dombowties.com\/en\/wp-json\/wp\/v2\/product_tag?post=10433"}],"curies":[{"name":"wp","href":"https:\/\/api.w.org\/{rel}","templated":true}]}}