{"id":558,"date":"2018-08-31T09:22:10","date_gmt":"2018-08-31T09:22:10","guid":{"rendered":"http:\/\/www.dombowties.com\/?page_id=558"},"modified":"2019-01-25T12:15:26","modified_gmt":"2019-01-25T12:15:26","slug":"kontaktai","status":"publish","type":"page","link":"https:\/\/www.dombowties.com\/en\/kontaktai\/","title":{"rendered":"About us"},"content":{"rendered":"<div class=\"wp-block-image\"><figure class=\"alignright is-resized\"><img decoding=\"async\" src=\"http:\/\/www.dombowties.com\/wp-content\/uploads\/2019\/01\/Suit-676x1024.jpg\" alt=\"\" class=\"wp-image-3404\" width=\"298\" height=\"452\" srcset=\"https:\/\/www.dombowties.com\/wp-content\/uploads\/2019\/01\/Suit-676x1024.jpg 676w, https:\/\/www.dombowties.com\/wp-content\/uploads\/2019\/01\/Suit-600x909.jpg 600w, https:\/\/www.dombowties.com\/wp-content\/uploads\/2019\/01\/Suit-198x300.jpg 198w, https:\/\/www.dombowties.com\/wp-content\/uploads\/2019\/01\/Suit-768x1164.jpg 768w, https:\/\/www.dombowties.com\/wp-content\/uploads\/2019\/01\/Suit.jpg 990w\" sizes=\"(max-width: 298px) 100vw, 298px\" \/><\/figure><\/div>\n\n\n\n<p>Bow ties home <strong>\u201cDom Bow Ties\u201d<\/strong> First and the only specialised men's accessories shop in Lithuania.<\/p>\n\n\n\n<p>Established in 2014 in an authentic underground place, Dom Bow Ties is located in stikliai street. This place is famous for its historical craft workshops.<\/p>\n\n\n\n<p>To us, bow tie is way more than accessory. It is a topic for conversation. It is about style and image. About elegance. About people you want to cheer up. About occasions you prepare for. About history and relevance.<\/p>\n\n\n\n<p>The supply is constantly updated. We co-operate with other bow ties creators, who stand out with their style and quality.<\/p>\n\n\n\n<p><strong>Why choose us?<\/strong><\/p>\n\n\n\n<p>We make the highest quality demands for ourselves and our partners.<\/p>\n\n\n\n<p>All our bow ties are handmade and created in Lithuania.<\/p>\n\n\n\n<p>Every bow tie is carefully packed into a box, which is a great gift.<\/p>\n\n\n\n<p>All the bow ties seen in this website can be purchased by a bank payment. You can also reserve a bow tie and come to the shop later to see if it fits you.<\/p>\n\n\n\n<p>Come prepared, bring your shirt or suit. Then you will be sure that you chose the best option.<\/p>\n\n\n\n<p>We do individual orders. Don't worry if it's urgent, we can make your order fast.<\/p>\n\n\n\n<p>See you at DOM BOW TIES!<\/p>","protected":false},"excerpt":{"rendered":"<p>Peteli\u0161ki\u0173 namai \u201cDom Bow Ties\u201d &#8211; pirmoji ir vienintel\u0117 specializuota vyri\u0161k\u0173 aksesuar\u0173 parduotuv\u0117. \u012esik\u016br\u0117me 2014-aisiais autenti\u0161kame Vilniaus po\u017eemyje &#8211; Stikli\u0173 gatv\u0117je. \u0160i vieta nuo seno pla\u010diai gars\u0117ja amatinink\u0173 dirbtuv\u0117mis. Peteli\u0161k\u0117s mums &#8211; daugiau nei aksesuaras. Tai &#8211; tema pokalbiui. Apie stili\u0173 ir \u012fvaizd\u012f. Apie elegancij\u0105. Apie \u017emones, kuriuos norite prad\u017eiuginti. Apie progas, kurioms ruo\u0161iat\u0117s. Apie [&hellip;]<\/p>","protected":false},"author":1,"featured_media":0,"parent":0,"menu_order":0,"comment_status":"closed","ping_status":"closed","template":"template-contact.php","meta":{"footnotes":""},"class_list":["post-558","page","type-page","status-publish","hentry"],"yoast_head":"<!-- This site is optimized with the Yoast SEO plugin v25.5 - https:\/\/yoast.com\/wordpress\/plugins\/seo\/ -->\n<title>Apie mus - Peteli&scaron;ki\u0173 namai | Dom Bow Ties<\/title>\n<meta name=\"robots\" content=\"index, follow, max-snippet:-1, max-image-preview:large, max-video-preview:-1\" \/>\n<link rel=\"canonical\" href=\"https:\/\/www.dombowties.com\/en\/kontaktai\/\" \/>\n<meta property=\"og:locale\" content=\"en_US\" \/>\n<meta property=\"og:type\" content=\"article\" \/>\n<meta property=\"og:title\" content=\"Apie mus - Peteli&scaron;ki\u0173 namai | Dom Bow Ties\" \/>\n<meta property=\"og:description\" content=\"Peteli\u0161ki\u0173 namai \u201cDom Bow Ties\u201d &#8211; pirmoji ir vienintel\u0117 specializuota vyri\u0161k\u0173 aksesuar\u0173 parduotuv\u0117. \u012esik\u016br\u0117me 2014-aisiais autenti\u0161kame Vilniaus po\u017eemyje &#8211; Stikli\u0173 gatv\u0117je. \u0160i vieta nuo seno pla\u010diai gars\u0117ja amatinink\u0173 dirbtuv\u0117mis. Peteli\u0161k\u0117s mums &#8211; daugiau nei aksesuaras. Tai &#8211; tema pokalbiui. Apie stili\u0173 ir \u012fvaizd\u012f. Apie elegancij\u0105. Apie \u017emones, kuriuos norite prad\u017eiuginti. Apie progas, kurioms ruo\u0161iat\u0117s. Apie [&hellip;]\" \/>\n<meta property=\"og:url\" content=\"https:\/\/www.dombowties.com\/en\/kontaktai\/\" \/>\n<meta property=\"og:site_name\" content=\"Peteli&scaron;ki\u0173 namai | Dom Bow Ties\" \/>\n<meta property=\"article:modified_time\" content=\"2019-01-25T12:15:26+00:00\" \/>\n<meta property=\"og:image\" content=\"http:\/\/www.dombowties.com\/wp-content\/uploads\/2019\/01\/Suit-676x1024.jpg\" \/>\n<meta name=\"twitter:card\" content=\"summary_large_image\" \/>\n<meta name=\"twitter:label1\" content=\"Est. reading time\" \/>\n\t<meta name=\"twitter:data1\" content=\"1 minute\" \/>\n<script type=\"application\/ld+json\" class=\"yoast-schema-graph\">{\"@context\":\"https:\/\/schema.org\",\"@graph\":[{\"@type\":\"WebPage\",\"@id\":\"https:\/\/www.dombowties.com\/kontaktai\/\",\"url\":\"https:\/\/www.dombowties.com\/kontaktai\/\",\"name\":\"Apie mus - Peteli&scaron;ki\u0173 namai | Dom Bow Ties\",\"isPartOf\":{\"@id\":\"https:\/\/www.dombowties.com\/#website\"},\"primaryImageOfPage\":{\"@id\":\"https:\/\/www.dombowties.com\/kontaktai\/#primaryimage\"},\"image\":{\"@id\":\"https:\/\/www.dombowties.com\/kontaktai\/#primaryimage\"},\"thumbnailUrl\":\"http:\/\/www.dombowties.com\/wp-content\/uploads\/2019\/01\/Suit-676x1024.jpg\",\"datePublished\":\"2018-08-31T09:22:10+00:00\",\"dateModified\":\"2019-01-25T12:15:26+00:00\",\"breadcrumb\":{\"@id\":\"https:\/\/www.dombowties.com\/kontaktai\/#breadcrumb\"},\"inLanguage\":\"en-US\",\"potentialAction\":[{\"@type\":\"ReadAction\",\"target\":[\"https:\/\/www.dombowties.com\/kontaktai\/\"]}]},{\"@type\":\"ImageObject\",\"inLanguage\":\"en-US\",\"@id\":\"https:\/\/www.dombowties.com\/kontaktai\/#primaryimage\",\"url\":\"http:\/\/www.dombowties.com\/wp-content\/uploads\/2019\/01\/Suit-676x1024.jpg\",\"contentUrl\":\"http:\/\/www.dombowties.com\/wp-content\/uploads\/2019\/01\/Suit-676x1024.jpg\"},{\"@type\":\"BreadcrumbList\",\"@id\":\"https:\/\/www.dombowties.com\/kontaktai\/#breadcrumb\",\"itemListElement\":[{\"@type\":\"ListItem\",\"position\":1,\"name\":\"Home\",\"item\":\"https:\/\/www.dombowties.com\/\"},{\"@type\":\"ListItem\",\"position\":2,\"name\":\"Apie mus\"}]},{\"@type\":\"WebSite\",\"@id\":\"https:\/\/www.dombowties.com\/#website\",\"url\":\"https:\/\/www.dombowties.com\/\",\"name\":\"Peteli&scaron;ki\u0173 namai | Dom Bow Ties\",\"description\":\"Vyri&scaron;k\u0173 peteli&scaron;ki\u0173, s\u0105sag\u0173, kaklarai&scaron;\u010di\u0173 ir kit\u0173 vyri&scaron;k\u0173 aksesuar\u0173 parduotuv\u0117\",\"publisher\":{\"@id\":\"https:\/\/www.dombowties.com\/#organization\"},\"potentialAction\":[{\"@type\":\"SearchAction\",\"target\":{\"@type\":\"EntryPoint\",\"urlTemplate\":\"https:\/\/www.dombowties.com\/?s={search_term_string}\"},\"query-input\":{\"@type\":\"PropertyValueSpecification\",\"valueRequired\":true,\"valueName\":\"search_term_string\"}}],\"inLanguage\":\"en-US\"},{\"@type\":\"Organization\",\"@id\":\"https:\/\/www.dombowties.com\/#organization\",\"name\":\"Peteli\u0161ki\u0173 namai | Dom Bow Ties\",\"url\":\"https:\/\/www.dombowties.com\/\",\"logo\":{\"@type\":\"ImageObject\",\"inLanguage\":\"en-US\",\"@id\":\"https:\/\/www.dombowties.com\/#\/schema\/logo\/image\/\",\"url\":\"https:\/\/www.dombowties.com\/wp-content\/uploads\/2021\/06\/rsz_39154859_517797185342198_1243346040954814464_n.png\",\"contentUrl\":\"https:\/\/www.dombowties.com\/wp-content\/uploads\/2021\/06\/rsz_39154859_517797185342198_1243346040954814464_n.png\",\"width\":200,\"height\":56,\"caption\":\"Peteli\u0161ki\u0173 namai | Dom Bow Ties\"},\"image\":{\"@id\":\"https:\/\/www.dombowties.com\/#\/schema\/logo\/image\/\"}}]}<\/script>\n<!-- \/ Yoast SEO plugin. -->","yoast_head_json":{"title":"Apie mus - Peteli&scaron;ki\u0173 namai | Dom Bow Ties","robots":{"index":"index","follow":"follow","max-snippet":"max-snippet:-1","max-image-preview":"max-image-preview:large","max-video-preview":"max-video-preview:-1"},"canonical":"https:\/\/www.dombowties.com\/en\/kontaktai\/","og_locale":"en_US","og_type":"article","og_title":"Apie mus - Peteli&scaron;ki\u0173 namai | Dom Bow Ties","og_description":"Peteli\u0161ki\u0173 namai \u201cDom Bow Ties\u201d &#8211; pirmoji ir vienintel\u0117 specializuota vyri\u0161k\u0173 aksesuar\u0173 parduotuv\u0117. \u012esik\u016br\u0117me 2014-aisiais autenti\u0161kame Vilniaus po\u017eemyje &#8211; Stikli\u0173 gatv\u0117je. \u0160i vieta nuo seno pla\u010diai gars\u0117ja amatinink\u0173 dirbtuv\u0117mis. Peteli\u0161k\u0117s mums &#8211; daugiau nei aksesuaras. Tai &#8211; tema pokalbiui. Apie stili\u0173 ir \u012fvaizd\u012f. Apie elegancij\u0105. Apie \u017emones, kuriuos norite prad\u017eiuginti. Apie progas, kurioms ruo\u0161iat\u0117s. Apie [&hellip;]","og_url":"https:\/\/www.dombowties.com\/en\/kontaktai\/","og_site_name":"Peteli&scaron;ki\u0173 namai | Dom Bow Ties","article_modified_time":"2019-01-25T12:15:26+00:00","og_image":[{"url":"http:\/\/www.dombowties.com\/wp-content\/uploads\/2019\/01\/Suit-676x1024.jpg","type":"","width":"","height":""}],"twitter_card":"summary_large_image","twitter_misc":{"Est. reading time":"1 minute"},"schema":{"@context":"https:\/\/schema.org","@graph":[{"@type":"WebPage","@id":"https:\/\/www.dombowties.com\/kontaktai\/","url":"https:\/\/www.dombowties.com\/kontaktai\/","name":"Apie mus - Peteli&scaron;ki\u0173 namai | Dom Bow Ties","isPartOf":{"@id":"https:\/\/www.dombowties.com\/#website"},"primaryImageOfPage":{"@id":"https:\/\/www.dombowties.com\/kontaktai\/#primaryimage"},"image":{"@id":"https:\/\/www.dombowties.com\/kontaktai\/#primaryimage"},"thumbnailUrl":"http:\/\/www.dombowties.com\/wp-content\/uploads\/2019\/01\/Suit-676x1024.jpg","datePublished":"2018-08-31T09:22:10+00:00","dateModified":"2019-01-25T12:15:26+00:00","breadcrumb":{"@id":"https:\/\/www.dombowties.com\/kontaktai\/#breadcrumb"},"inLanguage":"en-US","potentialAction":[{"@type":"ReadAction","target":["https:\/\/www.dombowties.com\/kontaktai\/"]}]},{"@type":"ImageObject","inLanguage":"en-US","@id":"https:\/\/www.dombowties.com\/kontaktai\/#primaryimage","url":"http:\/\/www.dombowties.com\/wp-content\/uploads\/2019\/01\/Suit-676x1024.jpg","contentUrl":"http:\/\/www.dombowties.com\/wp-content\/uploads\/2019\/01\/Suit-676x1024.jpg"},{"@type":"BreadcrumbList","@id":"https:\/\/www.dombowties.com\/kontaktai\/#breadcrumb","itemListElement":[{"@type":"ListItem","position":1,"name":"Home","item":"https:\/\/www.dombowties.com\/"},{"@type":"ListItem","position":2,"name":"Apie mus"}]},{"@type":"WebSite","@id":"https:\/\/www.dombowties.com\/#website","url":"https:\/\/www.dombowties.com\/","name":"Peteli&scaron;ki\u0173 namai | Dom Bow Ties","description":"Vyri&scaron;k\u0173 peteli&scaron;ki\u0173, s\u0105sag\u0173, kaklarai&scaron;\u010di\u0173 ir kit\u0173 vyri&scaron;k\u0173 aksesuar\u0173 parduotuv\u0117","publisher":{"@id":"https:\/\/www.dombowties.com\/#organization"},"potentialAction":[{"@type":"SearchAction","target":{"@type":"EntryPoint","urlTemplate":"https:\/\/www.dombowties.com\/?s={search_term_string}"},"query-input":{"@type":"PropertyValueSpecification","valueRequired":true,"valueName":"search_term_string"}}],"inLanguage":"en-US"},{"@type":"Organization","@id":"https:\/\/www.dombowties.com\/#organization","name":"Peteli\u0161ki\u0173 namai | Dom Bow Ties","url":"https:\/\/www.dombowties.com\/","logo":{"@type":"ImageObject","inLanguage":"en-US","@id":"https:\/\/www.dombowties.com\/#\/schema\/logo\/image\/","url":"https:\/\/www.dombowties.com\/wp-content\/uploads\/2021\/06\/rsz_39154859_517797185342198_1243346040954814464_n.png","contentUrl":"https:\/\/www.dombowties.com\/wp-content\/uploads\/2021\/06\/rsz_39154859_517797185342198_1243346040954814464_n.png","width":200,"height":56,"caption":"Peteli\u0161ki\u0173 namai | Dom Bow Ties"},"image":{"@id":"https:\/\/www.dombowties.com\/#\/schema\/logo\/image\/"}}]}},"_links":{"self":[{"href":"https:\/\/www.dombowties.com\/en\/wp-json\/wp\/v2\/pages\/558","targetHints":{"allow":["GET"]}}],"collection":[{"href":"https:\/\/www.dombowties.com\/en\/wp-json\/wp\/v2\/pages"}],"about":[{"href":"https:\/\/www.dombowties.com\/en\/wp-json\/wp\/v2\/types\/page"}],"author":[{"embeddable":true,"href":"https:\/\/www.dombowties.com\/en\/wp-json\/wp\/v2\/users\/1"}],"replies":[{"embeddable":true,"href":"https:\/\/www.dombowties.com\/en\/wp-json\/wp\/v2\/comments?post=558"}],"version-history":[{"count":0,"href":"https:\/\/www.dombowties.com\/en\/wp-json\/wp\/v2\/pages\/558\/revisions"}],"wp:attachment":[{"href":"https:\/\/www.dombowties.com\/en\/wp-json\/wp\/v2\/media?parent=558"}],"curies":[{"name":"wp","href":"https:\/\/api.w.org\/{rel}","templated":true}]}}