{"id":4604,"date":"2019-03-08T19:22:51","date_gmt":"2019-03-08T19:22:51","guid":{"rendered":"http:\/\/www.dombowties.com\/?page_id=4604"},"modified":"2025-12-01T14:30:17","modified_gmt":"2025-12-01T14:30:17","slug":"pristatymas-ir-grazinimas","status":"publish","type":"page","link":"https:\/\/www.dombowties.com\/en\/pristatymas-ir-grazinimas\/","title":{"rendered":"Shipping &amp; Return"},"content":{"rendered":"<h4 class=\"wp-block-heading\"><strong><em>We are delighted that you are choosing \"Dom Bow Ties\" and partner products - we are committed to working with you wholeheartedly to find the perfect accessory for you.<\/em><\/strong><\/h4>\r\n\r\n\r\n\r\n<p>If you have any questions about the color, pattern, delivery time of the bow tie, cufflinks or other accessory, please feel free to email us<a href=\"\/en\/info@lietuviskospeteliskes.lt\/\"> info@lietuviskospeteliskes.lt <\/a>or give us a call.<\/p>\r\n\r\n\r\n\r\n<p>We also accept very urgent orders - both in terms of production and delivery. We usually ship via parcel terminals and by registered mail, but other delivery options are also available. It is most important that the accessory reaches you in TIME.<\/p>\r\n\r\n\r\n\r\n<p>If there is no urgency, we will ship the items within 1-2 business days after payment.<\/p>\r\n\r\n\r\n\r\n<figure class=\"wp-block-image\"><a href=\"http:\/\/lietuviskospeteliskes.lt\/wp-content\/uploads\/2018\/03\/puslapio.atnj_-1.png\"><img decoding=\"async\" class=\"wp-image-21280\" src=\"http:\/\/lietuviskospeteliskes.lt\/wp-content\/uploads\/2018\/03\/puslapio.atnj_-1.png\" alt=\"\" \/><\/a><\/figure>\r\n\r\n\r\n\r\n<p><strong>Packing:<\/strong><\/p>\r\n\r\n\r\n\r\n<p>Each bow tie is packed in a box with a liner.<\/p>\r\n\r\n\r\n\r\n<p>Silk and wool - black, others - brown cardboard box. On request, any bow tie you like can be packed in a black box for an additional charge of 1 \u20ac.<\/p>\r\n\r\n\r\n\r\n<p>The packaging is immediately suitable for the gift. So don't hesitate, bow tie is the perfect gift for the man you care about.<\/p>\r\n<p>&nbsp;<\/p>\r\n<p><strong>Shipping and Charges:<\/strong><\/p>\r\n<p><em>Lietuvoje<\/em> delivery is available by:<\/p>\r\n<p>DPD, Omniva, LP Express courier services: 3 - 5 \u20ac (1-4 working days)<\/p>\r\n<p>DPD, Omniva, LP Express parcel machines: 2.49 - 3.85 \u20ac (1-4 working days)<\/p>\r\n<p>Dom bow ties store pickup at Stikliu str. 6, Vilnius: FREE (0-3 working days)<\/p>\r\n<p><em>Abroad:<\/em>:<\/p>\r\n<p>Latvia - Omniva: 5 \u20ac (3-7 working days)<\/p>\r\n<p>Estonia - Omniva: 6 \u20ac (3-7 working days)<\/p>\r\n<p>EU countries - delivery by post or via company HRX: 10 \u20ac for one item (7-21 working days). If there is a bigger order, shipping price will be calculated individually.<\/p>\r\n<p>Other countries (Outside of EU) - delivery by post: 30 \u20ac for one item (7-30 working days). If there is a bigger order, shipping price will be calculated individually.<\/p>\r\n<p>If you are buying at dombowties.com for \u20ac35 or more, we will deliver your order FREE of charge within Lithuania.<\/p>\r\n<p>For purchases at the dombowties.com e-shop for less than \u20ac10, a service fee of \u20ac0.99 applies.<\/p>\r\n<p><strong>dombowties.com electronic store customers can choose the method of delivery:<\/strong><\/p>\r\n<p><em>Lietuvoje<\/em>: delivery by courier; delivery to LP Express\/Omniva\/DPD self-service parcel terminals within Lithuania;<\/p>\r\n<p>Delivery to the Curonian Spit is carried out using Lithuanian Post services.<\/p>\r\n<p><em>Abroad:<\/em>delivery will be made through the Lithuanian Post services.<\/p>\r\n<p>If you require a faster service and agree to pay for express delivery, please contact us for more information via e-mail\u00a0<strong>info@lietuviskospeteliskes.lt\u00a0<\/strong>or phone number <strong>+37062733328<\/strong><\/p>\r\n<p>The delivery price is automatically calculated and added to your payment order. After receiving your payment, e-shop dombowties.com will deliver your order in 1-4 working days within Lithuania or in 1-3 weeks outside Lithuania, except when items are out of stock.<\/p>\r\n<p>The customer agrees that in exceptional cases, delivery could be delayed owing to circumstances which could not be foreseen and do not depend on dombowties.com. In this case we will immediately contact the custumer to resolve problems of the delivery.<\/p>\r\n<p>dombowties.com is not responsible for non-delivery if the customer provided incorrect delivery details on  the order or failed to be present at the agreed time and place of the delivery. If the courier fails three times to deliver an order to the customer, it is then returned to dombowties.com.<\/p>\r\n<p>Goods can only be accepted by a person who made the order. They must show a valid passport, ID card or driver's license (new format) at the time of the delivery. If the goods are to be accepted by someone other than the person who made the order, please notify us about this when placing an order in the column 'Notes'.<\/p>\r\n<p>&nbsp;<\/p>\r\n\r\n\r\n\r\n\r\n\r\n<p><strong>Returns:<\/strong><\/p>\r\n\r\n\r\n\r\n<p>If you do not like the item you purchased, you can return or replace it within 14 calendar days.<\/p>\r\n\r\n\r\n\r\n<p>Please inform us about your intention to return or replace the item<strong>\u00a0info@lietuvi\u0161kospeteliskes.lt<\/strong><\/p>\r\n\r\n\r\n\r\n<p>The returned item must be unused in its original and undamaged box.<\/p>\r\n\r\n\r\n\r\n<p>After receiving the returned item, we will transfer the money to your bank account within two business days.<\/p>\r\n<p>&nbsp;<\/p>\r\n\r\n\r\n\r\n<p>Details of our company:<\/p>\r\n\r\n\r\n\r\n<p><strong>MB \u201eSmagi spinta\u201c<\/strong><br \/><strong>\u012emon\u0117s kodas: 303385967<\/strong><br \/><strong>info@lietuviskospeteliskes.lt\u00a0<\/strong><\/p>","protected":false},"excerpt":{"rendered":"<p>Malonu, kad renkat\u0117s &#8222;Dom Bow Ties&#8221; ir partneri\u0173 gaminius &#8211; esame pasiruo\u0161\u0119 i\u0161 visos \u0161irdies pasistengti, kad J\u016bs i\u0161sirinkum\u0117te sau labiausiai tinkant\u012f aksesuar\u0105 ir juo d\u017eiaugtum\u0117t\u0117s. Jei Jums kyla koki\u0173 nors klausim\u0173 d\u0117l varlyt\u0117s, s\u0105sag\u0173 ar kito aksesuaro atspalvio, ra\u0161to, pristatymo laiko, nedvejodami ra\u0161ykite mums info@lietuviskospeteliskes.lt arba skambinkite. Priimame ir labai skubius u\u017esakymus \u2013 tiek [&hellip;]<\/p>","protected":false},"author":1,"featured_media":0,"parent":0,"menu_order":0,"comment_status":"closed","ping_status":"closed","template":"","meta":{"footnotes":""},"class_list":["post-4604","page","type-page","status-publish","hentry"],"yoast_head":"<!-- This site is optimized with the Yoast SEO plugin v25.5 - https:\/\/yoast.com\/wordpress\/plugins\/seo\/ -->\n<title>Pristatymas ir gr\u0105\u017einimas - Peteli&scaron;ki\u0173 namai | Dom Bow Ties<\/title>\n<meta name=\"robots\" content=\"index, follow, max-snippet:-1, max-image-preview:large, max-video-preview:-1\" \/>\n<link rel=\"canonical\" href=\"https:\/\/www.dombowties.com\/en\/pristatymas-ir-grazinimas\/\" \/>\n<meta property=\"og:locale\" content=\"en_US\" \/>\n<meta property=\"og:type\" content=\"article\" \/>\n<meta property=\"og:title\" content=\"Pristatymas ir gr\u0105\u017einimas - Peteli&scaron;ki\u0173 namai | Dom Bow Ties\" \/>\n<meta property=\"og:description\" content=\"Malonu, kad renkat\u0117s &#8222;Dom Bow Ties&#8221; ir partneri\u0173 gaminius &#8211; esame pasiruo\u0161\u0119 i\u0161 visos \u0161irdies pasistengti, kad J\u016bs i\u0161sirinkum\u0117te sau labiausiai tinkant\u012f aksesuar\u0105 ir juo d\u017eiaugtum\u0117t\u0117s. Jei Jums kyla koki\u0173 nors klausim\u0173 d\u0117l varlyt\u0117s, s\u0105sag\u0173 ar kito aksesuaro atspalvio, ra\u0161to, pristatymo laiko, nedvejodami ra\u0161ykite mums info@lietuviskospeteliskes.lt arba skambinkite. Priimame ir labai skubius u\u017esakymus \u2013 tiek [&hellip;]\" \/>\n<meta property=\"og:url\" content=\"https:\/\/www.dombowties.com\/en\/pristatymas-ir-grazinimas\/\" \/>\n<meta property=\"og:site_name\" content=\"Peteli&scaron;ki\u0173 namai | Dom Bow Ties\" \/>\n<meta property=\"article:modified_time\" content=\"2025-12-01T14:30:17+00:00\" \/>\n<meta name=\"twitter:card\" content=\"summary_large_image\" \/>\n<meta name=\"twitter:label1\" content=\"Est. reading time\" \/>\n\t<meta name=\"twitter:data1\" content=\"4 minutes\" \/>\n<script type=\"application\/ld+json\" class=\"yoast-schema-graph\">{\"@context\":\"https:\/\/schema.org\",\"@graph\":[{\"@type\":\"WebPage\",\"@id\":\"https:\/\/www.dombowties.com\/pristatymas-ir-grazinimas\/\",\"url\":\"https:\/\/www.dombowties.com\/pristatymas-ir-grazinimas\/\",\"name\":\"Pristatymas ir gr\u0105\u017einimas - Peteli&scaron;ki\u0173 namai | Dom Bow Ties\",\"isPartOf\":{\"@id\":\"https:\/\/www.dombowties.com\/#website\"},\"primaryImageOfPage\":{\"@id\":\"https:\/\/www.dombowties.com\/pristatymas-ir-grazinimas\/#primaryimage\"},\"image\":{\"@id\":\"https:\/\/www.dombowties.com\/pristatymas-ir-grazinimas\/#primaryimage\"},\"thumbnailUrl\":\"http:\/\/lietuviskospeteliskes.lt\/wp-content\/uploads\/2018\/03\/puslapio.atnj_-1.png\",\"datePublished\":\"2019-03-08T19:22:51+00:00\",\"dateModified\":\"2025-12-01T14:30:17+00:00\",\"breadcrumb\":{\"@id\":\"https:\/\/www.dombowties.com\/pristatymas-ir-grazinimas\/#breadcrumb\"},\"inLanguage\":\"en-US\",\"potentialAction\":[{\"@type\":\"ReadAction\",\"target\":[\"https:\/\/www.dombowties.com\/pristatymas-ir-grazinimas\/\"]}]},{\"@type\":\"ImageObject\",\"inLanguage\":\"en-US\",\"@id\":\"https:\/\/www.dombowties.com\/pristatymas-ir-grazinimas\/#primaryimage\",\"url\":\"http:\/\/lietuviskospeteliskes.lt\/wp-content\/uploads\/2018\/03\/puslapio.atnj_-1.png\",\"contentUrl\":\"http:\/\/lietuviskospeteliskes.lt\/wp-content\/uploads\/2018\/03\/puslapio.atnj_-1.png\"},{\"@type\":\"BreadcrumbList\",\"@id\":\"https:\/\/www.dombowties.com\/pristatymas-ir-grazinimas\/#breadcrumb\",\"itemListElement\":[{\"@type\":\"ListItem\",\"position\":1,\"name\":\"Home\",\"item\":\"https:\/\/www.dombowties.com\/\"},{\"@type\":\"ListItem\",\"position\":2,\"name\":\"Pristatymas ir gr\u0105\u017einimas\"}]},{\"@type\":\"WebSite\",\"@id\":\"https:\/\/www.dombowties.com\/#website\",\"url\":\"https:\/\/www.dombowties.com\/\",\"name\":\"Peteli&scaron;ki\u0173 namai | Dom Bow Ties\",\"description\":\"Vyri&scaron;k\u0173 peteli&scaron;ki\u0173, s\u0105sag\u0173, kaklarai&scaron;\u010di\u0173 ir kit\u0173 vyri&scaron;k\u0173 aksesuar\u0173 parduotuv\u0117\",\"publisher\":{\"@id\":\"https:\/\/www.dombowties.com\/#organization\"},\"potentialAction\":[{\"@type\":\"SearchAction\",\"target\":{\"@type\":\"EntryPoint\",\"urlTemplate\":\"https:\/\/www.dombowties.com\/?s={search_term_string}\"},\"query-input\":{\"@type\":\"PropertyValueSpecification\",\"valueRequired\":true,\"valueName\":\"search_term_string\"}}],\"inLanguage\":\"en-US\"},{\"@type\":\"Organization\",\"@id\":\"https:\/\/www.dombowties.com\/#organization\",\"name\":\"Peteli\u0161ki\u0173 namai | Dom Bow Ties\",\"url\":\"https:\/\/www.dombowties.com\/\",\"logo\":{\"@type\":\"ImageObject\",\"inLanguage\":\"en-US\",\"@id\":\"https:\/\/www.dombowties.com\/#\/schema\/logo\/image\/\",\"url\":\"https:\/\/www.dombowties.com\/wp-content\/uploads\/2021\/06\/rsz_39154859_517797185342198_1243346040954814464_n.png\",\"contentUrl\":\"https:\/\/www.dombowties.com\/wp-content\/uploads\/2021\/06\/rsz_39154859_517797185342198_1243346040954814464_n.png\",\"width\":200,\"height\":56,\"caption\":\"Peteli\u0161ki\u0173 namai | Dom Bow Ties\"},\"image\":{\"@id\":\"https:\/\/www.dombowties.com\/#\/schema\/logo\/image\/\"}}]}<\/script>\n<!-- \/ Yoast SEO plugin. -->","yoast_head_json":{"title":"Pristatymas ir gr\u0105\u017einimas - Peteli&scaron;ki\u0173 namai | Dom Bow Ties","robots":{"index":"index","follow":"follow","max-snippet":"max-snippet:-1","max-image-preview":"max-image-preview:large","max-video-preview":"max-video-preview:-1"},"canonical":"https:\/\/www.dombowties.com\/en\/pristatymas-ir-grazinimas\/","og_locale":"en_US","og_type":"article","og_title":"Pristatymas ir gr\u0105\u017einimas - Peteli&scaron;ki\u0173 namai | Dom Bow Ties","og_description":"Malonu, kad renkat\u0117s &#8222;Dom Bow Ties&#8221; ir partneri\u0173 gaminius &#8211; esame pasiruo\u0161\u0119 i\u0161 visos \u0161irdies pasistengti, kad J\u016bs i\u0161sirinkum\u0117te sau labiausiai tinkant\u012f aksesuar\u0105 ir juo d\u017eiaugtum\u0117t\u0117s. Jei Jums kyla koki\u0173 nors klausim\u0173 d\u0117l varlyt\u0117s, s\u0105sag\u0173 ar kito aksesuaro atspalvio, ra\u0161to, pristatymo laiko, nedvejodami ra\u0161ykite mums info@lietuviskospeteliskes.lt arba skambinkite. Priimame ir labai skubius u\u017esakymus \u2013 tiek [&hellip;]","og_url":"https:\/\/www.dombowties.com\/en\/pristatymas-ir-grazinimas\/","og_site_name":"Peteli&scaron;ki\u0173 namai | Dom Bow Ties","article_modified_time":"2025-12-01T14:30:17+00:00","twitter_card":"summary_large_image","twitter_misc":{"Est. reading time":"4 minutes"},"schema":{"@context":"https:\/\/schema.org","@graph":[{"@type":"WebPage","@id":"https:\/\/www.dombowties.com\/pristatymas-ir-grazinimas\/","url":"https:\/\/www.dombowties.com\/pristatymas-ir-grazinimas\/","name":"Pristatymas ir gr\u0105\u017einimas - Peteli&scaron;ki\u0173 namai | Dom Bow Ties","isPartOf":{"@id":"https:\/\/www.dombowties.com\/#website"},"primaryImageOfPage":{"@id":"https:\/\/www.dombowties.com\/pristatymas-ir-grazinimas\/#primaryimage"},"image":{"@id":"https:\/\/www.dombowties.com\/pristatymas-ir-grazinimas\/#primaryimage"},"thumbnailUrl":"http:\/\/lietuviskospeteliskes.lt\/wp-content\/uploads\/2018\/03\/puslapio.atnj_-1.png","datePublished":"2019-03-08T19:22:51+00:00","dateModified":"2025-12-01T14:30:17+00:00","breadcrumb":{"@id":"https:\/\/www.dombowties.com\/pristatymas-ir-grazinimas\/#breadcrumb"},"inLanguage":"en-US","potentialAction":[{"@type":"ReadAction","target":["https:\/\/www.dombowties.com\/pristatymas-ir-grazinimas\/"]}]},{"@type":"ImageObject","inLanguage":"en-US","@id":"https:\/\/www.dombowties.com\/pristatymas-ir-grazinimas\/#primaryimage","url":"http:\/\/lietuviskospeteliskes.lt\/wp-content\/uploads\/2018\/03\/puslapio.atnj_-1.png","contentUrl":"http:\/\/lietuviskospeteliskes.lt\/wp-content\/uploads\/2018\/03\/puslapio.atnj_-1.png"},{"@type":"BreadcrumbList","@id":"https:\/\/www.dombowties.com\/pristatymas-ir-grazinimas\/#breadcrumb","itemListElement":[{"@type":"ListItem","position":1,"name":"Home","item":"https:\/\/www.dombowties.com\/"},{"@type":"ListItem","position":2,"name":"Pristatymas ir gr\u0105\u017einimas"}]},{"@type":"WebSite","@id":"https:\/\/www.dombowties.com\/#website","url":"https:\/\/www.dombowties.com\/","name":"Peteli&scaron;ki\u0173 namai | Dom Bow Ties","description":"Vyri&scaron;k\u0173 peteli&scaron;ki\u0173, s\u0105sag\u0173, kaklarai&scaron;\u010di\u0173 ir kit\u0173 vyri&scaron;k\u0173 aksesuar\u0173 parduotuv\u0117","publisher":{"@id":"https:\/\/www.dombowties.com\/#organization"},"potentialAction":[{"@type":"SearchAction","target":{"@type":"EntryPoint","urlTemplate":"https:\/\/www.dombowties.com\/?s={search_term_string}"},"query-input":{"@type":"PropertyValueSpecification","valueRequired":true,"valueName":"search_term_string"}}],"inLanguage":"en-US"},{"@type":"Organization","@id":"https:\/\/www.dombowties.com\/#organization","name":"Peteli\u0161ki\u0173 namai | Dom Bow Ties","url":"https:\/\/www.dombowties.com\/","logo":{"@type":"ImageObject","inLanguage":"en-US","@id":"https:\/\/www.dombowties.com\/#\/schema\/logo\/image\/","url":"https:\/\/www.dombowties.com\/wp-content\/uploads\/2021\/06\/rsz_39154859_517797185342198_1243346040954814464_n.png","contentUrl":"https:\/\/www.dombowties.com\/wp-content\/uploads\/2021\/06\/rsz_39154859_517797185342198_1243346040954814464_n.png","width":200,"height":56,"caption":"Peteli\u0161ki\u0173 namai | Dom Bow Ties"},"image":{"@id":"https:\/\/www.dombowties.com\/#\/schema\/logo\/image\/"}}]}},"_links":{"self":[{"href":"https:\/\/www.dombowties.com\/en\/wp-json\/wp\/v2\/pages\/4604","targetHints":{"allow":["GET"]}}],"collection":[{"href":"https:\/\/www.dombowties.com\/en\/wp-json\/wp\/v2\/pages"}],"about":[{"href":"https:\/\/www.dombowties.com\/en\/wp-json\/wp\/v2\/types\/page"}],"author":[{"embeddable":true,"href":"https:\/\/www.dombowties.com\/en\/wp-json\/wp\/v2\/users\/1"}],"replies":[{"embeddable":true,"href":"https:\/\/www.dombowties.com\/en\/wp-json\/wp\/v2\/comments?post=4604"}],"version-history":[{"count":0,"href":"https:\/\/www.dombowties.com\/en\/wp-json\/wp\/v2\/pages\/4604\/revisions"}],"wp:attachment":[{"href":"https:\/\/www.dombowties.com\/en\/wp-json\/wp\/v2\/media?parent=4604"}],"curies":[{"name":"wp","href":"https:\/\/api.w.org\/{rel}","templated":true}]}}