{"id":4589,"date":"2019-03-08T18:13:58","date_gmt":"2019-03-08T18:13:58","guid":{"rendered":"http:\/\/www.dombowties.com\/?page_id=4589"},"modified":"2019-03-08T18:14:00","modified_gmt":"2019-03-08T18:14:00","slug":"privatumo-politika","status":"publish","type":"page","link":"https:\/\/www.dombowties.com\/en\/privatumo-politika\/","title":{"rendered":"Privacy policy"},"content":{"rendered":"<p class=\"has-background has-very-light-gray-background-color\">Privacy policy<\/p>\n\n\n\n<p><strong>1. General Provisions<\/strong><\/p>\n\n\n\n<p>1.1 This Privacy Policy sets forth MB \"Peteli\u0161ki\u0173 namai\" e-stores (hereafter - <a href=\"http:\/\/www.dombowties.com\/en\/\">www.dombowties.com<\/a> ) and the www.dombowties.com Customer (hereafter - You), the basic principles and procedures for the collection, processing and storage of personal data.<\/p>\n\n\n\n<p>1.2 The collection, processing and storage of your personal data is governed by this Privacy Policy, the Personal Data Protection Law of the Republic of Lithuania and other legal acts.<\/p>\n\n\n\n<p>1.3 By submitting your personal information to the e-store, you agree that www.dombowties.com will manage and process it for the purposes, means and procedures set out in this Privacy Policy and this law.<\/p>\n\n\n\n<p>1.4 We undertake to sell goods to natural persons under the age of 18, and to younger persons only with the consent of their parents or guardians.<\/p>\n\n\n\n<p><strong>2. Collection, processing and storage of personal data<\/strong><\/p>\n\n\n\n<p>2.1 <a href=\"http:\/\/www.dombowties.com\/en\/\">www.dombowties.com<\/a> shall be guided by the following basic principles of personal data processing:<\/p>\n\n\n\n<p>2.1.1 Personal data are collected for specified and legitimate purposes.<\/p>\n\n\n\n<p>2.1.2 Personal data are processed accurately and fairly.<\/p>\n\n\n\n<p>2.1.3 Personal data is constantly updated.<\/p>\n\n\n\n<p>2.1.4 Personal data shall be kept for no longer than is necessary for the purposes for which the data were processed.<\/p>\n\n\n\n<p>2.1.5 Personal data shall only be processed by authorized personnel.<\/p>\n\n\n\n<p>2.1.6 All information on personal data processed is confidential.<\/p>\n\n\n\n<p>2.2\u00a0 <a href=\"http:\/\/www.dombowties.com\/en\/\">www.dombowties.com<\/a> respects the privacy of every customer. Your personal data (name, address, telephone number, email address and other information in the e-store registration form) is collected and processed for the following purposes:<\/p>\n\n\n\n<p>2.2.1 process orders for your goods;<\/p>\n\n\n\n<p>2.2.2 issue financial documents (such as invoices);<\/p>\n\n\n\n<p>2.2.3 to solve problems related to the presentation or delivery of goods;<\/p>\n\n\n\n<p>2.2.4 fulfill other contractual obligations;<\/p>\n\n\n\n<p><strong>3. Transfer of personal data to third parties<\/strong><\/p>\n\n\n\n<p>3.1 Transfer of personal data to third parties<\/p>\n\n\n\n<p>3.1.2 The Seller shall have the right to transfer the information to third parties only for the purposes set out in clause 2.2.<\/p>\n\n\n\n<p>3.1.3 Only in the manner prescribed by the laws of the Republic of Lithuania.<\/p>\n\n\n\n<p><strong>4. Registration Rules<\/strong><\/p>\n\n\n\n<p>4.1 You must provide complete and correct information about yourself in the registration form. If you provide inaccurate, false or misleading information in the registration form, we have the right to cancel your order and delete the data or limit your access to the e-store.<\/p>\n\n\n\n<p><strong>5. Change or update of personal data<\/strong><\/p>\n\n\n\n<p>5.1 You have the right to change and \/ or update the information provided in the registration form at any time by notifying us at <a href=\"\/en\/info@lietuviskospeteliskes.lt\/\">info@lietuviskospeteliskes.lt<\/a>\u00a0 or by phone <a href=\"tel: 37062733328\">+37062733328<\/a><\/p>\n\n\n\n<p><strong>6, Cookies<\/strong><\/p>\n\n\n\n<p>6.1 Informuojame, jog tam, kad gal\u0117tume pasi\u016blyti Jums visavertes paslaugas m\u016bs\u0173 svetain\u0117je, J\u016bs\u0173 kompiuteryje (\u012frenginyje) \u012fra\u0161ome informacij\u0105 (slapukus, angl. &#8222;cookies&#8221;). \u012era\u0161yt\u0105 informacij\u0105 naudosime atpa\u017eindami Jus, kaip ankstesn\u012f svetain\u0117s naudotoj\u0105, rinkdami svetain\u0117s lankomumo statistik\u0105. J\u016bs bet kada galite per\u017ei\u016br\u0117ti, koki\u0105 informacij\u0105 (slapukus) \u012fra\u0161ome, ir galite i\u0161trinti dal\u012f ar visus \u012fra\u0161ytus slapukus. Taip pat turite teis\u0119 nesutikti, kad b\u016bt\u0173 \u012fra\u0161oma ir naudojama informacija (slapukai) J\u016bs\u0173 kompiuteryje (\u012frenginyje), ta\u010diau tokiu atveju kai kurios svetain\u0117s funkcijos Jums gali b\u016bti neprieinamos. Preziumuojame, jog naudodamasis e-parduotuve sutinkame su tuo, kad J\u016bs\u0173 kompiuteryje (\u012frenginyje) b\u016bt\u0173 \u012fra\u0161oma informacija. Savo duot\u0105 sutikim\u0105 bet kada gal\u0117site at\u0161aukti, pakeisdami savo interneto nar\u0161ykl\u0117s nustatymus, ar kreipdamiesi \u012f mus bet kuriais svetain\u0117je skelbiamais kontaktais.<\/p>\n\n\n\n<p><strong>7. Modification of rules and final provisions<\/strong><\/p>\n\n\n\n<p>7.1 <a href=\"http:\/\/www.dombowties.com\/en\/\">www.dombowties.com<\/a>\u00a0 has the right to amend the Privacy Terms in whole or in part by notifying the e-store. Continued use of our site services implies compliance with these rules. All disputes and disputes arising shall be settled by negotiation. Failing agreement, the dispute shall be resolved in accordance with the laws of the Republic of Lithuania.<\/p>\n\n\n\n<p>If you have any questions or suggestions, please contact us <a href=\"\/en\/info@lietuviskospeteliskes.lt\/\">info@lietuviskospeteliskes.lt<\/a><\/p>","protected":false},"excerpt":{"rendered":"<p>PRIVATUMO POLITIKA 1. Bendrosios nuostatos 1.1 \u0160i privatumo politika numato MB \u201cPeteli\u0161ki\u0173 namai\u201d elektronin\u0117s parduotuv\u0117s (toliau \u2013 www.dombowties.com ) ir www.dombowties.com kliento (toliau \u2013 J\u016bs\u0173, Jus) pagrindinius asmens duomen\u0173 rinkimo, tvarkymo ir saugojimo principus bei tvark\u0105. 1.2 J\u016bs\u0173 asmens duomen\u0173 surinkim\u0105, tvarkym\u0105 ir saugojim\u0105 numato \u0161i privatumo politika, Lietuvos Respublikos Asmens duomen\u0173 teisin\u0117s apsaugos \u012fstatymas [&hellip;]<\/p>","protected":false},"author":1,"featured_media":0,"parent":0,"menu_order":0,"comment_status":"closed","ping_status":"closed","template":"","meta":{"footnotes":""},"class_list":["post-4589","page","type-page","status-publish","hentry"],"yoast_head":"<!-- This site is optimized with the Yoast SEO plugin v25.5 - https:\/\/yoast.com\/wordpress\/plugins\/seo\/ -->\n<title>PRIVATUMO POLITIKA - Peteli&scaron;ki\u0173 namai | Dom Bow Ties<\/title>\n<meta name=\"robots\" content=\"index, follow, max-snippet:-1, max-image-preview:large, max-video-preview:-1\" \/>\n<link rel=\"canonical\" href=\"https:\/\/www.dombowties.com\/en\/privatumo-politika\/\" \/>\n<meta property=\"og:locale\" content=\"en_US\" \/>\n<meta property=\"og:type\" content=\"article\" \/>\n<meta property=\"og:title\" content=\"PRIVATUMO POLITIKA - Peteli&scaron;ki\u0173 namai | Dom Bow Ties\" \/>\n<meta property=\"og:description\" content=\"PRIVATUMO POLITIKA 1. Bendrosios nuostatos 1.1 \u0160i privatumo politika numato MB \u201cPeteli\u0161ki\u0173 namai\u201d elektronin\u0117s parduotuv\u0117s (toliau \u2013 www.dombowties.com ) ir www.dombowties.com kliento (toliau \u2013 J\u016bs\u0173, Jus) pagrindinius asmens duomen\u0173 rinkimo, tvarkymo ir saugojimo principus bei tvark\u0105. 1.2 J\u016bs\u0173 asmens duomen\u0173 surinkim\u0105, tvarkym\u0105 ir saugojim\u0105 numato \u0161i privatumo politika, Lietuvos Respublikos Asmens duomen\u0173 teisin\u0117s apsaugos \u012fstatymas [&hellip;]\" \/>\n<meta property=\"og:url\" content=\"https:\/\/www.dombowties.com\/en\/privatumo-politika\/\" \/>\n<meta property=\"og:site_name\" content=\"Peteli&scaron;ki\u0173 namai | Dom Bow Ties\" \/>\n<meta property=\"article:modified_time\" content=\"2019-03-08T18:14:00+00:00\" \/>\n<meta name=\"twitter:card\" content=\"summary_large_image\" \/>\n<meta name=\"twitter:label1\" content=\"Est. reading time\" \/>\n\t<meta name=\"twitter:data1\" content=\"3 minutes\" \/>\n<script type=\"application\/ld+json\" class=\"yoast-schema-graph\">{\"@context\":\"https:\/\/schema.org\",\"@graph\":[{\"@type\":\"WebPage\",\"@id\":\"https:\/\/www.dombowties.com\/privatumo-politika\/\",\"url\":\"https:\/\/www.dombowties.com\/privatumo-politika\/\",\"name\":\"PRIVATUMO POLITIKA - Peteli&scaron;ki\u0173 namai | Dom Bow Ties\",\"isPartOf\":{\"@id\":\"https:\/\/www.dombowties.com\/#website\"},\"datePublished\":\"2019-03-08T18:13:58+00:00\",\"dateModified\":\"2019-03-08T18:14:00+00:00\",\"breadcrumb\":{\"@id\":\"https:\/\/www.dombowties.com\/privatumo-politika\/#breadcrumb\"},\"inLanguage\":\"en-US\",\"potentialAction\":[{\"@type\":\"ReadAction\",\"target\":[\"https:\/\/www.dombowties.com\/privatumo-politika\/\"]}]},{\"@type\":\"BreadcrumbList\",\"@id\":\"https:\/\/www.dombowties.com\/privatumo-politika\/#breadcrumb\",\"itemListElement\":[{\"@type\":\"ListItem\",\"position\":1,\"name\":\"Home\",\"item\":\"https:\/\/www.dombowties.com\/\"},{\"@type\":\"ListItem\",\"position\":2,\"name\":\"PRIVATUMO POLITIKA\"}]},{\"@type\":\"WebSite\",\"@id\":\"https:\/\/www.dombowties.com\/#website\",\"url\":\"https:\/\/www.dombowties.com\/\",\"name\":\"Peteli&scaron;ki\u0173 namai | Dom Bow Ties\",\"description\":\"Vyri&scaron;k\u0173 peteli&scaron;ki\u0173, s\u0105sag\u0173, kaklarai&scaron;\u010di\u0173 ir kit\u0173 vyri&scaron;k\u0173 aksesuar\u0173 parduotuv\u0117\",\"publisher\":{\"@id\":\"https:\/\/www.dombowties.com\/#organization\"},\"potentialAction\":[{\"@type\":\"SearchAction\",\"target\":{\"@type\":\"EntryPoint\",\"urlTemplate\":\"https:\/\/www.dombowties.com\/?s={search_term_string}\"},\"query-input\":{\"@type\":\"PropertyValueSpecification\",\"valueRequired\":true,\"valueName\":\"search_term_string\"}}],\"inLanguage\":\"en-US\"},{\"@type\":\"Organization\",\"@id\":\"https:\/\/www.dombowties.com\/#organization\",\"name\":\"Peteli\u0161ki\u0173 namai | Dom Bow Ties\",\"url\":\"https:\/\/www.dombowties.com\/\",\"logo\":{\"@type\":\"ImageObject\",\"inLanguage\":\"en-US\",\"@id\":\"https:\/\/www.dombowties.com\/#\/schema\/logo\/image\/\",\"url\":\"https:\/\/www.dombowties.com\/wp-content\/uploads\/2021\/06\/rsz_39154859_517797185342198_1243346040954814464_n.png\",\"contentUrl\":\"https:\/\/www.dombowties.com\/wp-content\/uploads\/2021\/06\/rsz_39154859_517797185342198_1243346040954814464_n.png\",\"width\":200,\"height\":56,\"caption\":\"Peteli\u0161ki\u0173 namai | Dom Bow Ties\"},\"image\":{\"@id\":\"https:\/\/www.dombowties.com\/#\/schema\/logo\/image\/\"}}]}<\/script>\n<!-- \/ Yoast SEO plugin. -->","yoast_head_json":{"title":"PRIVATUMO POLITIKA - Peteli&scaron;ki\u0173 namai | Dom Bow Ties","robots":{"index":"index","follow":"follow","max-snippet":"max-snippet:-1","max-image-preview":"max-image-preview:large","max-video-preview":"max-video-preview:-1"},"canonical":"https:\/\/www.dombowties.com\/en\/privatumo-politika\/","og_locale":"en_US","og_type":"article","og_title":"PRIVATUMO POLITIKA - Peteli&scaron;ki\u0173 namai | Dom Bow Ties","og_description":"PRIVATUMO POLITIKA 1. Bendrosios nuostatos 1.1 \u0160i privatumo politika numato MB \u201cPeteli\u0161ki\u0173 namai\u201d elektronin\u0117s parduotuv\u0117s (toliau \u2013 www.dombowties.com ) ir www.dombowties.com kliento (toliau \u2013 J\u016bs\u0173, Jus) pagrindinius asmens duomen\u0173 rinkimo, tvarkymo ir saugojimo principus bei tvark\u0105. 1.2 J\u016bs\u0173 asmens duomen\u0173 surinkim\u0105, tvarkym\u0105 ir saugojim\u0105 numato \u0161i privatumo politika, Lietuvos Respublikos Asmens duomen\u0173 teisin\u0117s apsaugos \u012fstatymas [&hellip;]","og_url":"https:\/\/www.dombowties.com\/en\/privatumo-politika\/","og_site_name":"Peteli&scaron;ki\u0173 namai | Dom Bow Ties","article_modified_time":"2019-03-08T18:14:00+00:00","twitter_card":"summary_large_image","twitter_misc":{"Est. reading time":"3 minutes"},"schema":{"@context":"https:\/\/schema.org","@graph":[{"@type":"WebPage","@id":"https:\/\/www.dombowties.com\/privatumo-politika\/","url":"https:\/\/www.dombowties.com\/privatumo-politika\/","name":"PRIVATUMO POLITIKA - Peteli&scaron;ki\u0173 namai | Dom Bow Ties","isPartOf":{"@id":"https:\/\/www.dombowties.com\/#website"},"datePublished":"2019-03-08T18:13:58+00:00","dateModified":"2019-03-08T18:14:00+00:00","breadcrumb":{"@id":"https:\/\/www.dombowties.com\/privatumo-politika\/#breadcrumb"},"inLanguage":"en-US","potentialAction":[{"@type":"ReadAction","target":["https:\/\/www.dombowties.com\/privatumo-politika\/"]}]},{"@type":"BreadcrumbList","@id":"https:\/\/www.dombowties.com\/privatumo-politika\/#breadcrumb","itemListElement":[{"@type":"ListItem","position":1,"name":"Home","item":"https:\/\/www.dombowties.com\/"},{"@type":"ListItem","position":2,"name":"PRIVATUMO POLITIKA"}]},{"@type":"WebSite","@id":"https:\/\/www.dombowties.com\/#website","url":"https:\/\/www.dombowties.com\/","name":"Peteli&scaron;ki\u0173 namai | Dom Bow Ties","description":"Vyri&scaron;k\u0173 peteli&scaron;ki\u0173, s\u0105sag\u0173, kaklarai&scaron;\u010di\u0173 ir kit\u0173 vyri&scaron;k\u0173 aksesuar\u0173 parduotuv\u0117","publisher":{"@id":"https:\/\/www.dombowties.com\/#organization"},"potentialAction":[{"@type":"SearchAction","target":{"@type":"EntryPoint","urlTemplate":"https:\/\/www.dombowties.com\/?s={search_term_string}"},"query-input":{"@type":"PropertyValueSpecification","valueRequired":true,"valueName":"search_term_string"}}],"inLanguage":"en-US"},{"@type":"Organization","@id":"https:\/\/www.dombowties.com\/#organization","name":"Peteli\u0161ki\u0173 namai | Dom Bow Ties","url":"https:\/\/www.dombowties.com\/","logo":{"@type":"ImageObject","inLanguage":"en-US","@id":"https:\/\/www.dombowties.com\/#\/schema\/logo\/image\/","url":"https:\/\/www.dombowties.com\/wp-content\/uploads\/2021\/06\/rsz_39154859_517797185342198_1243346040954814464_n.png","contentUrl":"https:\/\/www.dombowties.com\/wp-content\/uploads\/2021\/06\/rsz_39154859_517797185342198_1243346040954814464_n.png","width":200,"height":56,"caption":"Peteli\u0161ki\u0173 namai | Dom Bow Ties"},"image":{"@id":"https:\/\/www.dombowties.com\/#\/schema\/logo\/image\/"}}]}},"_links":{"self":[{"href":"https:\/\/www.dombowties.com\/en\/wp-json\/wp\/v2\/pages\/4589","targetHints":{"allow":["GET"]}}],"collection":[{"href":"https:\/\/www.dombowties.com\/en\/wp-json\/wp\/v2\/pages"}],"about":[{"href":"https:\/\/www.dombowties.com\/en\/wp-json\/wp\/v2\/types\/page"}],"author":[{"embeddable":true,"href":"https:\/\/www.dombowties.com\/en\/wp-json\/wp\/v2\/users\/1"}],"replies":[{"embeddable":true,"href":"https:\/\/www.dombowties.com\/en\/wp-json\/wp\/v2\/comments?post=4589"}],"version-history":[{"count":0,"href":"https:\/\/www.dombowties.com\/en\/wp-json\/wp\/v2\/pages\/4589\/revisions"}],"wp:attachment":[{"href":"https:\/\/www.dombowties.com\/en\/wp-json\/wp\/v2\/media?parent=4589"}],"curies":[{"name":"wp","href":"https:\/\/api.w.org\/{rel}","templated":true}]}}