{"id":3443,"date":"2019-01-11T13:03:03","date_gmt":"2019-01-11T13:03:03","guid":{"rendered":"http:\/\/www.dombowties.com\/test-blog-page\/"},"modified":"2019-03-18T18:19:01","modified_gmt":"2019-03-18T18:19:01","slug":"pasiskaitymai","status":"publish","type":"page","link":"https:\/\/www.dombowties.com\/en\/pasiskaitymai\/","title":{"rendered":"DBT library"},"content":{"rendered":"<div class=\"bne-testimonial-wrapper testimonial-wrapper-id-825 testimonial-layout-slider testimonial-theme-default testimonial-left testimonial-arrangement-1 testimonial-category-all  clearfix\"><div id=\"bne-slider-id-424\" class=\"bne-testimonial-slider-wrapper\"><div class=\"slides-inner\"><div class=\"bne-testimonial-slider bne-flexslider\"><ul class=\"slides\"><li id=\"testimonial-id-2874\" class=\"testimonial-single\"><div class=\"flex-content\"><div class=\"testimonial-author\"><img decoding=\"async\" width=\"150\" height=\"150\" src=\"https:\/\/www.dombowties.com\/wp-content\/uploads\/2018\/11\/3a4a565ab15708ef9e2d6d8dc7a79699-150x150.jpg\" class=\"testimonial-image testimonial-square testimonial-crop-thumbnail wp-post-image\" alt=\"Stan Laurel\" srcset=\"https:\/\/www.dombowties.com\/wp-content\/uploads\/2018\/11\/3a4a565ab15708ef9e2d6d8dc7a79699-150x150.jpg 150w, https:\/\/www.dombowties.com\/wp-content\/uploads\/2018\/11\/3a4a565ab15708ef9e2d6d8dc7a79699-100x100.jpg 100w\" sizes=\"(max-width: 150px) 100vw, 150px\" \/><span class=\"testimonial-name\">Stan Laurel<\/span><\/div><div class=\"testimonial-content\"><div class=\"testimonial-message\"><p> TEST<\/p>\n<\/div><\/div><div class=\"clear\"><\/div><\/div><\/li><li id=\"testimonial-id-2872\" class=\"testimonial-single\"><div class=\"flex-content\"><div class=\"testimonial-author\"><img decoding=\"async\" width=\"150\" height=\"150\" src=\"https:\/\/www.dombowties.com\/wp-content\/uploads\/2018\/11\/Sondeckis-Saulius-4-150x150.jpg\" class=\"testimonial-image testimonial-square testimonial-crop-thumbnail wp-post-image\" alt=\"Saulius Sondeckis\" srcset=\"https:\/\/www.dombowties.com\/wp-content\/uploads\/2018\/11\/Sondeckis-Saulius-4-150x150.jpg 150w, https:\/\/www.dombowties.com\/wp-content\/uploads\/2018\/11\/Sondeckis-Saulius-4-100x100.jpg 100w\" sizes=\"(max-width: 150px) 100vw, 150px\" \/><span class=\"testimonial-name\">Saulius Sondeckis<\/span><\/div><div class=\"testimonial-content\"><div class=\"testimonial-message\"><p>Lietuvos dirigentas, smuikininkas, orkestr\u0173 vadovas, profesorius. Sondeckis kaip ir pridera dirigentui d\u0117v\u0117jo eleganti\u0161k\u0105 peteli\u0161k\u0119, bet visada buvo i\u0161tikimas b\u016btent baltos spalvos peteli\u0161kei.  <\/p>\n<\/div><\/div><div class=\"clear\"><\/div><\/div><\/li><li id=\"testimonial-id-2870\" class=\"testimonial-single\"><div class=\"flex-content\"><div class=\"testimonial-author\"><img decoding=\"async\" width=\"150\" height=\"150\" src=\"https:\/\/www.dombowties.com\/wp-content\/uploads\/2018\/11\/mantas-petruskevicius2-73472654-150x150.jpg\" class=\"testimonial-image testimonial-square testimonial-crop-thumbnail wp-post-image\" alt=\"Mantas Petru\u0161kevi\u010dius\" srcset=\"https:\/\/www.dombowties.com\/wp-content\/uploads\/2018\/11\/mantas-petruskevicius2-73472654-150x150.jpg 150w, https:\/\/www.dombowties.com\/wp-content\/uploads\/2018\/11\/mantas-petruskevicius2-73472654-500x500.jpg 500w, https:\/\/www.dombowties.com\/wp-content\/uploads\/2018\/11\/mantas-petruskevicius2-73472654-100x100.jpg 100w\" sizes=\"(max-width: 150px) 100vw, 150px\" \/><span class=\"testimonial-name\">Mantas Petru\u0161kevi\u010dius<\/span><\/div><div class=\"testimonial-content\"><div class=\"testimonial-message\"><p>Vienas \u017einomiausi\u0173 Lietuvos \u017emoni\u0173, stilistas, rengini\u0173 organizatorius, floristas ir televizijos veidas. Petru\u0161kevi\u010dius visada i\u0161siskiria savo i\u0161lavintu stiliaus poj\u016b\u010diu, ir atrodo eleganti\u0161kai rinkdamasis i\u0161skirtinius arba klasikinius derinius. <\/p>\n<\/div><\/div><div class=\"clear\"><\/div><\/div><\/li><li id=\"testimonial-id-2803\" class=\"testimonial-single\"><div class=\"flex-content\"><div class=\"testimonial-author\"><img decoding=\"async\" width=\"150\" height=\"150\" src=\"https:\/\/www.dombowties.com\/wp-content\/uploads\/2018\/11\/port_002a-5d1b9af0d3a13425a47826e72ac659b3-150x150.jpg\" class=\"testimonial-image testimonial-square testimonial-crop-thumbnail wp-post-image\" alt=\"Rolandas Mackevi\u010dius\" srcset=\"https:\/\/www.dombowties.com\/wp-content\/uploads\/2018\/11\/port_002a-5d1b9af0d3a13425a47826e72ac659b3-150x150.jpg 150w, https:\/\/www.dombowties.com\/wp-content\/uploads\/2018\/11\/port_002a-5d1b9af0d3a13425a47826e72ac659b3-500x500.jpg 500w, https:\/\/www.dombowties.com\/wp-content\/uploads\/2018\/11\/port_002a-5d1b9af0d3a13425a47826e72ac659b3-100x100.jpg 100w\" sizes=\"(max-width: 150px) 100vw, 150px\" \/><span class=\"testimonial-name\">Rolandas Mackevi\u010dius<\/span><\/div><div class=\"testimonial-content\"><div class=\"testimonial-message\"><h6><span class=\"TextRun SCXW167644337\" lang=\"LT-LT\" xml:lang=\"LT-LT\"><span class=\"NormalTextRun SCXW167644337\">Radijo laidos \u201eRadistai\u201c ir \u012fvairi\u0173 televizijos laid\u0173 ved\u0117jas,\u00a0<\/span><\/span><span class=\"TextRun SCXW167644337\" lang=\"LT-LT\" xml:lang=\"LT-LT\"><span class=\"SpellingError SCXW167644337\">did\u017e\u0117jus<\/span><\/span><span class=\"TextRun SCXW167644337\" lang=\"LT-LT\" xml:lang=\"LT-LT\"><span class=\"NormalTextRun SCXW167644337\">. Nors\u00a0<\/span><\/span><span class=\"TextRun SCXW167644337\" lang=\"LT-LT\" xml:lang=\"LT-LT\"><span class=\"NormalTextRun SCXW167644337\">Rolanda<\/span><\/span><span class=\"TextRun SCXW167644337\" lang=\"LT-LT\" xml:lang=\"LT-LT\"><span class=\"NormalTextRun SCXW167644337\">s<\/span><\/span><span class=\"TextRun SCXW167644337\" lang=\"LT-LT\" xml:lang=\"LT-LT\"><span class=\"NormalTextRun SCXW167644337\">\u00a0yra<\/span><\/span><span class=\"TextRun SCXW167644337\" lang=\"LT-LT\" xml:lang=\"LT-LT\"><span class=\"NormalTextRun SCXW167644337\">\u00a0<\/span><\/span><span class=\"TextRun SCXW167644337\" lang=\"LT-LT\" xml:lang=\"LT-LT\"><span class=\"SpellingError SCXW167644337\">did\u017e\u0117jus<\/span><\/span><span class=\"TextRun SCXW167644337\" lang=\"LT-LT\" xml:lang=\"LT-LT\"><span class=\"NormalTextRun SCXW167644337\">, jis nevengia pasipuo\u0161ti\u00a0<\/span><\/span><span class=\"TextRun SCXW167644337\" lang=\"LT-LT\" xml:lang=\"LT-LT\"><span class=\"NormalTextRun SCXW167644337\">klasikiniais r\u016bbais ir u\u017esid\u0117ti ry\u0161ki\u0105\u00a0<\/span><\/span><span class=\"TextRun SCXW167644337\" lang=\"LT-LT\" xml:lang=\"LT-LT\"><span class=\"NormalTextRun SCXW167644337\">pat<\/span><\/span><span class=\"TextRun SCXW167644337\" lang=\"LT-LT\" xml:lang=\"LT-LT\"><span class=\"NormalTextRun SCXW167644337\">raukli\u0105<\/span><\/span><span class=\"TextRun SCXW167644337\" lang=\"LT-LT\" xml:lang=\"LT-LT\"><span class=\"NormalTextRun SCXW167644337\">\u00a0<\/span><\/span><span class=\"TextRun SCXW167644337\" lang=\"LT-LT\" xml:lang=\"LT-LT\"><span class=\"NormalTextRun SCXW167644337\">peteli<\/span><\/span><span class=\"TextRun SCXW167644337\" lang=\"LT-LT\" xml:lang=\"LT-LT\"><span class=\"NormalTextRun SCXW167644337\">\u0161k\u0119<\/span><\/span><span class=\"TextRun SCXW167644337\" lang=\"LT-LT\" xml:lang=\"LT-LT\"><span class=\"NormalTextRun SCXW167644337\">.\u00a0<\/span><\/span><span class=\"EOP SCXW167644337\" data-ccp-props=\"{&quot;201341983&quot;:0,&quot;335551550&quot;:1,&quot;335551620&quot;:1,&quot;335559739&quot;:160,&quot;335559740&quot;:259}\">\u00a0<\/span><\/h6>\n<\/div><\/div><div class=\"clear\"><\/div><\/div><\/li><li id=\"testimonial-id-2801\" class=\"testimonial-single\"><div class=\"flex-content\"><div class=\"testimonial-author\"><img decoding=\"async\" width=\"150\" height=\"150\" src=\"https:\/\/www.dombowties.com\/wp-content\/uploads\/2018\/11\/56-150x150.jpg\" class=\"testimonial-image testimonial-square testimonial-crop-thumbnail wp-post-image\" alt=\"Vytautas \u0160apranauskas\" srcset=\"https:\/\/www.dombowties.com\/wp-content\/uploads\/2018\/11\/56-150x150.jpg 150w, https:\/\/www.dombowties.com\/wp-content\/uploads\/2018\/11\/56-100x100.jpg 100w\" sizes=\"(max-width: 150px) 100vw, 150px\" \/><span class=\"testimonial-name\">Vytautas \u0160apranauskas<\/span><\/div><div class=\"testimonial-content\"><div class=\"testimonial-message\"><h6><span class=\"TextRun SCXW245811758\" lang=\"LT-LT\" xml:lang=\"LT-LT\"><span class=\"NormalTextRun SCXW245811758\">Legenda tap\u0119s Lietuvos teatro ir kino aktorius, televizijos laid\u0173 ved\u0117jas, humoristas. Vytautas buvo ry\u0161ki asmenyb\u0117, tod\u0117l jo \u012fvaizdis b\u016bdavo labai eleganti\u0161kas ir galanti\u0161kas. Jis labiausiai m\u0117go suri\u0161amas peteli\u0161kes, nes prie\u0161 eter\u012f jis tur\u0117davo tradicij\u0105 skirti 5 minutes\u00a0<\/span><\/span><span class=\"TextRun SCXW245811758\" lang=\"LT-LT\" xml:lang=\"LT-LT\"><span class=\"NormalTextRun SCXW245811758\">savo peteli\u0161k\u0117s suri\u0161imui bei susikaupimui.<\/span><\/span><span class=\"EOP SCXW245811758\" data-ccp-props=\"{&quot;201341983&quot;:0,&quot;335551550&quot;:1,&quot;335551620&quot;:1,&quot;335559739&quot;:160,&quot;335559740&quot;:259}\">\u00a0<\/span><\/h6>\n<\/div><\/div><div class=\"clear\"><\/div><\/div><\/li><li id=\"testimonial-id-2799\" class=\"testimonial-single\"><div class=\"flex-content\"><div class=\"testimonial-author\"><img decoding=\"async\" width=\"150\" height=\"150\" src=\"https:\/\/www.dombowties.com\/wp-content\/uploads\/2018\/11\/article-2243399-165C967A000005DC-542_306x423-150x150.jpg\" class=\"testimonial-image testimonial-square testimonial-crop-thumbnail wp-post-image\" alt=\"Orville Redenbacher\" srcset=\"https:\/\/www.dombowties.com\/wp-content\/uploads\/2018\/11\/article-2243399-165C967A000005DC-542_306x423-150x150.jpg 150w, https:\/\/www.dombowties.com\/wp-content\/uploads\/2018\/11\/article-2243399-165C967A000005DC-542_306x423-100x100.jpg 100w\" sizes=\"(max-width: 150px) 100vw, 150px\" \/><span class=\"testimonial-name\">Orville Redenbacher<\/span><\/div><div class=\"testimonial-content\"><div class=\"testimonial-message\"><h6><span class=\"TextRun SCXW66226570\" lang=\"LT-LT\" xml:lang=\"LT-LT\"><span class=\"SpellingError SCXW66226570\">\"Nerdy<\/span><\/span><span class=\"TextRun SCXW66226570\" lang=\"LT-LT\" xml:lang=\"LT-LT\"><span class=\"NormalTextRun SCXW66226570\">\" \u016bki\u0173 berniukas prad\u0117jo d\u0117v\u0117ti peteli\u0161kes\u00a0<\/span><\/span><span class=\"TextRun SCXW66226570\" lang=\"LT-LT\" xml:lang=\"LT-LT\"><span class=\"NormalTextRun SCXW66226570\">vidurin\u0117je mokykloje, o \u0161is\u00a0<\/span><\/span><span class=\"TextRun SCXW66226570\" lang=\"LT-LT\" xml:lang=\"LT-LT\"><span class=\"NormalTextRun SCXW66226570\">aksesuaras pad\u0117jo \u016bkio\u00a0<\/span><\/span><span class=\"TextRun SCXW66226570\" lang=\"LT-LT\" xml:lang=\"LT-LT\"><span class=\"NormalTextRun SCXW66226570\">kukur\u016bzams\u00a0<\/span><\/span><span class=\"TextRun SCXW66226570\" lang=\"LT-LT\" xml:lang=\"LT-LT\"><span class=\"NormalTextRun SCXW66226570\">tapti vienu i\u0161 labiausiai atpa\u017e\u012fstam\u0173 prek\u0117s \u017eenkl\u0173 Amerikoje.\u00a0<\/span><\/span><\/h6>\n<\/div><\/div><div class=\"clear\"><\/div><\/div><\/li><li id=\"testimonial-id-2797\" class=\"testimonial-single\"><div class=\"flex-content\"><div class=\"testimonial-author\"><img decoding=\"async\" width=\"150\" height=\"150\" src=\"https:\/\/www.dombowties.com\/wp-content\/uploads\/2018\/11\/4-5810b8964ccf5-150x150.jpg\" class=\"testimonial-image testimonial-square testimonial-crop-thumbnail wp-post-image\" alt=\"Prezidentas Valdas Adamkus\" srcset=\"https:\/\/www.dombowties.com\/wp-content\/uploads\/2018\/11\/4-5810b8964ccf5-150x150.jpg 150w, https:\/\/www.dombowties.com\/wp-content\/uploads\/2018\/11\/4-5810b8964ccf5-500x500.jpg 500w, https:\/\/www.dombowties.com\/wp-content\/uploads\/2018\/11\/4-5810b8964ccf5-100x100.jpg 100w\" sizes=\"(max-width: 150px) 100vw, 150px\" \/><span class=\"testimonial-name\">Prezidentas Valdas Adamkus<\/span><\/div><div class=\"testimonial-content\"><div class=\"testimonial-message\"><h6>Peteli\u0161ke Valdas Adamkus puo\u0161\u0117si ir savo vestuvi\u0173 dien\u0105, ir per Inauguracij\u0105, ir kitomis reik\u0161mingomis progomis. \u00a0Su deimanto formos peteli\u0161ke nuotraukoje \u012fam\u017eintas V. Adamkus - be abejon\u0117s puikus elegancijos ir klasikinio stiliaus pavyzdys.<\/h6>\n<h6><a href=\"https:\/\/www.15min.lt\/media\/timeline\/prezidentas-valdas-adamkus-valdas-ir-alma\">Nuotr. i\u0161 prezidento asmeninio archyvo.<\/a><\/h6>\n<\/div><\/div><div class=\"clear\"><\/div><\/div><\/li><li id=\"testimonial-id-2792\" class=\"testimonial-single\"><div class=\"flex-content\"><div class=\"testimonial-author\"><img decoding=\"async\" width=\"150\" height=\"150\" src=\"https:\/\/www.dombowties.com\/wp-content\/uploads\/2018\/11\/petras-geniuas-0260b55a-b040-48a8-bf7b-fbc1fdd6ebb-resize-750-150x150.jpeg\" class=\"testimonial-image testimonial-square testimonial-crop-thumbnail wp-post-image\" alt=\"Petras Geniu\u0161as\" srcset=\"https:\/\/www.dombowties.com\/wp-content\/uploads\/2018\/11\/petras-geniuas-0260b55a-b040-48a8-bf7b-fbc1fdd6ebb-resize-750-150x150.jpeg 150w, https:\/\/www.dombowties.com\/wp-content\/uploads\/2018\/11\/petras-geniuas-0260b55a-b040-48a8-bf7b-fbc1fdd6ebb-resize-750-100x100.jpeg 100w\" sizes=\"(max-width: 150px) 100vw, 150px\" \/><span class=\"testimonial-name\">Petras Geniu\u0161as<\/span><\/div><div class=\"testimonial-content\"><div class=\"testimonial-message\"><h6>Lietuvos pianistas bei pedagogas Petras Geniu\u0161as \u017eavi savo \u012fvairiapusi\u0161kumu ir nuolatin\u0117mis, neretai rizikingomis nauj\u0173 i\u0161rai\u0161kos form\u0173, taip pat nekasdieni\u0161k\u0173 muzikini\u0173 ir dvasini\u0173 potyri\u0173 paie\u0161komis. Pana\u0161u, kad pianistui malonu i\u0161skirti ir pasipuo\u0161iant ry\u0161kiomis eleganti\u0161komis peteli\u0161k\u0117mis. Detal\u0117s apie \u017emones i\u0161ties pasako daug!<\/h6>\n<h6>Luko Baland\u017eio\/ <a href=\"https:\/\/www.zmones.lt\/galerija\/kulturos-naktyje-vilniuje-penkta-karta-koncertavo-pianistas-petras-geniusas-41801#galerija\/41801\/852183\">\u017dmon\u0117s.lt nuotr.\u00a0<\/a><\/h6>\n<h6><\/h6>\n<\/div><\/div><div class=\"clear\"><\/div><\/div><\/li><\/ul> <!-- .slides (end) --><\/div> <!-- .bne-testimonial-slider (end) --><\/div> <!-- .slides-inner (end) --><\/div> <!-- .bne-testimonial-slider-wrapper (end) --><\/div><!-- .bne-testimonials-wrapper (end) -->\r\n<p>[wp_blog_designer id=&#8221;1&#8243;]<\/p>\r\n\r\n<p class=\"has-text-color has-very-dark-gray-color\">\u00a0<\/p>","protected":false},"excerpt":{"rendered":"<p>[wp_blog_designer id=&#8221;1&#8243;] \u00a0<\/p>","protected":false},"author":1,"featured_media":0,"parent":0,"menu_order":0,"comment_status":"closed","ping_status":"closed","template":"template-blog.php","meta":{"footnotes":""},"class_list":["post-3443","page","type-page","status-publish","hentry"],"yoast_head":"<!-- This site is optimized with the Yoast SEO plugin v25.5 - https:\/\/yoast.com\/wordpress\/plugins\/seo\/ -->\n<title>Pasiskaitymai - Peteli&scaron;ki\u0173 namai | Dom Bow Ties<\/title>\n<meta name=\"robots\" content=\"index, follow, max-snippet:-1, max-image-preview:large, max-video-preview:-1\" \/>\n<link rel=\"canonical\" href=\"https:\/\/www.dombowties.com\/en\/pasiskaitymai\/\" \/>\n<meta property=\"og:locale\" content=\"en_US\" \/>\n<meta property=\"og:type\" content=\"article\" \/>\n<meta property=\"og:title\" content=\"Pasiskaitymai - Peteli&scaron;ki\u0173 namai | Dom Bow Ties\" \/>\n<meta property=\"og:description\" content=\"[wp_blog_designer id=&#8221;1&#8243;] \u00a0\" \/>\n<meta property=\"og:url\" content=\"https:\/\/www.dombowties.com\/en\/pasiskaitymai\/\" \/>\n<meta property=\"og:site_name\" content=\"Peteli&scaron;ki\u0173 namai | Dom Bow Ties\" \/>\n<meta property=\"article:modified_time\" content=\"2019-03-18T18:19:01+00:00\" \/>\n<meta name=\"twitter:card\" content=\"summary_large_image\" \/>\n<script type=\"application\/ld+json\" class=\"yoast-schema-graph\">{\"@context\":\"https:\/\/schema.org\",\"@graph\":[{\"@type\":\"WebPage\",\"@id\":\"https:\/\/www.dombowties.com\/en\/pasiskaitymai\/\",\"url\":\"https:\/\/www.dombowties.com\/en\/pasiskaitymai\/\",\"name\":\"Pasiskaitymai - Peteli&scaron;ki\u0173 namai | Dom Bow Ties\",\"isPartOf\":{\"@id\":\"https:\/\/www.dombowties.com\/#website\"},\"datePublished\":\"2019-01-11T13:03:03+00:00\",\"dateModified\":\"2019-03-18T18:19:01+00:00\",\"breadcrumb\":{\"@id\":\"https:\/\/www.dombowties.com\/en\/pasiskaitymai\/#breadcrumb\"},\"inLanguage\":\"en-US\",\"potentialAction\":[{\"@type\":\"ReadAction\",\"target\":[\"https:\/\/www.dombowties.com\/en\/pasiskaitymai\/\"]}]},{\"@type\":\"BreadcrumbList\",\"@id\":\"https:\/\/www.dombowties.com\/en\/pasiskaitymai\/#breadcrumb\",\"itemListElement\":[{\"@type\":\"ListItem\",\"position\":1,\"name\":\"Home\",\"item\":\"https:\/\/www.dombowties.com\/\"},{\"@type\":\"ListItem\",\"position\":2,\"name\":\"Pasiskaitymai\"}]},{\"@type\":\"WebSite\",\"@id\":\"https:\/\/www.dombowties.com\/#website\",\"url\":\"https:\/\/www.dombowties.com\/\",\"name\":\"Peteli&scaron;ki\u0173 namai | Dom Bow Ties\",\"description\":\"Vyri&scaron;k\u0173 peteli&scaron;ki\u0173, s\u0105sag\u0173, kaklarai&scaron;\u010di\u0173 ir kit\u0173 vyri&scaron;k\u0173 aksesuar\u0173 parduotuv\u0117\",\"publisher\":{\"@id\":\"https:\/\/www.dombowties.com\/#organization\"},\"potentialAction\":[{\"@type\":\"SearchAction\",\"target\":{\"@type\":\"EntryPoint\",\"urlTemplate\":\"https:\/\/www.dombowties.com\/?s={search_term_string}\"},\"query-input\":{\"@type\":\"PropertyValueSpecification\",\"valueRequired\":true,\"valueName\":\"search_term_string\"}}],\"inLanguage\":\"en-US\"},{\"@type\":\"Organization\",\"@id\":\"https:\/\/www.dombowties.com\/#organization\",\"name\":\"Peteli\u0161ki\u0173 namai | Dom Bow Ties\",\"url\":\"https:\/\/www.dombowties.com\/\",\"logo\":{\"@type\":\"ImageObject\",\"inLanguage\":\"en-US\",\"@id\":\"https:\/\/www.dombowties.com\/#\/schema\/logo\/image\/\",\"url\":\"https:\/\/www.dombowties.com\/wp-content\/uploads\/2021\/06\/rsz_39154859_517797185342198_1243346040954814464_n.png\",\"contentUrl\":\"https:\/\/www.dombowties.com\/wp-content\/uploads\/2021\/06\/rsz_39154859_517797185342198_1243346040954814464_n.png\",\"width\":200,\"height\":56,\"caption\":\"Peteli\u0161ki\u0173 namai | Dom Bow Ties\"},\"image\":{\"@id\":\"https:\/\/www.dombowties.com\/#\/schema\/logo\/image\/\"}}]}<\/script>\n<!-- \/ Yoast SEO plugin. -->","yoast_head_json":{"title":"Pasiskaitymai - Peteli&scaron;ki\u0173 namai | Dom Bow Ties","robots":{"index":"index","follow":"follow","max-snippet":"max-snippet:-1","max-image-preview":"max-image-preview:large","max-video-preview":"max-video-preview:-1"},"canonical":"https:\/\/www.dombowties.com\/en\/pasiskaitymai\/","og_locale":"en_US","og_type":"article","og_title":"Pasiskaitymai - Peteli&scaron;ki\u0173 namai | Dom Bow Ties","og_description":"[wp_blog_designer id=&#8221;1&#8243;] \u00a0","og_url":"https:\/\/www.dombowties.com\/en\/pasiskaitymai\/","og_site_name":"Peteli&scaron;ki\u0173 namai | Dom Bow Ties","article_modified_time":"2019-03-18T18:19:01+00:00","twitter_card":"summary_large_image","schema":{"@context":"https:\/\/schema.org","@graph":[{"@type":"WebPage","@id":"https:\/\/www.dombowties.com\/en\/pasiskaitymai\/","url":"https:\/\/www.dombowties.com\/en\/pasiskaitymai\/","name":"Pasiskaitymai - Peteli&scaron;ki\u0173 namai | Dom Bow Ties","isPartOf":{"@id":"https:\/\/www.dombowties.com\/#website"},"datePublished":"2019-01-11T13:03:03+00:00","dateModified":"2019-03-18T18:19:01+00:00","breadcrumb":{"@id":"https:\/\/www.dombowties.com\/en\/pasiskaitymai\/#breadcrumb"},"inLanguage":"en-US","potentialAction":[{"@type":"ReadAction","target":["https:\/\/www.dombowties.com\/en\/pasiskaitymai\/"]}]},{"@type":"BreadcrumbList","@id":"https:\/\/www.dombowties.com\/en\/pasiskaitymai\/#breadcrumb","itemListElement":[{"@type":"ListItem","position":1,"name":"Home","item":"https:\/\/www.dombowties.com\/"},{"@type":"ListItem","position":2,"name":"Pasiskaitymai"}]},{"@type":"WebSite","@id":"https:\/\/www.dombowties.com\/#website","url":"https:\/\/www.dombowties.com\/","name":"Peteli&scaron;ki\u0173 namai | Dom Bow Ties","description":"Vyri&scaron;k\u0173 peteli&scaron;ki\u0173, s\u0105sag\u0173, kaklarai&scaron;\u010di\u0173 ir kit\u0173 vyri&scaron;k\u0173 aksesuar\u0173 parduotuv\u0117","publisher":{"@id":"https:\/\/www.dombowties.com\/#organization"},"potentialAction":[{"@type":"SearchAction","target":{"@type":"EntryPoint","urlTemplate":"https:\/\/www.dombowties.com\/?s={search_term_string}"},"query-input":{"@type":"PropertyValueSpecification","valueRequired":true,"valueName":"search_term_string"}}],"inLanguage":"en-US"},{"@type":"Organization","@id":"https:\/\/www.dombowties.com\/#organization","name":"Peteli\u0161ki\u0173 namai | Dom Bow Ties","url":"https:\/\/www.dombowties.com\/","logo":{"@type":"ImageObject","inLanguage":"en-US","@id":"https:\/\/www.dombowties.com\/#\/schema\/logo\/image\/","url":"https:\/\/www.dombowties.com\/wp-content\/uploads\/2021\/06\/rsz_39154859_517797185342198_1243346040954814464_n.png","contentUrl":"https:\/\/www.dombowties.com\/wp-content\/uploads\/2021\/06\/rsz_39154859_517797185342198_1243346040954814464_n.png","width":200,"height":56,"caption":"Peteli\u0161ki\u0173 namai | Dom Bow Ties"},"image":{"@id":"https:\/\/www.dombowties.com\/#\/schema\/logo\/image\/"}}]}},"_links":{"self":[{"href":"https:\/\/www.dombowties.com\/en\/wp-json\/wp\/v2\/pages\/3443","targetHints":{"allow":["GET"]}}],"collection":[{"href":"https:\/\/www.dombowties.com\/en\/wp-json\/wp\/v2\/pages"}],"about":[{"href":"https:\/\/www.dombowties.com\/en\/wp-json\/wp\/v2\/types\/page"}],"author":[{"embeddable":true,"href":"https:\/\/www.dombowties.com\/en\/wp-json\/wp\/v2\/users\/1"}],"replies":[{"embeddable":true,"href":"https:\/\/www.dombowties.com\/en\/wp-json\/wp\/v2\/comments?post=3443"}],"version-history":[{"count":0,"href":"https:\/\/www.dombowties.com\/en\/wp-json\/wp\/v2\/pages\/3443\/revisions"}],"wp:attachment":[{"href":"https:\/\/www.dombowties.com\/en\/wp-json\/wp\/v2\/media?parent=3443"}],"curies":[{"name":"wp","href":"https:\/\/api.w.org\/{rel}","templated":true}]}}