{"id":10835,"date":"2020-05-12T08:56:24","date_gmt":"2020-05-12T08:56:24","guid":{"rendered":"https:\/\/www.dombowties.com\/?page_id=10835"},"modified":"2020-05-12T12:50:25","modified_gmt":"2020-05-12T12:50:25","slug":"pirkimo-salygos-ir-taisykles-2","status":"publish","type":"page","link":"https:\/\/www.dombowties.com\/en\/pirkimo-salygos-ir-taisykles-2\/","title":{"rendered":"PIRKIMO S\u0104LYGOS IR TAISYKL\u0116S"},"content":{"rendered":"<h3>PIRKIMO S\u0104LYGOS IR TAISYKL\u0116S<\/h3>\n<h5>1. Bendrosios nuostatos.<\/h5>\n<p>1.1. \u0160ios preki\u0173 pirkimo \u2013 pardavimo taisykl\u0117s (toliau \u201eTaisykl\u0117s\u201c) yra \u0161alims privalomas teisinis dokumentas, kuriame nustatomos Pirk\u0117jo ir Pardav\u0117jo teis\u0117s bei pareigos, preki\u0173 \u012fsigijimo bei apmok\u0117jimo u\u017e jas s\u0105lygos, preki\u0173 pristatymo ir gr\u0105\u017einimo tvarka, \u0161ali\u0173 atsakomyb\u0117 bei kitos su preki\u0173 pirkimu \u2013 pardavimu internetin\u0117je parduotuv\u0117je www.dombowties.com susijusios nuostatos.<\/p>\n<p>1.2. Dombowties.com internetin\u0117s parduotuv\u0117s (toliau \u2013 Parduotuv\u0117) taisykl\u0117s (toliau \u2013 Taisykl\u0117s) taikomos Klientui teikiant u\u017esakym\u0105 \u012fsigyti preki\u0173 \u201cDom Bow Ties\u201d parduotuv\u0117je internete adresu www.dombowties.com, priklausan\u010dioje MB \u201cPeteli\u0161ki\u0173 namai\u201d, \u012fmon\u0117s kodas: 304310686, Pylimo g. 34-23, Vilnius, info@lietuviskospeteliskes.lt, telefono numeris pasiteiravimui 8-627-33328.<\/p>\n<p>1.3. \u201cDom Bow Ties\u201d turi teis\u0119 koreguoti Parduotuv\u0117s Taisykles. Klientui apsiperkant Parduotuv\u0117je, \u012fskaitant ir u\u017esakymo vykdym\u0105, taikomos Taisykl\u0117s, galiojan\u010dios u\u017esakymo pateikimo momentu (nurodomos prie u\u017esakymo).<\/p>\n<p>1.4. Pirkti internetin\u0117je parduotuv\u0117je www.dombowties.com gali visi juridiniai ir fiziniai asmenys sulauk\u0119 pilnametyst\u0117s, kuri\u0173 veiksnumas n\u0117ra apribotas teismo tvarka bei nepilname\u010diai nuo 14 iki 18 met\u0173 am\u017eiaus, turintys t\u0117v\u0173 arba r\u016bpintoj\u0173 sutikim\u0105, i\u0161skyrus tuos atvejus, kai jie savaranki\u0161kai disponuoja savo pajamomis.<\/p>\n<p>1.5. Pirk\u0117jas, pateikdamas u\u017esakym\u0105 patvirtina, kad sutinka su apra\u0161ytomis preki\u0173 pirkimo taisykl\u0117mis ir pagal 1. 2. punkt\u0105 turi teis\u0119 pirkti prekes el. parduotuv\u0117je.<\/p>\n<p>1.6. Sutartis tarp Pirk\u0117jo ir Pardav\u0117jo laikoma sudaryta nuo to momento, kai Pirk\u0117jas el. parduotuv\u0117je suformav\u0119s preki\u0173 krep\u0161el\u012f, nurod\u0119s pristatymo adres\u0105, pasirink\u0119s atsiskaitymo b\u016bd\u0105 ir susipa\u017ein\u0119s su Pardav\u0117jo taisykl\u0117mis, paspaud\u017eia mygtuk\u0105 \u201eVykdyti u\u017esakym\u0105\u201c.<\/p>\n<p>1.7. Pirk\u0117jas ir Pardav\u0117jas susitaria, kad Pirk\u0117jui pateikus prek\u0117s u\u017esakym\u0105 ir Pardav\u0117jui j\u012f patvirtinus, prek\u0117s kaina gali keistis, atsi\u017evelgiant \u012f prek\u0117s kainai \u012ftakos turin\u010dius objektyvius rodiklius, tokius kaip prek\u0117s savikainos padid\u0117jimas, informacini\u0173 sistem\u0173 technin\u0117 klaida, papildomos su prek\u0117s pardavimu Pirk\u0117jui susijusios i\u0161laidos (LR CK 6.313 str. 7 d.). Pirk\u0117jui tokiu atveju nesutinkant \u012fsigyti prek\u0119 nauja kaina, bet kuri i\u0161 \u0160ali\u0173, \u012fsp\u0117jusi apie tai kit\u0105 \u0160al\u012f, turi teis\u0119 nutraukti prek\u0117s pirkimo-pardavimo sutart\u012f. \u0160alys susitaria, kad nuostoliai, susij\u0119 su pirkimo-pardavimo sutarties nutraukimu \u0161iame punkte numatyta tvarka, neatlyginami.<\/p>\n<p>1.8. Pirk\u0117jas, patvirtindamas Taisykles, sutinka, kad preki\u0173 pirkimo dokumentai \u2013 s\u0105skaitos fakt\u016bros, kurios kartu yra ir preki\u0173 garantiniai talonai, jam b\u016bt\u0173 pateikiamos elektroniniu b\u016bdu Pirk\u0117jo registracijos formoje nurodytu elektroninio pa\u0161to adresu. S\u0105skaitos fakt\u016bros auk\u0161\u010diau nurodyta forma pateikiamos Pirk\u0117jui ne v\u0117liau kaip iki preki\u0173 perdavimo jam momento. Klientui pateiktoje s\u0105skaitose nurodomos pasirinktos prek\u0117s, j\u0173 kiekis, suteikiamos nuolaidos, galutin\u0117 preki\u0173 kaina, \u012fskaitant visus mokes\u010dius, pristatymo mokes\u010diai ir kiti remiantis buhalterin\u0119 apskait\u0105 reglamentuojan\u010diais teis\u0117s aktais b\u016btini pateikti duomenys.<\/p>\n<h5>2. Asmens duomen\u0173 apsauga.<\/h5>\n<p>2.1. U\u017esisakant prekes internetin\u0117je parduotuv\u0117je www.dombowties.com, pirk\u0117jas privalo pateikti registracijos metu pra\u0161omus duomenis.<\/p>\n<p>2.2. Pirk\u0117jas yra atsakingas u\u017e teising\u0173 duomen\u0173 registracijos metu pateikim\u0105.<\/p>\n<p>2.3. Pateikdamas u\u017esakym\u0105 pirk\u0117jas sutinka kad jo pateikti asmens duomenys b\u016bt\u0173 tvarkomi u\u017esakym\u0173 kontrol\u0117s, veiklos analiz\u0117s ir tiesiogin\u0117s rinkodaros tikslais. Pirk\u0117jas taip pat sutinka, kad Pirk\u0117jo nurodytu el. pa\u0161to adresu arba telefono numeriu b\u016bt\u0173 siun\u010diami informaciniai prane\u0161imai, b\u016btini preki\u0173 u\u017esakymui \u012fvykdyti.<\/p>\n<p>2.4. Pirk\u0117jas, u\u017esiregistruodamas el. parduotuv\u0117je bei u\u017esakydamas prekes, \u012fsipareigoja saugoti ir niekam neatskleisti prisijungimo duomen\u0173.<\/p>\n<p>2.5. Pardav\u0117jas \u012fsipareigoja neatskleisti Pirk\u0117jo asmens duomen\u0173 tretiesiems asmenims i\u0161skyrus atvejus LR teis\u0117s akt\u0173 numatyta tvarka.<\/p>\n<h5>3. Pirk\u0117jo teis\u0117s ir \u012fsipareigojimai.<\/h5>\n<p>3.1. Pirk\u0117jas turi teis\u0119 pirkti prekes internetin\u0117je parduotuv\u0117je www.dombowties.com \u0161i\u0173 Taisykli\u0173 ir kitose el. parduotuv\u0117s informacijos skiltyse nustatyta tvarka.<\/p>\n<p>3.2. Pirk\u0117jas turi teis\u0119 atsisakyti preki\u0173 pirkimo \u2013 pardavimo sutarties prane\u0161damas Pardav\u0117jui apie tai el. pa\u0161tu.<\/p>\n<p>3.3. Pirk\u0117jas \u012fsipareigoja priimti u\u017esakytas prekes ir u\u017e jas sumok\u0117ti sutart\u0105 kain\u0105.<\/p>\n<p>3.4. Jeigu pasikei\u010dia Pirk\u0117jo duomenys, pateikti registracijos formoje, Pirk\u0117jas privalo juos nedelsiant atnaujinti.<\/p>\n<p>3.5. Pirk\u0117jas \u012fsipareigoja neperduoti tretiesiems asmenims savo prisijungimo duomen\u0173. O prarad\u0119s prisijungimo duomenis, privalo nedelsiant informuoti apie tai Pardav\u0117j\u0105.<\/p>\n<p>3.6. Pirk\u0117jas pateikdamas u\u017esakym\u0105 internetin\u0117je parduotuv\u0117je www.dombowties.com sutinka su \u0161iomis pirkimo \u2013 pardavimo Taisykl\u0117mis ir \u012fsipareigoja j\u0173 laikytis bei nepa\u017eeisti LR teis\u0117s akt\u0173.<\/p>\n<h5>4. Pardav\u0117jo teis\u0117s ir \u012fsipareigojimai.<\/h5>\n<p>4.1. Pardav\u0117jas \u012fsipareigoja sudaryti visas s\u0105lygas Pirk\u0117jui tinkamai naudotis internetin\u0117s parduotuv\u0117s www.dombowties.com teikiamomis paslaugomis.<\/p>\n<p>4.2. Jei Pirk\u0117jas bando pakenkti internetin\u0117s parduotuv\u0117s darbo stabilumui ir saugumui ar pa\u017eeid\u017eia savo \u012fsipareigojimus, Pardav\u0117jas turi teis\u0119 nedelsiant ir be persp\u0117jimo apriboti, sustabdyti ar panaikinti Pirk\u0117jo galimyb\u0119 naudotis internetine parduotuve.<\/p>\n<p>4.3. Pardav\u0117jas \u012fsipareigoja gerbti Pirk\u0117jo privatumo teis\u0119 \u012f Pirk\u0117jo priklausan\u010di\u0105 asmenin\u0119 informacij\u0105, nurodyt\u0105 registracijos formoje ir neperleisi jos tretiesiems asmenims.<\/p>\n<p>4.4. Pardav\u0117jas \u012fsipareigoja pristatyti Pirk\u0117jo u\u017esakytas prekes Pirk\u0117jo nurodytu adresu.<\/p>\n<h5>5. Preki\u0173 u\u017esakymas, kainos, atsiskaitymo tvarka, terminai.<\/h5>\n<p>5.1. Internetin\u0117je parduotuv\u0117je Pirk\u0117jas internetu gali pirkti 7 dienas per savait\u0119, 24 val. per par\u0105. U\u017esakymai telefonu, el. pa\u0161tu priimami nustatytomis darbo valandomis, kurie nurodyti puslapio kontakt\u0173 skiltyje.<\/p>\n<p>5.2. Sutartis laikoma \u012fsigaliojusia, kai Pirk\u0117jas paspaud\u017eia mygtuk\u0105 \u201eVykdyti u\u017esakym\u0105\u201c, o gav\u0119s u\u017esakym\u0105 Pardav\u0117jas j\u012f patvirtina atsi\u0173sdamas patvirtinimo lai\u0161k\u0105 Pirk\u0117jo nurodytu el. pa\u0161tu ar kitu sutartu b\u016bdu.<\/p>\n<p>5.3. Visos preki\u0173 kainos internetin\u0117je parduotuv\u0117je nurodytos\u00a0eurais.<\/p>\n<p>5.4. Pirk\u0117jas atsiskaityti u\u017e prekes gali naudojantis el. bankininkyst\u0117s sistema. Pinigus Pirk\u0117jas perveda \u012f MB \u201cPeteli\u0161ki\u0173 namai\u201d atsiskaitom\u0105sias s\u0105skaitas. Atsakomyb\u0117 u\u017e duomen\u0173 saugum\u0105 \u0161iuo atveju tenka atitinkamam bankui, kurio el. bankininkyst\u0117s sistemoje vyksta pinigin\u0117s operacijos. Arba atsiskaitydamas banko pavedimu, kai Pirk\u0117jas, atsispausdin\u0119s u\u017esakym\u0105 ir nu\u0117j\u0119s \u012f artimiausi\u0105 banko skyri\u0173, perveda pinigus \u012f el. parduotuv\u0117s banko s\u0105skait\u0105.<\/p>\n<p>5.5. Klientas \u012fsipareigoja u\u017e u\u017esakytas prekes atsiskaityti nedelsiant, prie\u0161ingu atveju, jis praranda teis\u0119 reik\u0161ti pretenzijas d\u0117l preki\u0173 pristatymo termin\u0173 pa\u017eeidimo, kadangi pagal Kliento u\u017esakym\u0105 preki\u0173 siuntinys pradedamas formuoti tik \u00a0MB \u201cPeteli\u0161ki\u0173 namai\u201d gavus apmok\u0117jim\u0105 u\u017e prekes.<\/p>\n<p>5.6. Pirk\u0117jui ne\u012fvykd\u017eius mok\u0117jimo arba pervedus tik dal\u012f pinig\u0173, u\u017esakymas yra at\u0161aukiamas. Jei pinigai buvo pervesti \u012f MB \u201cPeteli\u0161ki\u0173 namai\u201d atsiskaitom\u0105sias s\u0105skaitas, 7d. b\u0117gyje jie yra pervedami atgal pirk\u0117jui.<\/p>\n<h5>6. Preki\u0173 pristatymas.<\/h5>\n<p>6.1. Pirk\u0117jas, u\u017esakymo metu pasirink\u0119s preki\u0173 pristatymo paslaug\u0105, \u012fsipareigoja nurodyti tiksli\u0105 preki\u0173 pristatymo viet\u0105.<\/p>\n<p>6.2. Pirk\u0117jas \u012fsipareigoja prekes priimti pats. Tuo atveju, jei Pirk\u0117jas preki\u0173 pats priimti negali, o prek\u0117s pristatytos nurodytu adresu, Pirk\u0117jas neturi teis\u0117s reik\u0161ti Pardav\u0117jui pretenzij\u0173 d\u0117l preki\u0173 pristatymo netinkamam subjektui.<\/p>\n<p>6.3. Prekes pristato Pardav\u0117jo \u012fgaliotas atstovas (kurjeris) arba Pirk\u0117jas atsiima artimiausiame pa\u0161to skyriuje. Pirk\u0117jas prekes taip pat gali atsiimti Vilniuje, Stikli\u0173 g. 6 esan\u010dioje \u201cDom Bow Ties\u201d parduotuv\u0117je, prie\u0161 tai i\u0161 anksto informavus telefonu ar elektroniniu pa\u0161tu.<\/p>\n<p>6.4. Pardav\u0117jas gali taikyti nuolaidas pristatymui jeigu Pirk\u0117jas vir\u0161ija nustatyt\u0105 u\u017esakymo sum\u0105.<\/p>\n<p>6.5. Pardav\u0117jas pristato Pirk\u0117jui prekes vadovaudamasis preki\u0173 apra\u0161ymuose nurodytais terminais. I\u0161imtiniais atvejais preki\u0173 pateikimas gali v\u0117luoti d\u0117l nenumatyt\u0173, nuo Pardav\u0117jo nepriklausan\u010di\u0173 aplinkybi\u0173. Tokiu atveju Pardav\u0117jas \u012fsipareigoja nedelsiant susisiekti su Pirk\u0117ju ir suderinti preki\u0173 pristatymo s\u0105lygas.<\/p>\n<p>6.6. Visais atvejais Pardav\u0117jas atleid\u017eiamas nuo atsakomyb\u0117s u\u017e preki\u0173 pristatymo termin\u0173 pa\u017eeidim\u0105, jeigu prek\u0117s Pirk\u0117jui n\u0117ra pristatytos arba pristatomos ne laiku d\u0117l Pirk\u0117jo kalt\u0117s arba d\u0117l nuo Pardav\u0117jo nepriklausan\u010di\u0173 aplinkybi\u0173.<\/p>\n<p>6.7. Pirk\u0117jas privalo nedelsiant informuoti Pardav\u0117j\u0105, jeigu siunta pateikiama sulamdytoje arba kitu b\u016bdu pa\u017eeistoje pakuot\u0117je, jeigu siuntoje gautos neu\u017esakytos prek\u0117s arba netinkamas j\u0173 kiekis, nepilna prek\u0117s komplektacija.<\/p>\n<p>6.8. Pirk\u0117jas pristatymo metu pasteb\u0117j\u0119s pakuot\u0117s pa\u017eeidimus privalo apie tai informuoti Pardav\u0117j\u0105.<\/p>\n<h5>7. Preki\u0173 kokyb\u0117s, garantijos.<\/h5>\n<p>7.1. Visi internetin\u0117je parduotuv\u0117je www.dombowties.com parduodam\u0173 preki\u0173 duomenys nurodomi prie kiekvienos prek\u0117s esan\u010diame prek\u0117s apra\u0161yme.<\/p>\n<p>7.2. Pardav\u0117jas neatsako jei parduotuv\u0117je esan\u010di\u0173 preki\u0173 spalva, forma ar kiti parametrai neatitinka realaus preki\u0173 dyd\u017eio, form\u0173 ir spalv\u0173 d\u0117l Pirk\u0117jo naudojamo vaizduoklio ypatybi\u0173.<\/p>\n<p>7.3. Pardav\u0117jas atskiroms preki\u0173 r\u016b\u0161ims gali suteikti skirting\u0105 kokyb\u0117s garantij\u0105, kurios konkretus terminas ir kitos s\u0105lygos yra nurodomos prek\u0117s apra\u0161yme. Visais kitais atvejais prek\u0117ms galioja garantija, numatyta atitinkam\u0173 teis\u0117s akt\u0173.<\/p>\n<h5>8. Preki\u0173 gr\u0105\u017einimas ir keitimas.<\/h5>\n<p>8.1. Preki\u0173 pakeitimas ir gr\u0105\u017einimas galimi tik tada, kai kei\u010diamos ar gr\u0105\u017einamos prek\u0117s atitinka tokius reikalavimus:<\/p>\n<p>a) nebuvo naudojamos;<\/p>\n<p>b) nebuvo sugadintos;<\/p>\n<p>c) i\u0161saugotos preki\u0173 vartojamosios savyb\u0117s;<\/p>\n<p>d) neprarado prekin\u0117s i\u0161vaizdos.<\/p>\n<p>Pakuot\u0117s pakitimai, b\u016btini prekei ap\u017ei\u016br\u0117ti, nelaikomi esminiu sugadinimu ar prekin\u0117s i\u0161vaizdos praradimu. Visais atvejais prek\u0117s turi b\u016bti gr\u0105\u017einamos originalioje pakuot\u0117je.<\/p>\n<p>8.2. Daikt\u0173 keitimas arba gr\u0105\u017einamas atliekamas Klientui pateikus pageidavim\u0105 gr\u0105\u017einti prekes info@lietuviskospeteliskes.lt , ir gavus patvirtinim\u0105 apie prek\u0117s gr\u0105\u017einim\u0105 u\u017epild\u017eius nustatyt\u0105 form\u0105\u00a0 kurioje turi b\u016bti nurodoma, kas gr\u0105\u017einama ar kei\u010diama bei nurodoma gr\u0105\u017einimo arba keitimo prie\u017eastis.Tais atvejais, kai prek\u0117s kei\u010diamos ir tokio keitimo metu susidaro kain\u0173 skirtumas, Klientas privalo sumok\u0117ti \u201cDom Bow Ties\u201d tok\u012f kain\u0173 skirtum\u0105. Kain\u0173 skirtumas yra sumokamas pavedimu \u012f nurodyt\u0105 MB \u201cPeteli\u0161ki\u0173 namai\u201d banko s\u0105skait\u0105.<\/p>\n<p>8.3. Tais atvejais, kai \u201cDom Bow Ties\u201d neturi pakeitimui tinkam\u0173 daikt\u0173, Klientui gr\u0105\u017einama sumok\u0117ta suma, neskaitant kainos u\u017e pristatym\u0105, i\u0161skyrus atvejus, jei prek\u0117s gr\u0105\u017einamos d\u0117l to, kad jos nekokybi\u0161kos, nekompleksi\u0161kos ar pan. \u0160iuo atveju, \u201cDom Bow Ties\u201d gr\u0105\u017eina ir preki\u0173 pristatymo i\u0161laidas.<\/p>\n<p>8.4. Prek\u0117s gali b\u016bti kei\u010diamos arba gr\u0105\u017einamos tik tuo atveju, jeigu jos atitinka \u0161ios Taisykli\u0173 dalies 3 p. Numatytus reikalavimus. Sumok\u0117ta suma gr\u0105\u017einama pervedant pinigus \u012f pildant registracijos duomenis nurodyt\u0105 kliento s\u0105skait\u0105 ne v\u0117liau kaip per 14 dien\u0173 nuo gr\u0105\u017einimo formos pasira\u0161ymo.<\/p>\n<h5>9. Rinkodara ir informacija.<\/h5>\n<p>9.1. Pardav\u0117jas internetin\u0117je parduotuv\u0117je www.dombowties.com gali organizuoti \u012fvairias akcijas ir pasi\u016blymus.<\/p>\n<p>9.2. Pardav\u0117jas turi teis\u0119 viena\u0161ali\u0161kai, be atskiro \u012fsp\u0117jimo, pakeisti akcij\u0173 s\u0105lygas, taip pat jas panaikinti. Bet koks akcij\u0173 s\u0105lyg\u0173 ir tvarkos pakeitimas ar panaikinimas galioja nuo j\u0173 pakeitimo ar panaikinimo momento.<\/p>\n<p>9.3. Pardav\u0117jas visus prane\u0161imus siun\u010dia Pirk\u0117jo registracijos formoje nurodytomis susisiekimo priemon\u0117mis.<\/p>\n<p>9.4. Pirk\u0117jas visus prane\u0161imus ir klausimus siun\u010dia Pardav\u0117jo el. parduotuv\u0117s skyriuje \u201eKontaktai\u201c nurodytais telefonais ir el. pa\u0161to adresais.<\/p>\n<p>9.5. Pardav\u0117jas neatsako jei Pirk\u0117jas negauna siun\u010diam\u0173 informacini\u0173 ar patvirtinan\u010di\u0173 prane\u0161im\u0173 d\u0117l internetinio ry\u0161io, elektroninio pa\u0161to paslaug\u0173 tiek\u0117j\u0173 tinkl\u0173 sutrikim\u0173 ar Pirk\u0117jo neteisingai nurodyt\u0173 duomen\u0173.<\/p>\n<h5>10. Baigiamosios nuostatos.<\/h5>\n<p>10.1. \u0160ios preki\u0173 pirkimo \u2013 pardavimo Taisykl\u0117s sudarytos vadovaujantis LR \u012fstatymais ir teis\u0117s aktais.<\/p>\n<p>10.2. Visi nesutarimai, kil\u0119 d\u0117l \u0161i\u0173 Taisykli\u0173 vykdymo, sprend\u017eiami deryb\u0173 b\u016bdu. Nepavykus susitarti, gin\u010dai sprend\u017eiami LR \u012fstatym\u0173 nustatyta tvarka.<\/p>\n<p>10.3. Visi prane\u0161imai \u201cDom Bow Ties\u201d turi b\u016bti teikiami elektroniniu pa\u0161tu info@lietuviskospeteliskes.lt arba telefonu 862733328<\/p>\n<p>10.4. Sutartis sudaroma, vykdoma ir visas bendravimas tarp Kliento ir \u201cDom Bow Ties\u201d vyksta valstybine kalba.<\/p>","protected":false},"excerpt":{"rendered":"<p>PIRKIMO S\u0104LYGOS IR TAISYKL\u0116S 1. Bendrosios nuostatos. 1.1. \u0160ios preki\u0173 pirkimo \u2013 pardavimo taisykl\u0117s (toliau \u201eTaisykl\u0117s\u201c) yra \u0161alims privalomas teisinis dokumentas, kuriame nustatomos Pirk\u0117jo ir Pardav\u0117jo teis\u0117s bei pareigos, preki\u0173 \u012fsigijimo bei apmok\u0117jimo u\u017e jas s\u0105lygos, preki\u0173 pristatymo ir gr\u0105\u017einimo tvarka, \u0161ali\u0173 atsakomyb\u0117 bei kitos su preki\u0173 pirkimu \u2013 pardavimu internetin\u0117je parduotuv\u0117je www.dombowties.com susijusios nuostatos. [&hellip;]<\/p>","protected":false},"author":1,"featured_media":0,"parent":0,"menu_order":0,"comment_status":"closed","ping_status":"closed","template":"","meta":{"footnotes":""},"class_list":["post-10835","page","type-page","status-publish","hentry"],"yoast_head":"<!-- This site is optimized with the Yoast SEO plugin v25.5 - https:\/\/yoast.com\/wordpress\/plugins\/seo\/ -->\n<title>PIRKIMO S\u0104LYGOS IR TAISYKL\u0116S - Peteli&scaron;ki\u0173 namai | Dom Bow Ties<\/title>\n<meta name=\"robots\" content=\"index, follow, max-snippet:-1, max-image-preview:large, max-video-preview:-1\" \/>\n<link rel=\"canonical\" href=\"https:\/\/www.dombowties.com\/en\/pirkimo-salygos-ir-taisykles-2\/\" \/>\n<meta property=\"og:locale\" content=\"en_US\" \/>\n<meta property=\"og:type\" content=\"article\" \/>\n<meta property=\"og:title\" content=\"PIRKIMO S\u0104LYGOS IR TAISYKL\u0116S - Peteli&scaron;ki\u0173 namai | Dom Bow Ties\" \/>\n<meta property=\"og:description\" content=\"PIRKIMO S\u0104LYGOS IR TAISYKL\u0116S 1. Bendrosios nuostatos. 1.1. \u0160ios preki\u0173 pirkimo \u2013 pardavimo taisykl\u0117s (toliau \u201eTaisykl\u0117s\u201c) yra \u0161alims privalomas teisinis dokumentas, kuriame nustatomos Pirk\u0117jo ir Pardav\u0117jo teis\u0117s bei pareigos, preki\u0173 \u012fsigijimo bei apmok\u0117jimo u\u017e jas s\u0105lygos, preki\u0173 pristatymo ir gr\u0105\u017einimo tvarka, \u0161ali\u0173 atsakomyb\u0117 bei kitos su preki\u0173 pirkimu \u2013 pardavimu internetin\u0117je parduotuv\u0117je www.dombowties.com susijusios nuostatos. [&hellip;]\" \/>\n<meta property=\"og:url\" content=\"https:\/\/www.dombowties.com\/en\/pirkimo-salygos-ir-taisykles-2\/\" \/>\n<meta property=\"og:site_name\" content=\"Peteli&scaron;ki\u0173 namai | Dom Bow Ties\" \/>\n<meta property=\"article:modified_time\" content=\"2020-05-12T12:50:25+00:00\" \/>\n<meta name=\"twitter:card\" content=\"summary_large_image\" \/>\n<meta name=\"twitter:label1\" content=\"Est. reading time\" \/>\n\t<meta name=\"twitter:data1\" content=\"9 minutes\" \/>\n<script type=\"application\/ld+json\" class=\"yoast-schema-graph\">{\"@context\":\"https:\/\/schema.org\",\"@graph\":[{\"@type\":\"WebPage\",\"@id\":\"https:\/\/www.dombowties.com\/pirkimo-salygos-ir-taisykles-2\/\",\"url\":\"https:\/\/www.dombowties.com\/pirkimo-salygos-ir-taisykles-2\/\",\"name\":\"PIRKIMO S\u0104LYGOS IR TAISYKL\u0116S - Peteli&scaron;ki\u0173 namai | Dom Bow Ties\",\"isPartOf\":{\"@id\":\"https:\/\/www.dombowties.com\/#website\"},\"datePublished\":\"2020-05-12T08:56:24+00:00\",\"dateModified\":\"2020-05-12T12:50:25+00:00\",\"breadcrumb\":{\"@id\":\"https:\/\/www.dombowties.com\/pirkimo-salygos-ir-taisykles-2\/#breadcrumb\"},\"inLanguage\":\"en-US\",\"potentialAction\":[{\"@type\":\"ReadAction\",\"target\":[\"https:\/\/www.dombowties.com\/pirkimo-salygos-ir-taisykles-2\/\"]}]},{\"@type\":\"BreadcrumbList\",\"@id\":\"https:\/\/www.dombowties.com\/pirkimo-salygos-ir-taisykles-2\/#breadcrumb\",\"itemListElement\":[{\"@type\":\"ListItem\",\"position\":1,\"name\":\"Home\",\"item\":\"https:\/\/www.dombowties.com\/\"},{\"@type\":\"ListItem\",\"position\":2,\"name\":\"PIRKIMO S\u0104LYGOS IR TAISYKL\u0116S\"}]},{\"@type\":\"WebSite\",\"@id\":\"https:\/\/www.dombowties.com\/#website\",\"url\":\"https:\/\/www.dombowties.com\/\",\"name\":\"Peteli&scaron;ki\u0173 namai | Dom Bow Ties\",\"description\":\"Vyri&scaron;k\u0173 peteli&scaron;ki\u0173, s\u0105sag\u0173, kaklarai&scaron;\u010di\u0173 ir kit\u0173 vyri&scaron;k\u0173 aksesuar\u0173 parduotuv\u0117\",\"publisher\":{\"@id\":\"https:\/\/www.dombowties.com\/#organization\"},\"potentialAction\":[{\"@type\":\"SearchAction\",\"target\":{\"@type\":\"EntryPoint\",\"urlTemplate\":\"https:\/\/www.dombowties.com\/?s={search_term_string}\"},\"query-input\":{\"@type\":\"PropertyValueSpecification\",\"valueRequired\":true,\"valueName\":\"search_term_string\"}}],\"inLanguage\":\"en-US\"},{\"@type\":\"Organization\",\"@id\":\"https:\/\/www.dombowties.com\/#organization\",\"name\":\"Peteli\u0161ki\u0173 namai | Dom Bow Ties\",\"url\":\"https:\/\/www.dombowties.com\/\",\"logo\":{\"@type\":\"ImageObject\",\"inLanguage\":\"en-US\",\"@id\":\"https:\/\/www.dombowties.com\/#\/schema\/logo\/image\/\",\"url\":\"https:\/\/www.dombowties.com\/wp-content\/uploads\/2021\/06\/rsz_39154859_517797185342198_1243346040954814464_n.png\",\"contentUrl\":\"https:\/\/www.dombowties.com\/wp-content\/uploads\/2021\/06\/rsz_39154859_517797185342198_1243346040954814464_n.png\",\"width\":200,\"height\":56,\"caption\":\"Peteli\u0161ki\u0173 namai | Dom Bow Ties\"},\"image\":{\"@id\":\"https:\/\/www.dombowties.com\/#\/schema\/logo\/image\/\"}}]}<\/script>\n<!-- \/ Yoast SEO plugin. -->","yoast_head_json":{"title":"PIRKIMO S\u0104LYGOS IR TAISYKL\u0116S - Peteli&scaron;ki\u0173 namai | Dom Bow Ties","robots":{"index":"index","follow":"follow","max-snippet":"max-snippet:-1","max-image-preview":"max-image-preview:large","max-video-preview":"max-video-preview:-1"},"canonical":"https:\/\/www.dombowties.com\/en\/pirkimo-salygos-ir-taisykles-2\/","og_locale":"en_US","og_type":"article","og_title":"PIRKIMO S\u0104LYGOS IR TAISYKL\u0116S - Peteli&scaron;ki\u0173 namai | Dom Bow Ties","og_description":"PIRKIMO S\u0104LYGOS IR TAISYKL\u0116S 1. Bendrosios nuostatos. 1.1. \u0160ios preki\u0173 pirkimo \u2013 pardavimo taisykl\u0117s (toliau \u201eTaisykl\u0117s\u201c) yra \u0161alims privalomas teisinis dokumentas, kuriame nustatomos Pirk\u0117jo ir Pardav\u0117jo teis\u0117s bei pareigos, preki\u0173 \u012fsigijimo bei apmok\u0117jimo u\u017e jas s\u0105lygos, preki\u0173 pristatymo ir gr\u0105\u017einimo tvarka, \u0161ali\u0173 atsakomyb\u0117 bei kitos su preki\u0173 pirkimu \u2013 pardavimu internetin\u0117je parduotuv\u0117je www.dombowties.com susijusios nuostatos. [&hellip;]","og_url":"https:\/\/www.dombowties.com\/en\/pirkimo-salygos-ir-taisykles-2\/","og_site_name":"Peteli&scaron;ki\u0173 namai | Dom Bow Ties","article_modified_time":"2020-05-12T12:50:25+00:00","twitter_card":"summary_large_image","twitter_misc":{"Est. reading time":"9 minutes"},"schema":{"@context":"https:\/\/schema.org","@graph":[{"@type":"WebPage","@id":"https:\/\/www.dombowties.com\/pirkimo-salygos-ir-taisykles-2\/","url":"https:\/\/www.dombowties.com\/pirkimo-salygos-ir-taisykles-2\/","name":"PIRKIMO S\u0104LYGOS IR TAISYKL\u0116S - Peteli&scaron;ki\u0173 namai | Dom Bow Ties","isPartOf":{"@id":"https:\/\/www.dombowties.com\/#website"},"datePublished":"2020-05-12T08:56:24+00:00","dateModified":"2020-05-12T12:50:25+00:00","breadcrumb":{"@id":"https:\/\/www.dombowties.com\/pirkimo-salygos-ir-taisykles-2\/#breadcrumb"},"inLanguage":"en-US","potentialAction":[{"@type":"ReadAction","target":["https:\/\/www.dombowties.com\/pirkimo-salygos-ir-taisykles-2\/"]}]},{"@type":"BreadcrumbList","@id":"https:\/\/www.dombowties.com\/pirkimo-salygos-ir-taisykles-2\/#breadcrumb","itemListElement":[{"@type":"ListItem","position":1,"name":"Home","item":"https:\/\/www.dombowties.com\/"},{"@type":"ListItem","position":2,"name":"PIRKIMO S\u0104LYGOS IR TAISYKL\u0116S"}]},{"@type":"WebSite","@id":"https:\/\/www.dombowties.com\/#website","url":"https:\/\/www.dombowties.com\/","name":"Peteli&scaron;ki\u0173 namai | Dom Bow Ties","description":"Vyri&scaron;k\u0173 peteli&scaron;ki\u0173, s\u0105sag\u0173, kaklarai&scaron;\u010di\u0173 ir kit\u0173 vyri&scaron;k\u0173 aksesuar\u0173 parduotuv\u0117","publisher":{"@id":"https:\/\/www.dombowties.com\/#organization"},"potentialAction":[{"@type":"SearchAction","target":{"@type":"EntryPoint","urlTemplate":"https:\/\/www.dombowties.com\/?s={search_term_string}"},"query-input":{"@type":"PropertyValueSpecification","valueRequired":true,"valueName":"search_term_string"}}],"inLanguage":"en-US"},{"@type":"Organization","@id":"https:\/\/www.dombowties.com\/#organization","name":"Peteli\u0161ki\u0173 namai | Dom Bow Ties","url":"https:\/\/www.dombowties.com\/","logo":{"@type":"ImageObject","inLanguage":"en-US","@id":"https:\/\/www.dombowties.com\/#\/schema\/logo\/image\/","url":"https:\/\/www.dombowties.com\/wp-content\/uploads\/2021\/06\/rsz_39154859_517797185342198_1243346040954814464_n.png","contentUrl":"https:\/\/www.dombowties.com\/wp-content\/uploads\/2021\/06\/rsz_39154859_517797185342198_1243346040954814464_n.png","width":200,"height":56,"caption":"Peteli\u0161ki\u0173 namai | Dom Bow Ties"},"image":{"@id":"https:\/\/www.dombowties.com\/#\/schema\/logo\/image\/"}}]}},"_links":{"self":[{"href":"https:\/\/www.dombowties.com\/en\/wp-json\/wp\/v2\/pages\/10835","targetHints":{"allow":["GET"]}}],"collection":[{"href":"https:\/\/www.dombowties.com\/en\/wp-json\/wp\/v2\/pages"}],"about":[{"href":"https:\/\/www.dombowties.com\/en\/wp-json\/wp\/v2\/types\/page"}],"author":[{"embeddable":true,"href":"https:\/\/www.dombowties.com\/en\/wp-json\/wp\/v2\/users\/1"}],"replies":[{"embeddable":true,"href":"https:\/\/www.dombowties.com\/en\/wp-json\/wp\/v2\/comments?post=10835"}],"version-history":[{"count":0,"href":"https:\/\/www.dombowties.com\/en\/wp-json\/wp\/v2\/pages\/10835\/revisions"}],"wp:attachment":[{"href":"https:\/\/www.dombowties.com\/en\/wp-json\/wp\/v2\/media?parent=10835"}],"curies":[{"name":"wp","href":"https:\/\/api.w.org\/{rel}","templated":true}]}}